{"id":6232,"date":"2025-02-07T15:50:39","date_gmt":"2025-02-07T14:50:39","guid":{"rendered":"https:\/\/lanrel.eu\/?post_type=product&#038;p=6232"},"modified":"2025-02-24T09:52:42","modified_gmt":"2025-02-24T08:52:42","slug":"royal-canin-siamese-adult-karma-sucha-dla-kotow-doroslych-rasy-syjamskiej","status":"publish","type":"product","link":"https:\/\/www.lanrel.pl\/pl\/produkt\/royal-canin-siamese-adult-karma-sucha-dla-kotow-doroslych-rasy-syjamskiej\/","title":{"rendered":"ROYAL CANIN Siamese Adult karma sucha dla kot\u00f3w doros\u0142ych rasy syjamskiej"},"content":{"rendered":"<p><img fetchpriority=\"high\" decoding=\"async\" class=\"alignnone size-full wp-image-6241\" src=\"http:\/\/lanrel.eu\/wp-content\/uploads\/2025\/02\/01-2.png\" alt=\"\" width=\"1920\" height=\"633\" srcset=\"https:\/\/www.lanrel.pl\/wp-content\/uploads\/2025\/02\/01-2.png 1920w, https:\/\/www.lanrel.pl\/wp-content\/uploads\/2025\/02\/01-2-300x99.png 300w, https:\/\/www.lanrel.pl\/wp-content\/uploads\/2025\/02\/01-2-1024x338.png 1024w, https:\/\/www.lanrel.pl\/wp-content\/uploads\/2025\/02\/01-2-768x253.png 768w, https:\/\/www.lanrel.pl\/wp-content\/uploads\/2025\/02\/01-2-1536x506.png 1536w, https:\/\/www.lanrel.pl\/wp-content\/uploads\/2025\/02\/01-2-18x6.png 18w, https:\/\/www.lanrel.pl\/wp-content\/uploads\/2025\/02\/01-2-600x198.png 600w\" sizes=\"(max-width: 1920px) 100vw, 1920px\" \/><img decoding=\"async\" class=\"alignnone size-full wp-image-6243\" src=\"http:\/\/lanrel.eu\/wp-content\/uploads\/2025\/02\/03-2.png\" alt=\"\" width=\"1920\" height=\"771\" srcset=\"https:\/\/www.lanrel.pl\/wp-content\/uploads\/2025\/02\/03-2.png 1920w, https:\/\/www.lanrel.pl\/wp-content\/uploads\/2025\/02\/03-2-300x120.png 300w, https:\/\/www.lanrel.pl\/wp-content\/uploads\/2025\/02\/03-2-1024x411.png 1024w, https:\/\/www.lanrel.pl\/wp-content\/uploads\/2025\/02\/03-2-768x308.png 768w, https:\/\/www.lanrel.pl\/wp-content\/uploads\/2025\/02\/03-2-1536x617.png 1536w, https:\/\/www.lanrel.pl\/wp-content\/uploads\/2025\/02\/03-2-18x7.png 18w, https:\/\/www.lanrel.pl\/wp-content\/uploads\/2025\/02\/03-2-600x241.png 600w\" sizes=\"(max-width: 1920px) 100vw, 1920px\" \/><\/p>\n<p><img decoding=\"async\" class=\"alignnone size-full wp-image-6242\" src=\"http:\/\/lanrel.eu\/wp-content\/uploads\/2025\/02\/02-2.png\" alt=\"\" width=\"1920\" height=\"678\" srcset=\"https:\/\/www.lanrel.pl\/wp-content\/uploads\/2025\/02\/02-2.png 1920w, https:\/\/www.lanrel.pl\/wp-content\/uploads\/2025\/02\/02-2-300x106.png 300w, https:\/\/www.lanrel.pl\/wp-content\/uploads\/2025\/02\/02-2-1024x362.png 1024w, https:\/\/www.lanrel.pl\/wp-content\/uploads\/2025\/02\/02-2-768x271.png 768w, https:\/\/www.lanrel.pl\/wp-content\/uploads\/2025\/02\/02-2-1536x542.png 1536w, https:\/\/www.lanrel.pl\/wp-content\/uploads\/2025\/02\/02-2-18x6.png 18w, https:\/\/www.lanrel.pl\/wp-content\/uploads\/2025\/02\/02-2-600x212.png 600w\" sizes=\"(max-width: 1920px) 100vw, 1920px\" \/>Koty syjamskie charakteryzuj\u0105 si\u0119 elegancj\u0105 i inteligencj\u0105. W staro\u017cytnym Syjamie (obecnie Tajlandia) koty syjamskie by\u0142y wysoko cenione i chronione przez rodzin\u0119 kr\u00f3lewsk\u0105. Atletyczna budowa cia\u0142a kot\u00f3w syjamskich wymaga utrzymania optymalnej masy cia\u0142a przez ca\u0142e \u017cycie.<\/p>\n<p>Karma ROYAL CANIN\u00ae Siamese Adult zosta\u0142a opracowana specjalnie dla kot\u00f3w syjamskich. Wybieraj\u0105c rozwi\u0105zanie \u017cywieniowe opracowane specjalnie dla kot\u00f3w syjamskich, masz gwarancj\u0119, \u017ce kot otrzyma wszystkie potrzebne sk\u0142adniki pokarmowe.<\/p>\n<p><img loading=\"lazy\" decoding=\"async\" class=\"alignnone size-full wp-image-6244\" src=\"http:\/\/lanrel.eu\/wp-content\/uploads\/2025\/02\/04-2.png\" alt=\"\" width=\"1920\" height=\"1005\" srcset=\"https:\/\/www.lanrel.pl\/wp-content\/uploads\/2025\/02\/04-2.png 1920w, https:\/\/www.lanrel.pl\/wp-content\/uploads\/2025\/02\/04-2-300x157.png 300w, https:\/\/www.lanrel.pl\/wp-content\/uploads\/2025\/02\/04-2-1024x536.png 1024w, https:\/\/www.lanrel.pl\/wp-content\/uploads\/2025\/02\/04-2-768x402.png 768w, https:\/\/www.lanrel.pl\/wp-content\/uploads\/2025\/02\/04-2-1536x804.png 1536w, https:\/\/www.lanrel.pl\/wp-content\/uploads\/2025\/02\/04-2-18x9.png 18w, https:\/\/www.lanrel.pl\/wp-content\/uploads\/2025\/02\/04-2-600x314.png 600w\" sizes=\"(max-width: 1920px) 100vw, 1920px\" \/><\/p>\n<p>Karma ROYAL CANIN\u00ae Siamese Adult, opracowana specjalnie dla doros\u0142ych kot\u00f3w syjamskich, charakteryzuje si\u0119 zwi\u0119kszonym poziomem bia\u0142ka (38%), umiarkowanym poziomem t\u0142uszczu (16%), dzi\u0119ki czemu sprzyja utrzymaniu smuk\u0142ej i muskularnej sylwetki. Dodatek L-karnityny sprzyja lepszemu wykorzystaniu rezerw t\u0142uszczowych.<\/p>\n<p>Koty syjamskie maj\u0105 wra\u017cliwy przew\u00f3d pokarmowy, dlatego karma ROYAL CANIN\u00ae Siamese Adult zawiera wysokostrawne bia\u0142ka oraz prebiotyki sprzyjaj\u0105ce r\u00f3wnowadze flory bakteryjnej jelit.<\/p>\n<p>Zr\u00f3wnowa\u017cona zawarto\u015b\u0107 soli mineralnych w karmie wp\u0142ywa korzystanie na uk\u0142ad moczowy kot\u00f3w. Aby utrzyma\u0107 zdrow\u0105 sk\u00f3r\u0119 i b\u0142yszcz\u0105c\u0105 sier\u015b\u0107, karma ROYAL CANIN\u00ae Siamese Adult charakteryzuje si\u0119 zawarto\u015bci\u0105 specyficznych aminokwas\u00f3w, witamin, kwas\u00f3w t\u0142uszczowych omega 3 i omega 6. Sk\u0142adniki te maj\u0105 wp\u0142yw na zdrowie sk\u00f3ry.<\/p>\n<p><img loading=\"lazy\" decoding=\"async\" class=\"alignnone size-full wp-image-6245\" src=\"http:\/\/lanrel.eu\/wp-content\/uploads\/2025\/02\/05-2.png\" alt=\"\" width=\"1920\" height=\"1112\" srcset=\"https:\/\/www.lanrel.pl\/wp-content\/uploads\/2025\/02\/05-2.png 1920w, https:\/\/www.lanrel.pl\/wp-content\/uploads\/2025\/02\/05-2-300x174.png 300w, https:\/\/www.lanrel.pl\/wp-content\/uploads\/2025\/02\/05-2-1024x593.png 1024w, https:\/\/www.lanrel.pl\/wp-content\/uploads\/2025\/02\/05-2-768x445.png 768w, https:\/\/www.lanrel.pl\/wp-content\/uploads\/2025\/02\/05-2-1536x890.png 1536w, https:\/\/www.lanrel.pl\/wp-content\/uploads\/2025\/02\/05-2-18x10.png 18w, https:\/\/www.lanrel.pl\/wp-content\/uploads\/2025\/02\/05-2-600x348.png 600w\" sizes=\"(max-width: 1920px) 100vw, 1920px\" \/><\/p>\n<p><strong>Zalety:<\/strong><\/p>\n<p style=\"padding-left: 40px;\"><strong>Utrzymanie muskularnej i smuk\u0142ej sylwetki\uff1a<\/strong><\/p>\n<p style=\"padding-left: 40px;\">Wysoki poziom najwy\u017cszej jako\u015bci bia\u0142ka (38%), optymalna ilo\u015b\u0107 kwas\u00f3w t\u0142uszczowych (16%) oraz wysoka zawarto\u015b\u0107 L-karnityny, pobudzaj\u0105cej metabolizm t\u0142uszczy, zapewnia kotu muskularn\u0105 i smuk\u0142\u0105 sylwetk\u0119.<\/p>\n<p style=\"padding-left: 40px;\"><strong>Ochrona przewodu pokarmowego\uff1a<\/strong><\/p>\n<p style=\"padding-left: 40px;\">Highly digestible protein (L.I.P.*) to support healthy digestion, and prebiotics to promote a balance in the intestinal flora. *L.I.P.: protein selected for its very high digestibility.<\/p>\n<p style=\"padding-left: 40px;\"><strong>Zdrowa sk\u00f3ra i l\u015bni\u0105ca sier\u015b\u0107\uff1a<\/strong><\/p>\n<p style=\"padding-left: 40px;\">Wzmocnienie nieprzepuszczalno\u015bci bariery sk\u00f3rnej oraz poprawa wybarwienia, po\u0142ysku i jako\u015bci w\u0142osa, dzi\u0119ki dzia\u0142aniu kwas\u00f3w t\u0142uszczowych, aminokwas\u00f3w siarkowych oraz witamin.<\/p>\n<p style=\"padding-left: 40px;\"><strong>Ochrona uk\u0142adu moczowego\uff1a<\/strong><\/p>\n<p style=\"padding-left: 40px;\">Formulated with a balance of minerals to help maintain the health of an adult cat\u2019s urinary system.<\/p>\n<p><img loading=\"lazy\" decoding=\"async\" class=\"alignnone size-full wp-image-6246\" src=\"http:\/\/lanrel.eu\/wp-content\/uploads\/2025\/02\/06-2.png\" alt=\"\" width=\"1920\" height=\"750\" srcset=\"https:\/\/www.lanrel.pl\/wp-content\/uploads\/2025\/02\/06-2.png 1920w, https:\/\/www.lanrel.pl\/wp-content\/uploads\/2025\/02\/06-2-300x117.png 300w, https:\/\/www.lanrel.pl\/wp-content\/uploads\/2025\/02\/06-2-1024x400.png 1024w, https:\/\/www.lanrel.pl\/wp-content\/uploads\/2025\/02\/06-2-768x300.png 768w, https:\/\/www.lanrel.pl\/wp-content\/uploads\/2025\/02\/06-2-1536x600.png 1536w, https:\/\/www.lanrel.pl\/wp-content\/uploads\/2025\/02\/06-2-18x7.png 18w, https:\/\/www.lanrel.pl\/wp-content\/uploads\/2025\/02\/06-2-600x234.png 600w\" sizes=\"(max-width: 1920px) 100vw, 1920px\" \/><strong>Specjalnie opracowany krokiet<\/strong><\/p>\n<p>Unikalny kszta\u0142t krokieta, dostosowany do budowy szcz\u0119k kot\u00f3w syjamskich, u\u0142atwia chwytanie, zach\u0119ca do rozgryzania karmy oraz sprzyja higienie jamy ustnej.<\/p>\n<p><img loading=\"lazy\" decoding=\"async\" class=\"alignnone size-full wp-image-6247\" src=\"http:\/\/lanrel.eu\/wp-content\/uploads\/2025\/02\/07-2.png\" alt=\"\" width=\"1920\" height=\"1329\" srcset=\"https:\/\/www.lanrel.pl\/wp-content\/uploads\/2025\/02\/07-2.png 1920w, https:\/\/www.lanrel.pl\/wp-content\/uploads\/2025\/02\/07-2-300x208.png 300w, https:\/\/www.lanrel.pl\/wp-content\/uploads\/2025\/02\/07-2-1024x709.png 1024w, https:\/\/www.lanrel.pl\/wp-content\/uploads\/2025\/02\/07-2-768x532.png 768w, https:\/\/www.lanrel.pl\/wp-content\/uploads\/2025\/02\/07-2-1536x1063.png 1536w, https:\/\/www.lanrel.pl\/wp-content\/uploads\/2025\/02\/07-2-18x12.png 18w, https:\/\/www.lanrel.pl\/wp-content\/uploads\/2025\/02\/07-2-600x415.png 600w\" sizes=\"(max-width: 1920px) 100vw, 1920px\" \/><\/p>\n<p>Misj\u0105 ROYAL CANIN\u00ae jest zapewnianie rozwi\u0105za\u0144 \u017cywieniowych dostosowanych do potrzeb zwierz\u0105t. Wszystkie nasze produkty przechodz\u0105 liczne kontrole jako\u015bci, aby sprosta\u0107 najwy\u017cszym standardom marki i dostarczy\u0107 kotu pokarm dostosowany do jego potrzeb \u017cywieniowych. ROYAL CANIN\u00ae Siamese Adult jest karm\u0105 pe\u0142noporcjow\u0105.<\/p>\n<p><img loading=\"lazy\" decoding=\"async\" class=\"alignnone size-full wp-image-6248\" src=\"http:\/\/lanrel.eu\/wp-content\/uploads\/2025\/02\/08-2.png\" alt=\"\" width=\"1920\" height=\"1173\" srcset=\"https:\/\/www.lanrel.pl\/wp-content\/uploads\/2025\/02\/08-2.png 1920w, https:\/\/www.lanrel.pl\/wp-content\/uploads\/2025\/02\/08-2-300x183.png 300w, https:\/\/www.lanrel.pl\/wp-content\/uploads\/2025\/02\/08-2-1024x626.png 1024w, https:\/\/www.lanrel.pl\/wp-content\/uploads\/2025\/02\/08-2-768x469.png 768w, https:\/\/www.lanrel.pl\/wp-content\/uploads\/2025\/02\/08-2-1536x938.png 1536w, https:\/\/www.lanrel.pl\/wp-content\/uploads\/2025\/02\/08-2-18x12.png 18w, https:\/\/www.lanrel.pl\/wp-content\/uploads\/2025\/02\/08-2-600x367.png 600w\" sizes=\"(max-width: 1920px) 100vw, 1920px\" \/><\/p>\n<h2>WARTO\u015aCI OD\u017bYWCZE<\/h2>\n<div data-testid=\"product-nutrition-content\" aria-expanded=\"true\"><strong>SK\u0141AD<\/strong><\/div>\n<div data-testid=\"product-nutrition-content\" aria-expanded=\"true\"><\/div>\n<div class=\"sc-cwHptR iRzDne\" data-testid=\"product-nutrition-content\" aria-expanded=\"true\">suszone bia\u0142ka drobiowe, gluten pszenny*, kukurydza, pszenica, t\u0142uszcze zwierz\u0119ce, hydrolizowane bia\u0142ka zwierz\u0119ce, gluten kukurydziany, ry\u017c, wys\u0142odki buraczane, minera\u0142y, olej z ryb, produkty dro\u017cd\u017cy, olej sojowy, fruktooligosacharydy, dro\u017cd\u017ce (\u017ar\u00f3d\u0142o mannooligosacharyd\u00f3w), olej z og\u00f3recznika, m\u0105czka z aksamitki. *L.I.P.: bia\u0142ko wyselekcjonowane ze wzgl\u0119du na bardzo wysok\u0105 strawno\u015b\u0107.<\/div>\n<div data-testid=\"product-nutrition-content\" aria-expanded=\"true\"><\/div>\n<div data-testid=\"product-nutrition-content\" aria-expanded=\"true\"><strong>DODATKI<\/strong><\/div>\n<div data-testid=\"product-nutrition-content\" aria-expanded=\"true\">\n<div class=\"sc-dhKdcB kJNutb\"><\/div>\n<div class=\"sc-cwHptR iRzDne\" data-testid=\"product-nutrition-content\" aria-expanded=\"true\">DODATKI (na 1 kg karmy): Dodatki dietetyczne: Witamina A: 31500 UI, Witamina D3: 841 UI, \u017belazo (3b103): 38 mg, Jod (3b201, 3b202): 3,8 mg, Mied\u017a (3b405, 3b406): 12 mg, Mangan (3b502, 3b504): 50 mg, Cynk (3b603, 3b605, 3b606): 137 mg, Selen (3b801, 3b811, 3b812): 0,08 mg &#8211; Dodatki technologiczne: Klinoptylolit pochodzenia osadowego: 10 g &#8211; Przeciwutleniacze.<\/div>\n<\/div>\n<div data-testid=\"product-nutrition-content\" aria-expanded=\"true\"><\/div>\n<div data-testid=\"product-nutrition-content\" aria-expanded=\"true\"><strong>SK\u0141ADNIKI ANALITYCZNE<\/strong><\/div>\n<div data-testid=\"product-nutrition-content\" aria-expanded=\"true\">\n<div class=\"sc-dhKdcB kJNutb\"><\/div>\n<div class=\"sc-cwHptR iRzDne\" data-testid=\"product-nutrition-content\" aria-expanded=\"true\">Bia\u0142ko surowe: 38,0% &#8211; W\u0142\u00f3kno surowe: 1,4% &#8211; Oleje i t\u0142uszcze surowe: 16,0% &#8211; Popi\u00f3\u0142 surowy: 7,9% &#8211; Kwasy t\u0142uszczowe omega-6: 3,8% &#8211; Kwasy t\u0142uszczowe omega-3: 0,7% &#8211; L-karnityna: 50 mg\/kg.<\/div>\n<div data-testid=\"product-nutrition-content\" aria-expanded=\"true\"><\/div>\n<\/div>\n<div data-testid=\"product-nutrition-content\" aria-expanded=\"true\"><strong>DAWKOWANIE<\/strong><\/div>\n<div data-testid=\"product-nutrition-content\" aria-expanded=\"true\">patrz tabela. Najlepiej wykorzysta\u0107 przed: patrz data wa\u017cno\u015bci. Data wa\u017cno\u015bci, numer partii i numer rejestracyjny zak\u0142adu znajduj\u0105 si\u0119 na opakowaniu. Przechowywa\u0107 w suchym i ch\u0142odnym miejscu.<\/div>\n<div data-testid=\"product-nutrition-content\" aria-expanded=\"true\">\n<table style=\"height: 415px;\" width=\"1145\">\n<thead>\n<tr>\n<td>\n<p style=\"text-align: center;\"><strong>Waga kota<\/strong><\/p>\n<\/td>\n<td style=\"text-align: center;\"><strong>Niedowaga<\/strong><\/td>\n<td style=\"text-align: center;\"><strong>Idealna waga<\/strong><\/td>\n<td>\n<p style=\"text-align: center;\"><strong>Nadwaga<\/strong><\/p>\n<\/td>\n<\/tr>\n<\/thead>\n<tbody>\n<tr>\n<td>\n<p style=\"text-align: center;\">2 kg<\/p>\n<\/td>\n<td style=\"text-align: center;\">35 g<\/td>\n<td style=\"text-align: center;\">30 g<\/td>\n<td style=\"text-align: center;\">&#8211;<\/td>\n<\/tr>\n<tr>\n<td>\n<p style=\"text-align: center;\">3 kg<\/p>\n<\/td>\n<td style=\"text-align: center;\">55 g<\/td>\n<td style=\"text-align: center;\">40 g<\/td>\n<td style=\"text-align: center;\">&#8211;<\/td>\n<\/tr>\n<tr>\n<td style=\"text-align: center;\">4 kg<\/td>\n<td style=\"text-align: center;\">70 g<\/td>\n<td style=\"text-align: center;\">55 g<\/td>\n<td>\n<p style=\"text-align: center;\">45 g<\/p>\n<\/td>\n<\/tr>\n<tr>\n<td>\n<p style=\"text-align: center;\">5 kg<\/p>\n<\/td>\n<td style=\"text-align: center;\">&#8211;<\/td>\n<td style=\"text-align: center;\">70 g<\/td>\n<td style=\"text-align: center;\">55 g<\/td>\n<\/tr>\n<tr>\n<td style=\"text-align: center;\">6 kg<\/td>\n<td style=\"text-align: center;\">&#8211;<\/td>\n<td>\n<p style=\"text-align: center;\">85 g<\/p>\n<\/td>\n<td>\n<p style=\"text-align: center;\">70 g<\/p>\n<\/td>\n<\/tr>\n<tr>\n<td style=\"text-align: center;\">7 + kg<\/td>\n<td style=\"text-align: center;\">&#8211;<\/td>\n<td style=\"text-align: center;\">&#8211;<\/td>\n<td>\n<p style=\"text-align: center;\">80 g<\/p>\n<\/td>\n<\/tr>\n<\/tbody>\n<\/table>\n<\/div>\n<div data-testid=\"product-nutrition-content\" aria-expanded=\"true\"><\/div>\n<div data-testid=\"product-nutrition-content\" aria-expanded=\"true\"><\/div>","protected":false},"excerpt":{"rendered":"<p>Karma dla doros\u0142ych kot\u00f3w rasy syjamskiej, powy\u017cej 12 miesi\u0105ca \u017cycia.<\/p>\n<p>Marka: Royal Canin<\/p>\n<p>Faza \u017cycia:: Doros\u0142y<\/p>","protected":false},"featured_media":6240,"comment_status":"open","ping_status":"closed","template":"","meta":{"om_disable_all_campaigns":false,"inline_featured_image":false},"product_brand":[],"product_cat":[42,92,90],"product_tag":[],"class_list":{"0":"post-6232","1":"product","2":"type-product","3":"status-publish","4":"has-post-thumbnail","6":"product_cat-cat-food","7":"product_cat-koty-rasowe","8":"product_cat-royal-canin","10":"first","11":"outofstock","12":"taxable","13":"shipping-taxable","14":"purchasable","15":"product-type-variable"},"_links":{"self":[{"href":"https:\/\/www.lanrel.pl\/pl\/wp-json\/wp\/v2\/product\/6232","targetHints":{"allow":["GET"]}}],"collection":[{"href":"https:\/\/www.lanrel.pl\/pl\/wp-json\/wp\/v2\/product"}],"about":[{"href":"https:\/\/www.lanrel.pl\/pl\/wp-json\/wp\/v2\/types\/product"}],"replies":[{"embeddable":true,"href":"https:\/\/www.lanrel.pl\/pl\/wp-json\/wp\/v2\/comments?post=6232"}],"wp:featuredmedia":[{"embeddable":true,"href":"https:\/\/www.lanrel.pl\/pl\/wp-json\/wp\/v2\/media\/6240"}],"wp:attachment":[{"href":"https:\/\/www.lanrel.pl\/pl\/wp-json\/wp\/v2\/media?parent=6232"}],"wp:term":[{"taxonomy":"product_brand","embeddable":true,"href":"https:\/\/www.lanrel.pl\/pl\/wp-json\/wp\/v2\/product_brand?post=6232"},{"taxonomy":"product_cat","embeddable":true,"href":"https:\/\/www.lanrel.pl\/pl\/wp-json\/wp\/v2\/product_cat?post=6232"},{"taxonomy":"product_tag","embeddable":true,"href":"https:\/\/www.lanrel.pl\/pl\/wp-json\/wp\/v2\/product_tag?post=6232"}],"curies":[{"name":"wp","href":"https:\/\/api.w.org\/{rel}","templated":true}]}}