{"id":6212,"date":"2025-02-07T12:18:21","date_gmt":"2025-02-07T11:18:21","guid":{"rendered":"https:\/\/lanrel.eu\/?post_type=product&#038;p=6212"},"modified":"2025-10-19T20:30:33","modified_gmt":"2025-10-19T18:30:33","slug":"royal-canin-ragdoll-adult-karma-sucha-dla-kotow-doroslych-rasy-ragdoll","status":"publish","type":"product","link":"https:\/\/www.lanrel.pl\/pl\/produkt\/royal-canin-ragdoll-adult-karma-sucha-dla-kotow-doroslych-rasy-ragdoll\/","title":{"rendered":"ROYAL CANIN Ragdoll Adult karma sucha dla kot\u00f3w doros\u0142ych rasy ragdoll"},"content":{"rendered":"<p><img fetchpriority=\"high\" decoding=\"async\" class=\"alignnone size-full wp-image-6221\" src=\"http:\/\/lanrel.eu\/wp-content\/uploads\/2025\/02\/01-1.png\" alt=\"\" width=\"1920\" height=\"645\" srcset=\"https:\/\/www.lanrel.pl\/wp-content\/uploads\/2025\/02\/01-1.png 1920w, https:\/\/www.lanrel.pl\/wp-content\/uploads\/2025\/02\/01-1-300x101.png 300w, https:\/\/www.lanrel.pl\/wp-content\/uploads\/2025\/02\/01-1-1024x344.png 1024w, https:\/\/www.lanrel.pl\/wp-content\/uploads\/2025\/02\/01-1-768x258.png 768w, https:\/\/www.lanrel.pl\/wp-content\/uploads\/2025\/02\/01-1-1536x516.png 1536w, https:\/\/www.lanrel.pl\/wp-content\/uploads\/2025\/02\/01-1-18x6.png 18w, https:\/\/www.lanrel.pl\/wp-content\/uploads\/2025\/02\/01-1-600x202.png 600w\" sizes=\"(max-width: 1920px) 100vw, 1920px\" \/><\/p>\n<p><img decoding=\"async\" class=\"alignnone size-full wp-image-6224\" src=\"http:\/\/lanrel.eu\/wp-content\/uploads\/2025\/02\/04-1.png\" alt=\"\" width=\"1920\" height=\"1024\" srcset=\"https:\/\/www.lanrel.pl\/wp-content\/uploads\/2025\/02\/04-1.png 1920w, https:\/\/www.lanrel.pl\/wp-content\/uploads\/2025\/02\/04-1-300x160.png 300w, https:\/\/www.lanrel.pl\/wp-content\/uploads\/2025\/02\/04-1-1024x546.png 1024w, https:\/\/www.lanrel.pl\/wp-content\/uploads\/2025\/02\/04-1-768x410.png 768w, https:\/\/www.lanrel.pl\/wp-content\/uploads\/2025\/02\/04-1-1536x819.png 1536w, https:\/\/www.lanrel.pl\/wp-content\/uploads\/2025\/02\/04-1-18x10.png 18w, https:\/\/www.lanrel.pl\/wp-content\/uploads\/2025\/02\/04-1-600x320.png 600w\" sizes=\"(max-width: 1920px) 100vw, 1920px\" \/><img decoding=\"async\" class=\"alignnone size-full wp-image-6223\" src=\"http:\/\/lanrel.eu\/wp-content\/uploads\/2025\/02\/03-1.png\" alt=\"\" width=\"1920\" height=\"792\" srcset=\"https:\/\/www.lanrel.pl\/wp-content\/uploads\/2025\/02\/03-1.png 1920w, https:\/\/www.lanrel.pl\/wp-content\/uploads\/2025\/02\/03-1-300x124.png 300w, https:\/\/www.lanrel.pl\/wp-content\/uploads\/2025\/02\/03-1-1024x422.png 1024w, https:\/\/www.lanrel.pl\/wp-content\/uploads\/2025\/02\/03-1-768x317.png 768w, https:\/\/www.lanrel.pl\/wp-content\/uploads\/2025\/02\/03-1-1536x634.png 1536w, https:\/\/www.lanrel.pl\/wp-content\/uploads\/2025\/02\/03-1-18x7.png 18w, https:\/\/www.lanrel.pl\/wp-content\/uploads\/2025\/02\/03-1-600x248.png 600w\" sizes=\"(max-width: 1920px) 100vw, 1920px\" \/><\/p>\n<p>Koty rasy ragdoll zosta\u0142y wyhodowane w latach 60. ubieg\u0142ego wieku przez ameryka\u0144sk\u0105 hodowczyni\u0119, aich nazwa wi\u0105\u017ce si\u0119 z wiotczeniem mi\u0119\u015bni i zwisaniu jak szmaciana lalka po wzi\u0119ciu ich na r\u0119ce.<\/p>\n<p>Koty rasy ragdoll to pi\u0119kne zwierz\u0119ta o urzekaj\u0105cych oczach i delikatnej, jedwabistej sier\u015bci. Ragdolle to koty towarzyskie, lubi\u0105 kontakt z cz\u0142owiekiem, ale nigdy nie s\u0105 natr\u0119tne.<\/p>\n<p>Wyj\u0105tkowo mi\u0119kka i delikatna sier\u015b\u0107 kot\u00f3w rasy ragdoll wymaga starannej piel\u0119gnacji, zw\u0142aszcza wok\u00f3\u0142 szyi, gdzie jest najd\u0142u\u017csza i g\u0119sta.<\/p>\n<p><img loading=\"lazy\" decoding=\"async\" class=\"alignnone size-full wp-image-6222\" src=\"http:\/\/lanrel.eu\/wp-content\/uploads\/2025\/02\/02-1.png\" alt=\"\" width=\"1920\" height=\"660\" srcset=\"https:\/\/www.lanrel.pl\/wp-content\/uploads\/2025\/02\/02-1.png 1920w, https:\/\/www.lanrel.pl\/wp-content\/uploads\/2025\/02\/02-1-300x103.png 300w, https:\/\/www.lanrel.pl\/wp-content\/uploads\/2025\/02\/02-1-1024x352.png 1024w, https:\/\/www.lanrel.pl\/wp-content\/uploads\/2025\/02\/02-1-768x264.png 768w, https:\/\/www.lanrel.pl\/wp-content\/uploads\/2025\/02\/02-1-1536x528.png 1536w, https:\/\/www.lanrel.pl\/wp-content\/uploads\/2025\/02\/02-1-18x6.png 18w, https:\/\/www.lanrel.pl\/wp-content\/uploads\/2025\/02\/02-1-600x206.png 600w\" sizes=\"(max-width: 1920px) 100vw, 1920px\" \/><\/p>\n<p><img loading=\"lazy\" decoding=\"async\" class=\"alignnone size-full wp-image-6225\" src=\"http:\/\/lanrel.eu\/wp-content\/uploads\/2025\/02\/05-1.png\" alt=\"\" width=\"1920\" height=\"1096\" srcset=\"https:\/\/www.lanrel.pl\/wp-content\/uploads\/2025\/02\/05-1.png 1920w, https:\/\/www.lanrel.pl\/wp-content\/uploads\/2025\/02\/05-1-300x171.png 300w, https:\/\/www.lanrel.pl\/wp-content\/uploads\/2025\/02\/05-1-1024x585.png 1024w, https:\/\/www.lanrel.pl\/wp-content\/uploads\/2025\/02\/05-1-768x438.png 768w, https:\/\/www.lanrel.pl\/wp-content\/uploads\/2025\/02\/05-1-1536x877.png 1536w, https:\/\/www.lanrel.pl\/wp-content\/uploads\/2025\/02\/05-1-18x10.png 18w, https:\/\/www.lanrel.pl\/wp-content\/uploads\/2025\/02\/05-1-600x343.png 600w\" sizes=\"(max-width: 1920px) 100vw, 1920px\" \/><\/p>\n<p>Karma ROYAL CANIN\u00ae Ragdoll Adult dla kot\u00f3w doros\u0142ych powy\u017cej 12 miesi\u0105ca \u017cycia, pomaga utrzyma\u0107 zdrow\u0105 sk\u00f3r\u0119 i pi\u0119kn\u0105 sier\u015b\u0107, dzi\u0119ki wyj\u0105tkowej kompozycji sk\u0142adnik\u00f3w pokarmowych, w tym aminokwas\u00f3w, witamin oraz kwas\u00f3w t\u0142uszczowych omega 3 i omega 6.<\/p>\n<p>Dzi\u0119ki optymalnej zawarto\u015bci tauryny, karma wspiera prawid\u0142ow\u0105 prac\u0119 serca kota.<\/p>\n<p>Ragdolle to du\u017ce koty, o mocnym ko\u015b\u0107cu, dlatego karma ROYAL CANIN\u00ae Ragdoll Adult wzbogacona zosta\u0142a w kwasy t\u0142uszczowe EPA i DHA (kt\u00f3rych \u017ar\u00f3d\u0142em jest olej rybi), kt\u00f3re sprzyjaj\u0105 mocnym<\/p>\n<p>ko\u015bciom i ochronie struktur stawowych. Karma wspiera prawid\u0142owe funkcjonowanie uk\u0142adu moczowego, dzi\u0119ki r\u00f3wnowadze soli mineralnych.<\/p>\n<p><strong>Zalety:<\/strong><\/p>\n<p style=\"padding-left: 40px;\"><strong>Zdrowa sk\u00f3ra i sier\u015b\u0107:<\/strong><\/p>\n<div class=\"sc-fqkvVR grmmWd\" data-qa=\"product-benefits-item\">\n<div class=\"sc-dcJsrY dwHOrx\">\n<p class=\"sc-gsFSXq eusNcO\" style=\"padding-left: 40px;\" data-qa=\"product-benefits-item-text\">Wzmocnienie nieprzepuszczalno\u015bci bariery sk\u00f3rnej oraz poprawa wybarwienia, po\u0142ysku i jako\u015bci w\u0142osa, dzi\u0119ki dzia\u0142aniu kwas\u00f3w t\u0142uszczowych omega 3 oraz kwas\u00f3w t\u0142uszczowych omega 6.<\/p>\n<\/div>\n<\/div>\n<p style=\"padding-left: 40px;\"><strong>Ochrona serca:<\/strong><\/p>\n<p style=\"padding-left: 40px;\">Wspieranie prawid\u0142owej pracy mi\u0119\u015bnia sercowego, dzi\u0119ki optymalnej zawarto\u015bci tauryny i kwas\u00f3w t\u0142uszczowych EPA-DHA.<\/p>\n<p style=\"padding-left: 40px;\"><strong>Zdrowe ko\u015bci i stawy:<\/strong><\/p>\n<p style=\"padding-left: 40px;\">Receptura karmy sprzyja mocnym ko\u015bciom oraz ochronie struktur stawowych, dzi\u0119ki zawarto\u015bci kwas\u00f3w t\u0142uszczowych omega 3, glukozaminy i chondroityny.<\/p>\n<p style=\"padding-left: 40px;\"><strong>Ochrona uk\u0142adu moczowego:<\/strong><\/p>\n<p style=\"padding-left: 40px;\">Wspieranie prawid\u0142owego funkcjonowania uk\u0142adu moczowego.<\/p>\n<p><img loading=\"lazy\" decoding=\"async\" class=\"alignnone size-full wp-image-6226\" src=\"http:\/\/lanrel.eu\/wp-content\/uploads\/2025\/02\/06-1.png\" alt=\"\" width=\"1920\" height=\"727\" srcset=\"https:\/\/www.lanrel.pl\/wp-content\/uploads\/2025\/02\/06-1.png 1920w, https:\/\/www.lanrel.pl\/wp-content\/uploads\/2025\/02\/06-1-300x114.png 300w, https:\/\/www.lanrel.pl\/wp-content\/uploads\/2025\/02\/06-1-1024x388.png 1024w, https:\/\/www.lanrel.pl\/wp-content\/uploads\/2025\/02\/06-1-768x291.png 768w, https:\/\/www.lanrel.pl\/wp-content\/uploads\/2025\/02\/06-1-1536x582.png 1536w, https:\/\/www.lanrel.pl\/wp-content\/uploads\/2025\/02\/06-1-18x7.png 18w, https:\/\/www.lanrel.pl\/wp-content\/uploads\/2025\/02\/06-1-600x227.png 600w\" sizes=\"(max-width: 1920px) 100vw, 1920px\" \/><strong>Specjalnie opracowany krokiet:<\/strong><\/p>\n<p style=\"padding-left: 40px;\">Unikalny kszta\u0142t krokieta \u201cTopaz 10\u201d, zosta\u0142 dostosowany do budowy kot\u00f3w rasy ragdoll, by u\u0142atwi\u0107 im chwytanie i rozgryzanie karmy.<\/p>\n<p><img loading=\"lazy\" decoding=\"async\" class=\"alignnone size-full wp-image-6227\" src=\"http:\/\/lanrel.eu\/wp-content\/uploads\/2025\/02\/07-1.png\" alt=\"\" width=\"1920\" height=\"1304\" srcset=\"https:\/\/www.lanrel.pl\/wp-content\/uploads\/2025\/02\/07-1.png 1920w, https:\/\/www.lanrel.pl\/wp-content\/uploads\/2025\/02\/07-1-300x204.png 300w, https:\/\/www.lanrel.pl\/wp-content\/uploads\/2025\/02\/07-1-1024x695.png 1024w, https:\/\/www.lanrel.pl\/wp-content\/uploads\/2025\/02\/07-1-768x522.png 768w, https:\/\/www.lanrel.pl\/wp-content\/uploads\/2025\/02\/07-1-1536x1043.png 1536w, https:\/\/www.lanrel.pl\/wp-content\/uploads\/2025\/02\/07-1-18x12.png 18w, https:\/\/www.lanrel.pl\/wp-content\/uploads\/2025\/02\/07-1-370x250.png 370w, https:\/\/www.lanrel.pl\/wp-content\/uploads\/2025\/02\/07-1-600x408.png 600w\" sizes=\"(max-width: 1920px) 100vw, 1920px\" \/><img loading=\"lazy\" decoding=\"async\" class=\"alignnone size-full wp-image-6228\" src=\"http:\/\/lanrel.eu\/wp-content\/uploads\/2025\/02\/08-1.png\" alt=\"\" width=\"1920\" height=\"1195\" srcset=\"https:\/\/www.lanrel.pl\/wp-content\/uploads\/2025\/02\/08-1.png 1920w, https:\/\/www.lanrel.pl\/wp-content\/uploads\/2025\/02\/08-1-300x187.png 300w, https:\/\/www.lanrel.pl\/wp-content\/uploads\/2025\/02\/08-1-1024x637.png 1024w, https:\/\/www.lanrel.pl\/wp-content\/uploads\/2025\/02\/08-1-768x478.png 768w, https:\/\/www.lanrel.pl\/wp-content\/uploads\/2025\/02\/08-1-1536x956.png 1536w, https:\/\/www.lanrel.pl\/wp-content\/uploads\/2025\/02\/08-1-18x12.png 18w, https:\/\/www.lanrel.pl\/wp-content\/uploads\/2025\/02\/08-1-600x373.png 600w\" sizes=\"(max-width: 1920px) 100vw, 1920px\" \/><\/p>\n<h2>WARTO\u015aCI OD\u017bYWCZE<\/h2>\n<div data-testid=\"product-nutrition-content\" aria-expanded=\"true\"><strong>SK\u0141AD<\/strong><\/div>\n<div data-testid=\"product-nutrition-content\" aria-expanded=\"true\"><\/div>\n<div class=\"sc-cwHptR iRzDne\" data-testid=\"product-nutrition-content\" aria-expanded=\"true\">suszone bia\u0142ka drobiowe, kukurydza, gluten pszenny*, t\u0142uszcze zwierz\u0119ce, pszenica, gluten kukurydziany, hydrolizowane bia\u0142ka zwierz\u0119ce, ry\u017c, w\u0142\u00f3kno ro\u015blinne, m\u0105ka pszenna, pulpa z cykorii, minera\u0142y, olej sojowy, olej z ryb, produkty dro\u017cd\u017cy, fruktooligosacharydy, \u0142uski i nasiona psyllium, dro\u017cd\u017ce (\u017ar\u00f3d\u0142o mannooligosacharyd\u00f3w), olej z og\u00f3recznika, glukozamina uzyskana z fermentacji, m\u0105czka z aksamitki, hydrolizowana chrz\u0105stka (\u017ar\u00f3d\u0142o chondroityny). *L.I.P.: bia\u0142ko wyselekcjonowane ze wzgl\u0119du na bardzo wysok\u0105 strawno\u015b\u0107.<\/div>\n<div data-testid=\"product-nutrition-content\" aria-expanded=\"true\"><\/div>\n<div data-testid=\"product-nutrition-content\" aria-expanded=\"true\"><strong>DODATKI<\/strong><\/div>\n<div data-testid=\"product-nutrition-content\" aria-expanded=\"true\">\n<div class=\"sc-dhKdcB kJNutb\"><\/div>\n<div class=\"sc-cwHptR iRzDne\" data-testid=\"product-nutrition-content\" aria-expanded=\"true\">DODATKI (na 1 kg karmy): Dodatki dietetyczne: Witamina A: 34000 UI, Witamina D3: 840 UI, Tauryna: 2,9 g, \u017belazo (3b103): 39 mg, Jod (3b201, 3b202): 3,9 mg, Mied\u017a (3b405, 3b406): 12 mg, Mangan (3b502, 3b504): 51 mg, Cynk (3b603, 3b605, 3b606): 141 mg, Selen (3b801, 3b811, 3b812): 0,08 mg &#8211; Dodatki technologiczne: Klinoptylolit pochodzenia osadowego: 10 g &#8211; Przeciwutleniacze. *L.I.P.: bia\u0142ko wyselekcjonowane ze wzgl\u0119du na bardzo wysok\u0105 strawno\u015b\u0107.<\/div>\n<\/div>\n<div data-testid=\"product-nutrition-content\" aria-expanded=\"true\"><\/div>\n<div data-testid=\"product-nutrition-content\" aria-expanded=\"true\"><\/div>\n<div data-testid=\"product-nutrition-content\" aria-expanded=\"true\"><strong>SK\u0141ADNIKI ANALITYCZNE<\/strong><\/div>\n<div data-testid=\"product-nutrition-content\" aria-expanded=\"true\">\n<div class=\"sc-dhKdcB kJNutb\"><\/div>\n<div class=\"sc-cwHptR iRzDne\" data-testid=\"product-nutrition-content\" aria-expanded=\"true\">Bia\u0142ko surowe: 32,0% &#8211; W\u0142\u00f3kno surowe: 3,9% &#8211; Oleje i t\u0142uszcze surowe: 18,0% &#8211; Popi\u00f3\u0142 surowy: 7,8% &#8211; Kwasy t\u0142uszczowe omega-6: 4,5% &#8211; Kwasy t\u0142uszczowe omega-3: 0,94% &#8211; EPA\/DHA: 0,4%.<\/div>\n<div data-testid=\"product-nutrition-content\" aria-expanded=\"true\"><\/div>\n<\/div>\n<div data-testid=\"product-nutrition-content\" aria-expanded=\"true\"><\/div>\n<div data-testid=\"product-nutrition-content\" aria-expanded=\"true\"><strong>DAWKOWANIE<\/strong><\/div>\n<div data-testid=\"product-nutrition-content\" aria-expanded=\"true\">patrz tabela. Najlepiej wykorzysta\u0107 przed: patrz data wa\u017cno\u015bci. Data wa\u017cno\u015bci, numer partii i numer rejestracyjny zak\u0142adu znajduj\u0105 si\u0119 z ty\u0142u opakowania. Przechowywa\u0107 w suchym i ch\u0142odnym miejscu.<\/div>\n<div data-testid=\"product-nutrition-content\" aria-expanded=\"true\"><\/div>\n<div data-testid=\"product-nutrition-content\" aria-expanded=\"true\">\n<table style=\"height: 328px;\" width=\"1151\">\n<thead>\n<tr>\n<td>\n<p style=\"text-align: center;\"><strong>Masa cia\u0142a kota<\/strong><\/p>\n<\/td>\n<td style=\"text-align: center;\"><strong>Niskie zapotrzebowanie na energi\u0119<\/strong><\/td>\n<td>\n<p style=\"text-align: center;\"><strong>Umiarkowane potrzeby energetyczne<\/strong><\/p>\n<\/td>\n<\/tr>\n<\/thead>\n<tbody>\n<tr>\n<td>\n<p style=\"text-align: center;\">3 &#8211; 4 kg<\/p>\n<\/td>\n<td style=\"text-align: center;\">34 &#8211; 42 g (13 &#8211; 20 g + 1 saszetka)<\/td>\n<td>\n<p style=\"text-align: center;\">43 &#8211; 52 g (21 &#8211; 31 g + 1 saszetka)<\/p>\n<\/td>\n<\/tr>\n<tr>\n<td>\n<p style=\"text-align: center;\">5 &#8211; 6 kg<\/p>\n<\/td>\n<td style=\"text-align: center;\">49 &#8211; 56 g (27 &#8211; 34 g + 1 saszetka)<\/td>\n<td style=\"text-align: center;\">61 &#8211; 70 g (40 &#8211; 48 g + 1 saszetka)<\/td>\n<\/tr>\n<tr>\n<td>\n<p style=\"text-align: center;\">7 &#8211; 8 kg<\/p>\n<\/td>\n<td style=\"text-align: center;\">62 &#8211; 68 g (41 &#8211; 47 g + 1 saszetka)<\/td>\n<td>\n<p style=\"text-align: center;\">78 &#8211; 85 g (56 &#8211; 64 g + 1 saszetka)<\/p>\n<\/td>\n<\/tr>\n<\/tbody>\n<\/table>\n<\/div>\n<div data-testid=\"product-nutrition-content\" aria-expanded=\"true\"><\/div>\n<p>&nbsp;<\/p>\n<p>&nbsp;<\/p>\n<p>&nbsp;<\/p>","protected":false},"excerpt":{"rendered":"<p>Karma dla doros\u0142ych kot\u00f3w rasy Ragdoll, powy\u017cej 12 miesi\u0105ca \u017cycia.<\/p>\n<p>Marka: Royal Canin<\/p>\n<p>Faza \u017cycia:: Doros\u0142y<\/p>","protected":false},"featured_media":6220,"comment_status":"open","ping_status":"closed","template":"","meta":{"om_disable_all_campaigns":false,"inline_featured_image":false},"product_brand":[],"product_cat":[42,92,90],"product_tag":[],"class_list":{"0":"post-6212","1":"product","2":"type-product","3":"status-publish","4":"has-post-thumbnail","6":"product_cat-cat-food","7":"product_cat-koty-rasowe","8":"product_cat-royal-canin","10":"first","11":"instock","12":"taxable","13":"shipping-taxable","14":"purchasable","15":"product-type-variable","16":"has-default-attributes"},"_links":{"self":[{"href":"https:\/\/www.lanrel.pl\/pl\/wp-json\/wp\/v2\/product\/6212","targetHints":{"allow":["GET"]}}],"collection":[{"href":"https:\/\/www.lanrel.pl\/pl\/wp-json\/wp\/v2\/product"}],"about":[{"href":"https:\/\/www.lanrel.pl\/pl\/wp-json\/wp\/v2\/types\/product"}],"replies":[{"embeddable":true,"href":"https:\/\/www.lanrel.pl\/pl\/wp-json\/wp\/v2\/comments?post=6212"}],"wp:featuredmedia":[{"embeddable":true,"href":"https:\/\/www.lanrel.pl\/pl\/wp-json\/wp\/v2\/media\/6220"}],"wp:attachment":[{"href":"https:\/\/www.lanrel.pl\/pl\/wp-json\/wp\/v2\/media?parent=6212"}],"wp:term":[{"taxonomy":"product_brand","embeddable":true,"href":"https:\/\/www.lanrel.pl\/pl\/wp-json\/wp\/v2\/product_brand?post=6212"},{"taxonomy":"product_cat","embeddable":true,"href":"https:\/\/www.lanrel.pl\/pl\/wp-json\/wp\/v2\/product_cat?post=6212"},{"taxonomy":"product_tag","embeddable":true,"href":"https:\/\/www.lanrel.pl\/pl\/wp-json\/wp\/v2\/product_tag?post=6212"}],"curies":[{"name":"wp","href":"https:\/\/api.w.org\/{rel}","templated":true}]}}