{"id":6207,"date":"2025-02-07T10:41:34","date_gmt":"2025-02-07T09:41:34","guid":{"rendered":"https:\/\/lanrel.eu\/?post_type=product&#038;p=6207"},"modified":"2025-02-24T09:53:23","modified_gmt":"2025-02-24T08:53:23","slug":"royal-canin-kitten-persian-2-kg-karma-sucha-dla-kociat","status":"publish","type":"product","link":"https:\/\/www.lanrel.pl\/pl\/produkt\/royal-canin-kitten-persian-2-kg-karma-sucha-dla-kociat\/","title":{"rendered":"ROYAL CANIN Persian Kitten  karma sucha dla koci\u0105t"},"content":{"rendered":"<h2>Opis produktu<\/h2>\n<p>Wybieraj\u0105c karm\u0119 dla koci\u0105t perskich, nale\u017cy wzi\u0105\u0107 pod uwag\u0119 cechy charakterystyczne tej rasy. Okres wzrostu, zw\u0142aszcza okres rozwoju uk\u0142adu immunologicznego, wymaga szczeg\u00f3lnej uwagi.<\/p>\n<p>ROYAL CANIN\u00ae Persian Kitten to karma opracowana specjalnie dla koci\u0105t perskich. Rozwi\u0105zanie \u017cywieniowe dostosowane do potrzeb koci\u0105t daje lepszy start w doros\u0142e \u017cycie.<\/p>\n<p><img fetchpriority=\"high\" decoding=\"async\" class=\"wp-image-6193 aligncenter\" src=\"http:\/\/lanrel.eu\/wp-content\/uploads\/2025\/02\/RC-FBN-KittenPersian-CV2-cat_000_POLAND-POLISH.jpg\" alt=\"\" width=\"605\" height=\"605\" srcset=\"https:\/\/www.lanrel.pl\/wp-content\/uploads\/2025\/02\/RC-FBN-KittenPersian-CV2-cat_000_POLAND-POLISH.jpg 2186w, https:\/\/www.lanrel.pl\/wp-content\/uploads\/2025\/02\/RC-FBN-KittenPersian-CV2-cat_000_POLAND-POLISH-300x300.jpg 300w, https:\/\/www.lanrel.pl\/wp-content\/uploads\/2025\/02\/RC-FBN-KittenPersian-CV2-cat_000_POLAND-POLISH-1024x1024.jpg 1024w, https:\/\/www.lanrel.pl\/wp-content\/uploads\/2025\/02\/RC-FBN-KittenPersian-CV2-cat_000_POLAND-POLISH-150x150.jpg 150w, https:\/\/www.lanrel.pl\/wp-content\/uploads\/2025\/02\/RC-FBN-KittenPersian-CV2-cat_000_POLAND-POLISH-768x768.jpg 768w, https:\/\/www.lanrel.pl\/wp-content\/uploads\/2025\/02\/RC-FBN-KittenPersian-CV2-cat_000_POLAND-POLISH-1536x1536.jpg 1536w, https:\/\/www.lanrel.pl\/wp-content\/uploads\/2025\/02\/RC-FBN-KittenPersian-CV2-cat_000_POLAND-POLISH-2048x2048.jpg 2048w, https:\/\/www.lanrel.pl\/wp-content\/uploads\/2025\/02\/RC-FBN-KittenPersian-CV2-cat_000_POLAND-POLISH-12x12.jpg 12w, https:\/\/www.lanrel.pl\/wp-content\/uploads\/2025\/02\/RC-FBN-KittenPersian-CV2-cat_000_POLAND-POLISH-370x370.jpg 370w, https:\/\/www.lanrel.pl\/wp-content\/uploads\/2025\/02\/RC-FBN-KittenPersian-CV2-cat_000_POLAND-POLISH-60x60.jpg 60w, https:\/\/www.lanrel.pl\/wp-content\/uploads\/2025\/02\/RC-FBN-KittenPersian-CV2-cat_000_POLAND-POLISH-600x600.jpg 600w, https:\/\/www.lanrel.pl\/wp-content\/uploads\/2025\/02\/RC-FBN-KittenPersian-CV2-cat_000_POLAND-POLISH-100x100.jpg 100w\" sizes=\"(max-width: 605px) 100vw, 605px\" \/><\/p>\n<p>Charakterystyczna dla rasy g\u0119sta i jedwabista sier\u015b\u0107 rozwija si\u0119 ju\u017c w okresie wzrostu, dlatego niezb\u0119dne jest dostarczanie odpowiednich sk\u0142adnik\u00f3w pokarmowych ju\u017c od pocz\u0105tku. Karma ROYAL CANIN\u00ae Persian Kitten charakteryzuje si\u0119 odpowiednim poziomem bia\u0142ka oraz r\u00f3wnowag\u0105 soli mineralnych i witamin, co sprzyja prawid\u0142owemu rozwojowi koci\u0105t oraz zdrowej sk\u00f3rze i pi\u0119knej sier\u015bci. Dodatkowo dzi\u0119ki dzia\u0142aniu kwas\u00f3w t\u0142uszczowych EPA-DHA wzmacniana jest nieprzepuszczalno\u015b\u0107 bariery sk\u00f3rnej, a wybarwienie, po\u0142ysk i jako\u015bci w\u0142osa ulegaj\u0105 poprawie.<\/p>\n<p>Uk\u0142ad pokarmowy koci\u0105t rozwija si\u0119 stopniowo w czasie okresu wzrostu. Karma ROYAL CANIN\u00ae Persian Kitten zawiera bia\u0142ka o najwy\u017cszej jako\u015bci i strawno\u015bci. Charakteryzuje si\u0119 tak\u017ce dostosowanym poziomem w\u0142\u00f3kna pokarmowego (w tym psyllium) oraz dodatkiem prebiotyk\u00f3w, kt\u00f3re sprzyjaj\u0105 r\u00f3wnowadze flory bakteryjnej jelit i zapobiegaj\u0105 powstawaniu biegunek.<\/p>\n<p>Receptura sprzyja rozwojowi naturalnych mechanizm\u00f3w obronnych organizmu koci\u0119cia, dzi\u0119ki zawartemu w karmie kompleksowi opatentowanych wsp\u00f3\u0142dzia\u0142aj\u0105cych przeciwutleniaczy (wit. E, C, luteina, tauryna).<\/p>\n<p><img decoding=\"async\" class=\"wp-image-6194 aligncenter\" src=\"http:\/\/lanrel.eu\/wp-content\/uploads\/2025\/02\/RC-FBN-KittenPersian-CV3_016_POLAND-POLISH.jpg\" alt=\"\" width=\"520\" height=\"520\" srcset=\"https:\/\/www.lanrel.pl\/wp-content\/uploads\/2025\/02\/RC-FBN-KittenPersian-CV3_016_POLAND-POLISH.jpg 2186w, https:\/\/www.lanrel.pl\/wp-content\/uploads\/2025\/02\/RC-FBN-KittenPersian-CV3_016_POLAND-POLISH-300x300.jpg 300w, https:\/\/www.lanrel.pl\/wp-content\/uploads\/2025\/02\/RC-FBN-KittenPersian-CV3_016_POLAND-POLISH-1024x1024.jpg 1024w, https:\/\/www.lanrel.pl\/wp-content\/uploads\/2025\/02\/RC-FBN-KittenPersian-CV3_016_POLAND-POLISH-150x150.jpg 150w, https:\/\/www.lanrel.pl\/wp-content\/uploads\/2025\/02\/RC-FBN-KittenPersian-CV3_016_POLAND-POLISH-768x768.jpg 768w, https:\/\/www.lanrel.pl\/wp-content\/uploads\/2025\/02\/RC-FBN-KittenPersian-CV3_016_POLAND-POLISH-1536x1536.jpg 1536w, https:\/\/www.lanrel.pl\/wp-content\/uploads\/2025\/02\/RC-FBN-KittenPersian-CV3_016_POLAND-POLISH-2048x2048.jpg 2048w, https:\/\/www.lanrel.pl\/wp-content\/uploads\/2025\/02\/RC-FBN-KittenPersian-CV3_016_POLAND-POLISH-12x12.jpg 12w, https:\/\/www.lanrel.pl\/wp-content\/uploads\/2025\/02\/RC-FBN-KittenPersian-CV3_016_POLAND-POLISH-370x370.jpg 370w, https:\/\/www.lanrel.pl\/wp-content\/uploads\/2025\/02\/RC-FBN-KittenPersian-CV3_016_POLAND-POLISH-60x60.jpg 60w, https:\/\/www.lanrel.pl\/wp-content\/uploads\/2025\/02\/RC-FBN-KittenPersian-CV3_016_POLAND-POLISH-600x600.jpg 600w, https:\/\/www.lanrel.pl\/wp-content\/uploads\/2025\/02\/RC-FBN-KittenPersian-CV3_016_POLAND-POLISH-100x100.jpg 100w\" sizes=\"(max-width: 520px) 100vw, 520px\" \/>Z powodu brachycefalicznej budowy koci\u0119ta rasy perskiej pobieraj\u0105 pokarm w specyficzny spos\u00f3b. Unikalny krokiet \u201eRuby 6\u201d o odpowiednim kszta\u0142cie i teksturze, dostosowany do szcz\u0119k koci\u0105t perskich, u\u0142atwia chwytanie i rozgryzanie pokarmu. Karma zawiera opatentowany kompleks wsp\u00f3\u0142dzia\u0142aj\u0105cych przeciwutleniaczy, w tym witamin\u0119 E, kt\u00f3ry sprzyja wzmocnieniu naturalnych mechanizm\u00f3w obronnych organizmu koci\u0119cia.<\/p>\n<p>Misj\u0105 ROYAL CANIN\u00ae jest zapewnianie rozwi\u0105za\u0144 \u017cywieniowych dostosowanych do potrzeb zwierz\u0105t. Wszystkie nasze produkty przechodz\u0105 liczne kontrole jako\u015bci, aby sprosta\u0107 najwy\u017cszym standardom marki i dostarczy\u0107 kotu pokarm dostosowany do jego potrzeb \u017cywieniowych. ROYAL CANIN\u00ae Persian Kitten jest karm\u0105 pe\u0142noporcjow\u0105.<\/p>\n<p><strong>Zalety:<\/strong><\/p>\n<p style=\"padding-left: 40px;\"><strong>Ochrona przewodu pokarmowego\uff1a<\/strong><\/p>\n<p style=\"padding-left: 40px;\">Zapewnienie optymalnego trawienia, dzi\u0119ki zawarto\u015bci wysoko strawnego bia\u0142ka (L.I.P.*) oraz sprzyjanie r\u00f3wnowadze flory bakteryjnej jelit poprzez obecno\u015b\u0107 prebiotyk\u00f3w. Receptura karmy zawiera tak\u017ce w\u0142\u00f3kna psyllium, zapobiegaj\u0105ce powstawaniu biegunek.<\/p>\n<p style=\"padding-left: 40px;\"><strong>Wzmocnienie naturalnej odporno\u015bci\uff1a<\/strong><\/p>\n<p style=\"padding-left: 40px;\">Sprzyjanie rozwojowi naturalnych mechanizm\u00f3w obronnych organizmu koci\u0119cia, dzi\u0119ki zawartemu w karmie kompleksowi opatentowanych wsp\u00f3\u0142dzia\u0142aj\u0105cych przeciwutleniaczy (wit. E, C, luteina, tauryna).<\/p>\n<p style=\"padding-left: 40px;\"><strong>Zdrowa sk\u00f3ra i pi\u0119kna sier\u015b\u0107\uff1a<\/strong><\/p>\n<p style=\"padding-left: 40px;\">Wzmocnienie nieprzepuszczalno\u015bci bariery sk\u00f3rnej oraz poprawa wybarwienia, po\u0142ysku i jako\u015bci w\u0142osa dzi\u0119ki dzia\u0142aniu kwas\u00f3w t\u0142uszczowych EPA-DHA.<\/p>\n<p style=\"padding-left: 40px;\"><strong>Specjalnie opracowany krokiet\uff1a<\/strong><\/p>\n<div class=\"sc-fqkvVR grmmWd\" data-qa=\"product-benefits-item\">\n<div style=\"padding-left: 40px;\">Unikalny kszta\u0142t i rozmiar krokieta \u201cRuby 6\u201d, dostosowany do brachycefalicznej budowy szcz\u0119k koci\u0105t rasy perskiej, zach\u0119ca do chwytania i rozgryzania karmy.<\/div>\n<\/div>\n<div><\/div>\n<h2>WARTO\u015aCI OD\u017bYWCZE<\/h2>\n<p style=\"padding-left: 40px;\"><strong>SK\u0141AD<\/strong><\/p>\n<p style=\"padding-left: 40px;\">suszone bia\u0142ka drobiowe, ry\u017c, t\u0142uszcze zwierz\u0119ce, kukurydza, gluten pszenny*, hydrolizowane bia\u0142ka zwierz\u0119ce, w\u0142\u00f3kno ro\u015blinne, wys\u0142odki buraczane, produkty dro\u017cd\u017cy, minera\u0142y, olej z ryb, olej sojowy, fruktooligosacharydy, \u0142uski i nasiona psyllium (0,35%), dro\u017cd\u017ce (\u017ar\u00f3d\u0142o mannooligosacharyd\u00f3w i beta-glukan\u00f3w), olej z og\u00f3recznika, m\u0105czka z aksamitki. *L.I.P.: bia\u0142ko wyselekcjonowane ze wzgl\u0119du na bardzo wysok\u0105 strawno\u015b\u0107.<\/p>\n<p style=\"padding-left: 40px;\"><strong>DODATKI<\/strong><\/p>\n<p style=\"padding-left: 40px;\">DODATKI (na 1 kg karmy): Dodatki dietetyczne: Witamina A: 31300 UI, Witamina D3: 835 UI, Witamina E: 620 mg, \u017belazo (3b103): 34 mg, Jod (3b201, 3b202): 3,4 mg, Mied\u017a (3b405, 3b406): 10 mg, Mangan (3b502, 3b504): 44 mg, Cynk (3b603, 3b605, 3b606): 136 mg, Selen (3b801, 3b811, 3b812): 0,07 mg &#8211; Dodatki technologiczne: Klinoptylolit pochodzenia osadowego: 10 g &#8211; Przeciwutleniacze.<\/p>\n<p style=\"padding-left: 40px;\"><strong>SK\u0141ADNIKI ANALITYCZNE<\/strong><\/p>\n<p style=\"padding-left: 40px;\">\u00a0Bia\u0142ko surowe: 32,0% &#8211; W\u0142\u00f3kno surowe: 2,7% &#8211; Oleje i t\u0142uszcze surowe: 22,0% &#8211; Popi\u00f3\u0142 surowy: 8,0% &#8211; Wap\u0144: 1,2% &#8211; Fosfor: 1% &#8211; Kwasy t\u0142uszczowe omega-6: 4,9% &#8211; Kwasy t\u0142uszczowe omega-3: 1%.<\/p>\n<p style=\"padding-left: 40px;\"><strong>SPOS\u00d3B U\u017bYCIA<\/strong><\/p>\n<p style=\"padding-left: 40px;\">Patrz tabela. Najlepiej wykorzysta\u0107 przed: patrz data wa\u017cno\u015bci. Data wa\u017cno\u015bci, numer partii i numer rejestracyjny zak\u0142adu znajduj\u0105 si\u0119 na opakowaniu. Przechowywa\u0107 w suchym i ch\u0142odnym miejscu.<\/p>\n<table style=\"height: 782px;\" width=\"1161\">\n<thead>\n<tr>\n<td><strong>Wiek<\/strong><\/td>\n<td><strong>Masa cia\u0142a doros\u0142ego kota<\/strong><\/td>\n<td><strong>Masa cia\u0142a doros\u0142ego kota<\/strong><\/td>\n<\/tr>\n<\/thead>\n<tbody>\n<tr>\n<td><\/td>\n<td>3 kg<\/td>\n<td>5 kg<\/td>\n<\/tr>\n<tr>\n<td>2 &#8211; 3 miesi\u0105c**<\/td>\n<td>40g &#8211; 51g<\/td>\n<td>53g &#8211; 69g<\/td>\n<\/tr>\n<tr>\n<td>3 &#8211; 4 miesi\u0105c **<\/td>\n<td>51g &#8211; 55g<\/td>\n<td>69g &#8211; 75g<\/td>\n<\/tr>\n<tr>\n<td>4 &#8211; 6 miesi\u0105c<\/td>\n<td>55g<\/td>\n<td>75g &#8211; 76g<\/td>\n<\/tr>\n<tr>\n<td>6 &#8211; 9 miesi\u0105c<\/td>\n<td>55g &#8211; 46g<\/td>\n<td>76g &#8211; 66g<\/td>\n<\/tr>\n<tr>\n<td>9 &#8211; 12 miesi\u0105c<\/td>\n<td>46g &#8211; 40g<\/td>\n<td>66g &#8211; 57g<\/td>\n<\/tr>\n<tr>\n<td>Kotki w ci\u0105\u017cy<\/td>\n<td>53g &#8211; 81g<\/td>\n<td>76g &#8211; 117g<\/td>\n<\/tr>\n<tr>\n<td>Kotki karmi\u0105ce<\/td>\n<td>DO WOLI<\/td>\n<td>DO WOLI<\/td>\n<\/tr>\n<tr>\n<td><\/td>\n<td>&#8211;<\/td>\n<td>&#8211;<\/td>\n<\/tr>\n<tr>\n<td>**w okresie karmienia i dla koci\u0105t do 4. miesi\u0105ca \u017cycia zalecan\u0105 karm\u0105 jest ROYAL CANIN MOTHER&amp;BABYCAT<\/td>\n<td>&#8211;<\/td>\n<td>&#8211;<\/td>\n<\/tr>\n<tr>\n<td>W celu uzyskania dalszych informacji prosimy o kontakt z biurem obs\u0142ugi klienta.<\/td>\n<td>&#8211;<\/td>\n<td>&#8211;<\/td>\n<\/tr>\n<\/tbody>\n<\/table>","protected":false},"excerpt":{"rendered":"<p>Karma dla koci\u0105t rasy perskiej od 4 do 12 miesi\u0119cy.<\/p>\n<p>Marka: Royal Canin<\/p>\n<p>Faza \u017cycia: Junior<\/p>\n<p>&nbsp;<\/p>","protected":false},"featured_media":6191,"comment_status":"open","ping_status":"closed","template":"","meta":{"om_disable_all_campaigns":false,"inline_featured_image":false},"product_brand":[],"product_cat":[42,91,90],"product_tag":[],"class_list":{"0":"post-6207","1":"product","2":"type-product","3":"status-publish","4":"has-post-thumbnail","6":"product_cat-cat-food","7":"product_cat-kocieta","8":"product_cat-royal-canin","10":"first","11":"outofstock","12":"taxable","13":"shipping-taxable","14":"purchasable","15":"product-type-variable"},"_links":{"self":[{"href":"https:\/\/www.lanrel.pl\/pl\/wp-json\/wp\/v2\/product\/6207","targetHints":{"allow":["GET"]}}],"collection":[{"href":"https:\/\/www.lanrel.pl\/pl\/wp-json\/wp\/v2\/product"}],"about":[{"href":"https:\/\/www.lanrel.pl\/pl\/wp-json\/wp\/v2\/types\/product"}],"replies":[{"embeddable":true,"href":"https:\/\/www.lanrel.pl\/pl\/wp-json\/wp\/v2\/comments?post=6207"}],"wp:featuredmedia":[{"embeddable":true,"href":"https:\/\/www.lanrel.pl\/pl\/wp-json\/wp\/v2\/media\/6191"}],"wp:attachment":[{"href":"https:\/\/www.lanrel.pl\/pl\/wp-json\/wp\/v2\/media?parent=6207"}],"wp:term":[{"taxonomy":"product_brand","embeddable":true,"href":"https:\/\/www.lanrel.pl\/pl\/wp-json\/wp\/v2\/product_brand?post=6207"},{"taxonomy":"product_cat","embeddable":true,"href":"https:\/\/www.lanrel.pl\/pl\/wp-json\/wp\/v2\/product_cat?post=6207"},{"taxonomy":"product_tag","embeddable":true,"href":"https:\/\/www.lanrel.pl\/pl\/wp-json\/wp\/v2\/product_tag?post=6207"}],"curies":[{"name":"wp","href":"https:\/\/api.w.org\/{rel}","templated":true}]}}