{"id":6174,"date":"2025-02-06T17:16:23","date_gmt":"2025-02-06T16:16:23","guid":{"rendered":"https:\/\/lanrel.eu\/?post_type=product&#038;p=6174"},"modified":"2025-10-19T20:32:41","modified_gmt":"2025-10-19T18:32:41","slug":"royal-canin-persian-adult-karma-sucha-dla-kotow-doroslych-rasy-perskiej","status":"publish","type":"product","link":"https:\/\/www.lanrel.pl\/pl\/produkt\/royal-canin-persian-adult-karma-sucha-dla-kotow-doroslych-rasy-perskiej\/","title":{"rendered":"ROYAL CANIN Persian Adult  karma sucha dla kot\u00f3w doros\u0142ych rasy perskiej"},"content":{"rendered":"<p><img decoding=\"async\" src=\"https:\/\/zooart.com.pl\/data\/include\/cms\/Zdjicia-royal\/British-shorthair\/British-Shorthair-DRY-1.png\" \/><\/p>\n<p>&nbsp;<\/p>\n<p><img decoding=\"async\" class=\"aligncenter\" src=\"https:\/\/zooart.com.pl\/data\/include\/cms\/Royal-Canin-ISCORE-2024\/FBN-PersianIn\/persian-photo-12x.webp\" alt=\"persian-head\" \/><\/p>\n<p>Przodkowie wsp\u00f3\u0142czesnych kot\u00f3w perskich cenieni byli w ca\u0142ej staro\u017cytnej Europie \u2013 nawet przez rody kr\u00f3lewskie. Obecnie koty te cenione s\u0105 za sw\u00f3j \u0142agodny charakter i wyj\u0105tkowo imponuj\u0105c\u0105 sier\u015b\u0107.<\/p>\n<p>Koty perskie maj\u0105 d\u0142ug\u0105 sier\u015b\u0107 z grubym podszerstkiem \u2013 to jedyna d\u0142ugow\u0142osa rasa kot\u00f3w. Dlatego wymagaj\u0105 wi\u0119kszych poziom\u00f3w sk\u0142adnik\u00f3w pokarmowych odpowiedzialnych za zdrowie sk\u00f3ry.<img decoding=\"async\" src=\"https:\/\/zooart.com.pl\/data\/include\/cms\/Royal-Canin-ISCORE-2024\/FBN-PersianIn\/persian-header2x.webp\" alt=\"persian-head\" \/><\/p>\n<p>Ekskluzywny kompleks sk\u0142adnik\u00f3w pokarmowych zawarty w karmie ROYAL CANIN\u00ae Persian Adult dla kot\u00f3w rasy perskiej \u2013 powy\u017cej 12 miesi\u0105ca \u017cycia, pomaga wzmacnia\u0107 nieprzepuszczalno\u015b\u0107 bariery sk\u00f3rnej oraz sprzyja zdrowiu sk\u00f3ry i pi\u0119knej sier\u015bci.<\/p>\n<p>Misj\u0105 ROYAL CANIN\u00ae jest zapewnianie rozwi\u0105za\u0144 \u017cywieniowych dostosowanych do potrzeb zwierz\u0105t. Wszystkie nasze produkty przechodz\u0105 liczne kontrole jako\u015bci, aby sprosta\u0107 najwy\u017cszym standardom marki i dostarczy\u0107 kotu pokarm dostosowany do jego potrzeb \u017cywieniowych. ROYAL CANIN\u00ae Persian Adult jest karm\u0105 pe\u0142noporcjow\u0105.<\/p>\n<p><img decoding=\"async\" src=\"https:\/\/fera.pl\/images\/companies\/1\/PSR_e-com_iscore_2024_FBN_PersianIn_3.png?1724866516647\" alt=\"ROYAL CANIN Persian Adult 10 kg karma sucha dla kot\u00f3w doros\u0142ych rasy perskiej\" \/><\/p>\n<p>Koty perskie maj\u0105 tendencj\u0119 do powstawania kul w\u0142osowych, kt\u00f3re mog\u0105 by\u0107 niebezpieczne dla zwierz\u0119cia. Dzi\u0119ki unikalnej kompozycji w\u0142\u00f3kna pokarmowego (w tym psyllium o w\u0142a\u015bciwo\u015bciach \u015bluzotw\u00f3rczych), karma ROYAL CANIN\u00ae Persian Adult pobudza pasa\u017c jelitowy oraz u\u0142atwia naturaln\u0105 eliminacj\u0119 po\u0142kni\u0119tej sier\u015bci.<\/p>\n<p>Zastosowanie wysokostrawnych bia\u0142ek (L.I.P.), prebiotyk\u00f3w oraz kwas\u00f3w t\u0142uszczowych omega 3 i omega 6 sprzyja prawid\u0142owemu przebiegowi trawienia.<\/p>\n<p><img decoding=\"async\" src=\"https:\/\/fera.pl\/images\/companies\/1\/PSR_e-com_iscore_2024_FBN_PersianIn_4.png?1724866536091\" alt=\"ROYAL CANIN Persian Adult 10 kg karma sucha dla kot\u00f3w doros\u0142ych rasy perskiej\" \/><\/p>\n<p><strong>Zalety:<\/strong><\/p>\n<p style=\"padding-left: 40px;\"><strong>Zdrowa sk\u00f3ra i pi\u0119kna sier\u015b\u0107\uff1a<\/strong><\/p>\n<p style=\"padding-left: 40px;\">Ekskluzywny kompleks sk\u0142adnik\u00f3w sprzyjaj\u0105cych wzmocnieniu nieprzepuszczalno\u015bci bariery sk\u00f3rnej oraz pi\u0119knej sier\u015bci. Receptura wzbogacona kwasami t\u0142uszczowymi omega 3 i 6.<\/p>\n<p style=\"padding-left: 40px;\"><strong>Zapobieganie powstawaniu kul w\u0142osowych\uff1a<\/strong><\/p>\n<p style=\"padding-left: 40px;\">Pobudzenie pasa\u017cu jelitowego i u\u0142atwienie naturalnej eliminacji po\u0142kni\u0119tej sier\u015bci, dzi\u0119ki zastosowaniu unikalnej kompozycji w\u0142\u00f3kna pokarmowego (w tym psyllium).<\/p>\n<p style=\"padding-left: 40px;\"><strong>Ochrona przewodu pokarmowego\uff1a<\/strong><\/p>\n<p style=\"padding-left: 40px;\">Wysokostrawne bia\u0142ka (L.I.P.*) oraz prebiotyki sprzyjaj\u0105 r\u00f3wnowadze flory bakteryjnej jelit. *L.I.P. &#8211; bia\u0142ko wyselekcjonowane ze wzgl\u0119du na bardzo wysok\u0105 strawno\u015b\u0107.<\/p>\n<div class=\"sc-fqkvVR grmmWd\" data-qa=\"product-benefits-item\">\n<div class=\"sc-dcJsrY dwHOrx\" style=\"padding-left: 40px;\"><strong>Ochrona uk\u0142adu moczowego\uff1a<\/strong><\/div>\n<div><\/div>\n<div class=\"sc-dcJsrY dwHOrx\" style=\"padding-left: 40px;\">Receptura wspomagaj\u0105ca prawid\u0142owe funkcjonowanie uk\u0142adu moczowego u doros\u0142ych kot\u00f3w, dzi\u0119ki odpowiedniej koncentracji soli mineralnych.<\/div>\n<div><\/div>\n<div class=\"sc-dcJsrY dwHOrx\"><img decoding=\"async\" class=\"aligncenter\" src=\"https:\/\/fera.pl\/images\/companies\/1\/PSR_e-com_iscore_2024_FBN_PersianIn_5.png?1724866555072\" alt=\"ROYAL CANIN Persian Adult 10 kg karma sucha dla kot\u00f3w doros\u0142ych rasy perskiej\" \/><\/div>\n<\/div>\n<p style=\"padding-left: 40px;\"><strong>Specjalnie opracowany krokiet\uff1a<\/strong><\/p>\n<p style=\"padding-left: 40px;\">Receptura wspomagaj\u0105ca prawid\u0142owe funkcjonowanie uk\u0142adu moczowego u doros\u0142ych kot\u00f3w, dzi\u0119ki odpowiedniej koncentracji soli mineralnych.<\/p>\n<p>&nbsp;<\/p>\n<p><img decoding=\"async\" class=\"aligncenter\" src=\"https:\/\/fera.pl\/images\/companies\/1\/PSR_e-com_iscore_2024_FBN_PersianIn_6.png?1724866574129\" alt=\"ROYAL CANIN Persian Adult 10 kg karma sucha dla kot\u00f3w doros\u0142ych rasy perskiej\" \/><\/p>\n<p>Maj\u0105c na uwadze preferencje \u017cywieniowe kot\u00f3w, karma ROYAL CANIN\u00ae Persian Adult jest dost\u0119pna tak\u017ce w formie smakowitego pasztetu. W przypadku \u017cywienia karm\u0105 mokr\u0105 i such\u0105 nale\u017cy zapozna\u0107 si\u0119 z tabel\u0105 dawkowania, aby dobra\u0107 odpowiedni\u0105 porcj\u0119 poszczeg\u00f3lnych karm.<\/p>\n<p><img decoding=\"async\" class=\"aligncenter\" src=\"https:\/\/fera.pl\/images\/companies\/1\/PSR_e-com_iscore_2024_FBN_PersianIn_7.png?1724866589178\" alt=\"ROYAL CANIN Persian Adult 10 kg karma sucha dla kot\u00f3w doros\u0142ych rasy perskiej\" \/><\/p>\n<h2>WARTO\u015aCI OD\u017bYWCZE<\/h2>\n<div data-testid=\"product-nutrition-content\" aria-expanded=\"true\"><strong>SK\u0141AD<\/strong><\/div>\n<div data-testid=\"product-nutrition-content\" aria-expanded=\"true\"><\/div>\n<div class=\"sc-cwHptR iRzDne\" data-testid=\"product-nutrition-content\" aria-expanded=\"true\">suszone bia\u0142ko drobiowe, t\u0142uszcze zwierz\u0119ce, ry\u017c, izolat bia\u0142ka ro\u015blinnego*, m\u0105ka kukurydziana, w\u0142\u00f3kno ro\u015blinne, hydrolizat bia\u0142ka zwierz\u0119cego, gluten kukurydziany, m\u0105ka pszenna, kukurydza, dro\u017cd\u017ce i ich cz\u0119\u015bci, sole mineralne, pulpa z cykorii, olej rybny, \u0142uski i nasiona psyllium (1%), olej sojowy, fruktooligosacharydy, wyci\u0105g z dro\u017cd\u017cy (\u017ar\u00f3d\u0142o mannooligosacharyd\u00f3w), olej z og\u00f3recznika, wyci\u0105g z aksamitki wznie- sionej (\u017ar\u00f3d\u0142o luteiny).<\/div>\n<div class=\"sc-cwHptR iRzDne\" data-testid=\"product-nutrition-content\" aria-expanded=\"true\">*L.I.P.: bia\u0142ko wyselekcjonowane ze wzgl\u0119du na bardzo wysok\u0105 strawno\u015b\u0107.<\/div>\n<div data-testid=\"product-nutrition-content\" aria-expanded=\"true\"><\/div>\n<div data-testid=\"product-nutrition-content\" aria-expanded=\"true\"><strong>DODATKI<\/strong><\/div>\n<div data-testid=\"product-nutrition-content\" aria-expanded=\"true\">\n<div class=\"sc-dhKdcB kJNutb\"><\/div>\n<div class=\"sc-cwHptR iRzDne\" data-testid=\"product-nutrition-content\" aria-expanded=\"true\">Dodatki (na 1 kg karmy): Dodatki dietetyczne: Witamina A: 31000\u00a0UI, Witamina D3: 800\u00a0UI, E1 (\u017belazo): 36\u00a0mg, E2 (Jod): 3,6\u00a0mg, E4 (Mied\u017a): 11\u00a0mg, E5 (Mangan): 47\u00a0mg, E6 (Cynk): 140\u00a0mg, E8 (Selen): 0,08\u00a0mg\u00a0&#8211; Dodatki technologiczne: Klinoptylolit pochodzenia osadowego: 10\u00a0g\u00a0&#8211; Konserwanty\u00a0&#8211; Przeciwutleniacze.<\/div>\n<\/div>\n<div data-testid=\"product-nutrition-content\" aria-expanded=\"true\"><\/div>\n<div data-testid=\"product-nutrition-content\" aria-expanded=\"true\"><\/div>\n<div data-testid=\"product-nutrition-content\" aria-expanded=\"true\"><strong>SK\u0141ADNIKI ANALITYCZNE<\/strong><\/div>\n<div data-testid=\"product-nutrition-content\" aria-expanded=\"true\">\n<div class=\"sc-dhKdcB kJNutb\"><\/div>\n<div class=\"sc-cwHptR iRzDne\" data-testid=\"product-nutrition-content\" aria-expanded=\"true\">Sk\u0142adniki analityczne: Bia\u0142ko surowe: 30%\u00a0&#8211; Oleje i t\u0142uszcze surowe: 22%\u00a0&#8211; Popi\u00f3\u0142 surowy: 7,4%\u00a0&#8211; W\u0142\u00f3kno surowe: 4,7%\u00a0&#8211; Na 1 kg karmy: Kwasy t\u0142uszczowe Omega 6: 48,4\u00a0g\u00a0&#8211; Kwasy t\u0142uszczowe Omega 3: 11\u00a0g.<\/div>\n<div data-testid=\"product-nutrition-content\" aria-expanded=\"true\"><\/div>\n<\/div>\n<div data-testid=\"product-nutrition-content\" aria-expanded=\"true\"><\/div>\n<div data-testid=\"product-nutrition-content\" aria-expanded=\"true\"><strong>DAWKOWANIE<\/strong><\/div>\n<div data-testid=\"product-nutrition-content\" aria-expanded=\"true\">patrz tabela. Najlepiej wykorzysta\u0107 przed: patrz data wa\u017cno\u015bci. Data wa\u017cno\u015bci, numer partii i numer rejestracyjny zak\u0142adu znajduj\u0105 si\u0119 z ty\u0142u opakowania. Przechowywa\u0107 w suchym i ch\u0142odnym miejscu.<\/div>\n<div data-testid=\"product-nutrition-content\" aria-expanded=\"true\"><\/div>\n<div data-testid=\"product-nutrition-content\" aria-expanded=\"true\">\n<table style=\"height: 310px;\" width=\"1134\">\n<thead>\n<tr>\n<td>\n<p style=\"text-align: center;\"><strong>Masa cia\u0142a kota<\/strong><\/p>\n<\/td>\n<td style=\"text-align: center;\"><strong>Nadwaga<\/strong><\/td>\n<td style=\"text-align: center;\"><strong>Prawid\u0142owa<\/strong><\/td>\n<td style=\"text-align: center;\"><strong>Niedowaga<\/strong><\/td>\n<\/tr>\n<\/thead>\n<tbody>\n<tr>\n<td>\n<p style=\"text-align: center;\">2 kg<\/p>\n<\/td>\n<td style=\"text-align: center;\">&#8211;<\/td>\n<td style=\"text-align: center;\">31 g<\/td>\n<td>\n<p style=\"text-align: center;\">51 g<\/p>\n<\/td>\n<\/tr>\n<tr>\n<td>\n<p style=\"text-align: center;\">3 kg<\/p>\n<\/td>\n<td style=\"text-align: center;\">&#8211;<\/td>\n<td style=\"text-align: center;\">41 g<\/td>\n<td>\n<p style=\"text-align: center;\">62 g<\/p>\n<\/td>\n<\/tr>\n<tr>\n<td>\n<p style=\"text-align: center;\">4 kg<\/p>\n<\/td>\n<td style=\"text-align: center;\">40 g<\/td>\n<td style=\"text-align: center;\">50 g<\/td>\n<td>\n<p style=\"text-align: center;\">73 g<\/p>\n<\/td>\n<\/tr>\n<tr>\n<td>\n<p style=\"text-align: center;\">5 kg<\/p>\n<\/td>\n<td style=\"text-align: center;\">47 g<\/td>\n<td style=\"text-align: center;\">59 g<\/td>\n<td>\n<p style=\"text-align: center;\">&#8211;<\/p>\n<\/td>\n<\/tr>\n<tr>\n<td style=\"text-align: center;\">6 kg<\/td>\n<td style=\"text-align: center;\">53 g<\/td>\n<td style=\"text-align: center;\">&#8211;<\/td>\n<td>\n<p style=\"text-align: center;\">&#8211;<\/p>\n<\/td>\n<\/tr>\n<\/tbody>\n<\/table>\n<\/div>","protected":false},"excerpt":{"rendered":"<p>Karma dla Doros\u0142ych kot\u00f3w rasy perskiej, powy\u017cej 12 miesi\u0105ca \u017cycia.<\/p>\n<p>Marka: Royal Canin<\/p>\n<p>Faza \u017cycia:: Doros\u0142y<\/p>","protected":false},"featured_media":6185,"comment_status":"open","ping_status":"closed","template":"","meta":{"om_disable_all_campaigns":false,"inline_featured_image":false},"product_brand":[],"product_cat":[42,92,90],"product_tag":[],"class_list":{"0":"post-6174","1":"product","2":"type-product","3":"status-publish","4":"has-post-thumbnail","6":"product_cat-cat-food","7":"product_cat-koty-rasowe","8":"product_cat-royal-canin","10":"first","11":"instock","12":"taxable","13":"shipping-taxable","14":"purchasable","15":"product-type-variable"},"_links":{"self":[{"href":"https:\/\/www.lanrel.pl\/pl\/wp-json\/wp\/v2\/product\/6174","targetHints":{"allow":["GET"]}}],"collection":[{"href":"https:\/\/www.lanrel.pl\/pl\/wp-json\/wp\/v2\/product"}],"about":[{"href":"https:\/\/www.lanrel.pl\/pl\/wp-json\/wp\/v2\/types\/product"}],"replies":[{"embeddable":true,"href":"https:\/\/www.lanrel.pl\/pl\/wp-json\/wp\/v2\/comments?post=6174"}],"wp:featuredmedia":[{"embeddable":true,"href":"https:\/\/www.lanrel.pl\/pl\/wp-json\/wp\/v2\/media\/6185"}],"wp:attachment":[{"href":"https:\/\/www.lanrel.pl\/pl\/wp-json\/wp\/v2\/media?parent=6174"}],"wp:term":[{"taxonomy":"product_brand","embeddable":true,"href":"https:\/\/www.lanrel.pl\/pl\/wp-json\/wp\/v2\/product_brand?post=6174"},{"taxonomy":"product_cat","embeddable":true,"href":"https:\/\/www.lanrel.pl\/pl\/wp-json\/wp\/v2\/product_cat?post=6174"},{"taxonomy":"product_tag","embeddable":true,"href":"https:\/\/www.lanrel.pl\/pl\/wp-json\/wp\/v2\/product_tag?post=6174"}],"curies":[{"name":"wp","href":"https:\/\/api.w.org\/{rel}","templated":true}]}}