{"id":6159,"date":"2025-02-06T16:25:16","date_gmt":"2025-02-06T15:25:16","guid":{"rendered":"https:\/\/lanrel.eu\/?post_type=product&#038;p=6159"},"modified":"2025-02-24T09:54:04","modified_gmt":"2025-02-24T08:54:04","slug":"royal-canin-norvegian-forest-cat-adult-karma-sucha-dla-kotow-doroslych-rasy-norweski-lesny","status":"publish","type":"product","link":"https:\/\/www.lanrel.pl\/pl\/produkt\/royal-canin-norvegian-forest-cat-adult-karma-sucha-dla-kotow-doroslych-rasy-norweski-lesny\/","title":{"rendered":"ROYAL CANIN Norvegian Forest Cat Adult karma sucha dla kot\u00f3w"},"content":{"rendered":"<h2 id=\"description-header\" class=\"z-h2 Tabs_tabHeader__ZXkWL Tabs_selectedTabHeader__Kykx0 Tabs_selectedTabHeaderOpen__e_iDp\" data-zta=\"description\" data-index=\"0\">Opis produktu<\/h2>\n<p>Norweskie koty le\u015bne charakteryzuj\u0105 si\u0119 atletyczn\u0105 budow\u0105 o zwartym ko\u015b\u0107cu oraz przyjaznym nastawieniem. To koty ch\u0119tne do zabawy, o zr\u00f3wnowa\u017conym temperamencie.<\/p>\n<p>ROYAL CANIN\u00ae Norwegian Forest Cat Adult to karma opracowana specjalnie dla norweskich kot\u00f3w le\u015bnych powy\u017cej 12 miesi\u0105ca \u017cycia. Unikalny krokiet, dostosowany do budowy szcz\u0119k norweskich kot\u00f3w le\u015bnych, zach\u0119ca do d\u0142u\u017cszego rozgryzania, spowalniaj\u0105c tempo jedzenia.<\/p>\n<p>Norweskie koty le\u015bne charakteryzuj\u0105 si\u0119 g\u0119st\u0105 sier\u015bci\u0105, sk\u0142adaj\u0105c\u0105 si\u0119 z we\u0142nistego podszerstka pokrytego wodoodporn\u0105 okryw\u0105. Ekskluzywny kompleks sk\u0142adnik\u00f3w pokarmowych, zawarty w karmie ROYAL CANIN\u00ae Norwegian Forest Cat Adult, pomaga wzmacnia\u0107 nieprzepuszczalno\u015b\u0107 bariery sk\u00f3rnej oraz sprzyja zdrowiu sk\u00f3ry i pi\u0119knej sier\u015bci.<\/p>\n<p>Unikalna kompozycja w\u0142\u00f3kna pokarmowego pobudza pasa\u017c jelitowy i zapobiega powstawaniu kul w\u0142osowych.<\/p>\n<p>Norweskie koty le\u015bne dojrzewaj\u0105 p\u00f3\u017ano. Pe\u0142n\u0105 dojrza\u0142o\u015b\u0107 osi\u0105gaj\u0105 dopiero mi\u0119dzy 4 a 5 rokiem \u017cycia. S\u0105 r\u00f3wnie\u017c wi\u0119ksze od przeci\u0119tnych kot\u00f3w &#8211; kocury mog\u0105 osi\u0105gn\u0105\u0107 9 kg.<\/p>\n<p>Cia\u0142o norweskich kot\u00f3w le\u015bnych jest silne, umi\u0119\u015bnione, atletyczne, o mocnych ko\u015bciach. Odpowiednio opracowana receptura sprzyja utrzymaniu optymalnej masy cia\u0142a oraz zdrowiu ko\u015bci i staw\u00f3w.<\/p>\n<p>Dodatek L-karnityny sprzyja lepszemu wykorzystaniu rezerw t\u0142uszczowych.<\/p>\n<p>Unikalny kszta\u0142t krokieta \u201cOnyx 11\u201d, zosta\u0142 dostosowany do budowy kot\u00f3w rasy norweski le\u015bny, by u\u0142atwi\u0107 im chwytanie i rozgryzanie karmy, co sprzyja zmniejszeniu tempa jedzenia.<\/p>\n<p>Misj\u0105 ROYAL CANIN\u00ae jest zapewnianie rozwi\u0105za\u0144 \u017cywieniowych dostosowanych do potrzeb zwierz\u0105t. Wszystkie nasze produkty przechodz\u0105 liczne kontrole jako\u015bci, aby sprosta\u0107 najwy\u017cszym standardom marki i dostarczy\u0107 kotu pokarm dostosowany do jego potrzeb \u017cywieniowych. ROYAL CANIN\u00ae Norwegian Forest Cat Adult jest karm\u0105 pe\u0142noporcjow\u0105.<\/p>\n<p><strong>Zalety:<\/strong><\/p>\n<p style=\"padding-left: 40px;\"><strong>Zdrowa sk\u00f3ra i sier\u015b\u0107\uff1a<\/strong><\/p>\n<p style=\"padding-left: 40px;\">Wzmocnienie nieprzepuszczalno\u015bci bariery sk\u00f3rnej oraz poprawa wybarwienia, po\u0142ysku i jako\u015bci w\u0142osa, dzi\u0119ki dzia\u0142aniu kwas\u00f3w t\u0142uszczowych omega 3 oraz dodatkowi oleju z og\u00f3recznika.<\/p>\n<p style=\"padding-left: 40px;\"><strong>Zapobieganie powstawaniu kul w\u0142osowych\uff1a<\/strong><\/p>\n<p style=\"padding-left: 40px;\">Pobudzenie pasa\u017cu jelitowego i u\u0142atwienie naturalnej eliminacji po\u0142kni\u0119tej sier\u015bci dzi\u0119ki zastosowaniu unikalnej kompozycji w\u0142\u00f3kna pokarmowego.<\/p>\n<p style=\"padding-left: 40px;\"><strong>Idealna masa cia\u0142a i ochrona staw\u00f3w:<\/strong><\/p>\n<div class=\"sc-fqkvVR grmmWd\" data-qa=\"product-benefits-item\">\n<div class=\"sc-dcJsrY dwHOrx\">\n<p class=\"sc-gsFSXq eusNcO\" style=\"padding-left: 40px;\" data-qa=\"product-benefits-item-text\">Receptura karmy sprzyja utrzymaniu prawid\u0142owej masy cia\u0142a, mocnym ko\u015bciom oraz wspomaga funkcjonowanie struktur stawowych.<\/p>\n<\/div>\n<\/div>\n<p style=\"padding-left: 40px;\"><strong>Ochrona uk\u0142adu moczowego:<\/strong><\/p>\n<p style=\"padding-left: 40px;\">Wspieranie prawid\u0142owego funkcjonowania uk\u0142adu moczowego.<\/p>\n<h2><strong>WARTO\u015aCI OD\u017bYWCZE<\/strong><\/h2>\n<p><strong>SK\u0141AD:<\/strong><\/p>\n<p>suszone bia\u0142ka drobiowe, kukurydza, ry\u017c, gluten pszenny*, t\u0142uszcze zwierz\u0119ce, pszenica, hydrolizowane bia\u0142ka zwierz\u0119ce, w\u0142\u00f3kno ro\u015blinne, m\u0105ka pszenna, gluten kukurydziany, pulpa z cykorii, minera\u0142y, olej sojowy, olej z ryb, \u0142uski i nasiona psyllium, produkty dro\u017cd\u017cy, fruktooligosacharydy, dro\u017cd\u017ce (\u017ar\u00f3d\u0142o mannooligosacharyd\u00f3w), olej z og\u00f3recznika (0,1%), glukozamina uzyskana z fermentacji, m\u0105czka z aksamitki, hydrolizowana chrz\u0105stka (\u017ar\u00f3d\u0142o chondroityny). *L.I.P.: bia\u0142ko wyselekcjonowane ze wzgl\u0119du na bardzo wysok\u0105 strawno\u015b\u0107.<\/p>\n<p class=\"sc-jlZhew lbYAQY\" data-qa=\"product-nutritional-info-item-subtitle\"><strong>DODATKI<\/strong><\/p>\n<div class=\"sc-cwHptR iRzDne\" data-testid=\"product-nutrition-content\" aria-expanded=\"true\">DODATKI (na 1 kg karmy): Dodatki dietetyczne: Witamina A: 31000 UI, Witamina D3: 830 UI, \u017belazo (3b103): 38 mg, Jod (3b201, 3b202): 3,8 mg, Mied\u017a (3b405, 3b406): 12 mg, Mangan (3b502, 3b504): 49 mg, Cynk (3b603, 3b605, 3b606): 143 mg, Selen (3b801, 3b811, 3b812): 0,08 mg &#8211; Dodatki technologiczne: Klinoptylolit pochodzenia osadowego: 10 g &#8211; Przeciwutleniacze.<\/div>\n<div data-testid=\"product-nutrition-content\" aria-expanded=\"true\">\n<p class=\"sc-jlZhew lbYAQY\" data-qa=\"product-nutritional-info-item-subtitle\"><strong>SK\u0141ADNIKI ANALITYCZNE<\/strong><\/p>\n<div class=\"sc-cwHptR iRzDne\" data-testid=\"product-nutrition-content\" aria-expanded=\"true\">SK\u0141ADNIKI ANALITYCZNE: Bia\u0142ko surowe: 30,0% &#8211; W\u0142\u00f3kno surowe: 5,6% &#8211; Oleje i t\u0142uszcze surowe: 16,0% &#8211; Popi\u00f3\u0142 surowy: 7,6% &#8211; Kwasy t\u0142uszczowe omega-6: 3,9% &#8211; Kwasy t\u0142uszczowe omega-3: 0,9% &#8211; L-karnityna: 200 mg\/kg.<\/div>\n<\/div>\n<p class=\"sc-jlZhew lbYAQY\" data-qa=\"product-nutritional-info-item-subtitle\"><strong>SPOS\u00d3B U\u017bYCIA<\/strong><\/p>\n<div class=\"sc-cwHptR iRzDne\" data-testid=\"product-nutrition-content\" aria-expanded=\"true\">SPOS\u00d3B U\u017bYCIA: patrz tabela. Najlepiej wykorzysta\u0107 przed: patrz data wa\u017cno\u015bci. Data wa\u017cno\u015bci, numer partii i numer rejestracyjny zak\u0142adu znajduj\u0105 si\u0119 na opakowaniu. Przechowywa\u0107 w suchym i ch\u0142odnym miejscu.<\/div>\n<div data-testid=\"product-nutrition-content\" aria-expanded=\"true\">\n<table style=\"height: 208px;\" width=\"1148\">\n<thead>\n<tr>\n<td>\n<p style=\"text-align: center;\"><strong>Masa cia\u0142a kota<\/strong><\/p>\n<\/td>\n<td style=\"text-align: center;\"><strong>Umiarkowane potrzeby energetyczne<\/strong><\/td>\n<td style=\"text-align: center;\"><strong>Wysokie zapotrzebowanie na energi\u0119<\/strong><\/td>\n<\/tr>\n<\/thead>\n<tbody>\n<tr>\n<td>\n<p style=\"text-align: center;\">3 kg\uff5e 4kg<\/p>\n<\/td>\n<td>\n<p style=\"text-align: center;\">35 \uff5e43 g (13\uff5e21g + 1 saszetka)<\/p>\n<\/td>\n<td>\n<p style=\"text-align: center;\">44 \uff5e 54 g (22\uff5e32 g + 1 saszetka)<\/p>\n<\/td>\n<\/tr>\n<tr>\n<td>\n<p style=\"text-align: center;\">5 kg\uff5e6kg<\/p>\n<\/td>\n<td>\n<p style=\"text-align: center;\">51\uff5e58 g (29 \uff5e 36 g + 1 saszetka)<\/p>\n<\/td>\n<td>\n<p style=\"text-align: center;\">64 \uff5e 73 g (41 \uff5e 50 g + 1 saszetka)<\/p>\n<\/td>\n<\/tr>\n<tr>\n<td style=\"text-align: center;\">7 kg\uff5e8kg<\/td>\n<td style=\"text-align: center;\">65 \uff5e71 g (42 \uff5e 49 g + 1 saszetka)<\/td>\n<td>\n<p style=\"text-align: center;\">81 \uff5e 89 g (59 \uff5e 67 g + 1 saszetka)<\/p>\n<\/td>\n<\/tr>\n<\/tbody>\n<\/table>\n<\/div>","protected":false},"excerpt":{"rendered":"<p>Rozwi\u0105zanie \u017cywieniowe opracowane specjalnie dla kot\u00f3w rasy Norweski Le\u015bny.<\/p>\n<p>Marka: Royal Canin<\/p>\n<p>Faza \u017cycia:: Doros\u0142y<\/p>","protected":false},"featured_media":6166,"comment_status":"open","ping_status":"closed","template":"","meta":{"om_disable_all_campaigns":false,"inline_featured_image":false},"product_brand":[],"product_cat":[42,92,90],"product_tag":[],"class_list":{"0":"post-6159","1":"product","2":"type-product","3":"status-publish","4":"has-post-thumbnail","6":"product_cat-cat-food","7":"product_cat-koty-rasowe","8":"product_cat-royal-canin","10":"first","11":"outofstock","12":"taxable","13":"shipping-taxable","14":"purchasable","15":"product-type-variable"},"_links":{"self":[{"href":"https:\/\/www.lanrel.pl\/pl\/wp-json\/wp\/v2\/product\/6159","targetHints":{"allow":["GET"]}}],"collection":[{"href":"https:\/\/www.lanrel.pl\/pl\/wp-json\/wp\/v2\/product"}],"about":[{"href":"https:\/\/www.lanrel.pl\/pl\/wp-json\/wp\/v2\/types\/product"}],"replies":[{"embeddable":true,"href":"https:\/\/www.lanrel.pl\/pl\/wp-json\/wp\/v2\/comments?post=6159"}],"wp:featuredmedia":[{"embeddable":true,"href":"https:\/\/www.lanrel.pl\/pl\/wp-json\/wp\/v2\/media\/6166"}],"wp:attachment":[{"href":"https:\/\/www.lanrel.pl\/pl\/wp-json\/wp\/v2\/media?parent=6159"}],"wp:term":[{"taxonomy":"product_brand","embeddable":true,"href":"https:\/\/www.lanrel.pl\/pl\/wp-json\/wp\/v2\/product_brand?post=6159"},{"taxonomy":"product_cat","embeddable":true,"href":"https:\/\/www.lanrel.pl\/pl\/wp-json\/wp\/v2\/product_cat?post=6159"},{"taxonomy":"product_tag","embeddable":true,"href":"https:\/\/www.lanrel.pl\/pl\/wp-json\/wp\/v2\/product_tag?post=6159"}],"curies":[{"name":"wp","href":"https:\/\/api.w.org\/{rel}","templated":true}]}}