{"id":6147,"date":"2025-02-05T20:55:31","date_gmt":"2025-02-05T19:55:31","guid":{"rendered":"https:\/\/lanrel.eu\/?post_type=product&#038;p=6147"},"modified":"2025-02-24T09:54:30","modified_gmt":"2025-02-24T08:54:30","slug":"royal-canin-bengal-adult-karma-sucha-dla-kotow-doroslych-rasy-bengal","status":"publish","type":"product","link":"https:\/\/www.lanrel.pl\/pl\/produkt\/royal-canin-bengal-adult-karma-sucha-dla-kotow-doroslych-rasy-bengal\/","title":{"rendered":"ROYAL CANIN Bengal Adult karma sucha dla kot\u00f3w doros\u0142ych rasy bengal"},"content":{"rendered":"<h2 id=\"description-header\" class=\"z-h2 Tabs_tabHeader__ZXkWL Tabs_selectedTabHeader__Kykx0 Tabs_selectedTabHeaderOpen__e_iDp\" data-zta=\"description\" data-index=\"0\">Opis produktu<\/h2>\n<p><img decoding=\"async\" class=\"aligncenter\" src=\"https:\/\/media.mediazs.com\/bilder\/3\/FBN_Bengal_dry_zooplus_module_1_3.png\" alt=\"\u6cd5\u56fd\u7687\u5bb6\u5b5f\u52a0\u62c9\u6210\u5e74\u72ac\" \/><\/p>\n<p>Koty bengalskie, nazywane r\u00f3wnie\u017c ma\u0142ymi lampartami, to rasa o niezwyk\u0142ym pochodzeniu. Te przepi\u0119kne koty to wynik skrzy\u017cowania dzikiego kota bengalskiego z kotem domowym. Du\u017ce oczy oraz charakterystyczna sier\u015b\u0107 w urzekaj\u0105ce plamki i c\u0119tki nadaj\u0105 im dzikiego charakteru.<img decoding=\"async\" class=\"aligncenter\" src=\"https:\/\/zooart.com.pl\/hpeciai\/38a5796c0aa44063e9b0f650daed7cb6\/pol_pm_ROYAL-CANIN-Bengal-Adult-2kg-niespodzianka-dla-kota-GRATIS-71056_2.webp\" \/><\/p>\n<p>ROYAL CANIN\u00ae Bengal Adult to karma opracowana specjalnie dla doros\u0142ych kot\u00f3w bengalskich. Dzi\u0119ki wysokiemu poziomowi bia\u0142ka i odpowiedniej zawarto\u015bci t\u0142uszczu, karma sprzyja utrzymaniu masy mi\u0119\u015bniowej kot\u00f3w bengalskich, pozwalaj\u0105cej na prowadzenie charakterystycznego dla tych kot\u00f3w niezwykle aktywnego trybu \u017cycia.<\/p>\n<p><img decoding=\"async\" class=\"aligncenter\" src=\"https:\/\/www.maxandmrau.pl\/images\/thumbnails\/405\/512\/detailed\/282\/pol_pl_7297-7297_2.jpg\" \/><\/p>\n<p>Karma ROYAL CANIN\u00ae Bengal Adult zawiera bia\u0142ka L.I.P., wyselekcjonowane ze wzgl\u0119du na bardzo wysok\u0105 strawno\u015b\u0107. Zawiera tak\u017ce prebiotyki sprzyjaj\u0105ce utrzymaniu r\u00f3wnowagi flory bakteryjnej jelit i wspomagaj\u0105ce przebieg procesu trawienia.<\/p>\n<p><strong>Zalety:<\/strong><\/p>\n<p style=\"padding-left: 40px;\"><strong>Prawid\u0142owy przebieg trawienia\uff1a<\/strong><\/p>\n<p style=\"padding-left: 40px;\">Specjalnie wyselekcjonowane bia\u0142ka o najwy\u017cszej strawno\u015bci (L.I.P.) wspomagaj\u0105 prawid\u0142owy przebieg trawienia, a optymalny poziom w\u0142\u00f3kna pokarmowego oraz dodatek prebiotyk\u00f3w, wspieraj\u0105 utrzymanie r\u00f3wnowagi flory bakteryjnej jelit.<\/p>\n<p style=\"padding-left: 40px;\"><strong>Atletyczna budowa cia\u0142a\uff1a<\/strong><\/p>\n<p style=\"padding-left: 40px;\">Odpowiedni poziom wysokostrawnych bia\u0142ek (40%) oraz t\u0142uszcz\u00f3w (18%) wspomaga utrzymanie masy mi\u0119\u015bniowej.<\/p>\n<p style=\"padding-left: 40px;\"><strong>Zdrowa sk\u00f3ra i l\u015bni\u0105ca sier\u015b\u0107\uff1a<\/strong><\/p>\n<p style=\"padding-left: 40px;\">Zawarte w karmie odpowiednie aminokwasy, witaminy, kwasy t\u0142uszczowe omega 3 i 6 wspomagaj\u0105 utrzymanie zdrowej sk\u00f3ry i l\u015bni\u0105cej sier\u015bci.<\/p>\n<p style=\"padding-left: 40px;\"><strong>Ochrona uk\u0142adu moczowego\uff1a<\/strong><\/p>\n<p style=\"padding-left: 40px;\">Wspieranie prawid\u0142owego funkcjonowania uk\u0142adu moczowego.<\/p>\n<p>&nbsp;<\/p>\n<p><img decoding=\"async\" class=\"aligncenter\" src=\"https:\/\/media.mediazs.com\/bilder\/3\/FBN_Bengal_dry_zooplus_module_4_3.png\" alt=\"\u6cd5\u56fd\u7687\u5bb6\u5b5f\u52a0\u62c9\u6210\u5e74\u72ac\" \/><\/p>\n<p>Unikalny krokiet w kszta\u0142cie litery Y dostosowany jest to wielko\u015bci szcz\u0119k kot\u00f3w bengalskich. Zach\u0119ca tak\u017ce do rozgryzania karmy i poprawia higien\u0119 jamy ustnej. Ponadto zr\u00f3wnowa\u017cona zawarto\u015b\u0107 soli mineralnych w karmie wp\u0142ywa korzystnie na uk\u0142ad moczowy kot\u00f3w.<\/p>\n<p>&nbsp;<\/p>\n<p style=\"padding-left: 40px;\"><img decoding=\"async\" class=\"aligncenter\" src=\"https:\/\/media.mediazs.com\/bilder\/3\/FBN_Bengal_dry_zooplus_module_5_3.png\" alt=\"\u6cd5\u56fd\u7687\u5bb6\u5b5f\u52a0\u62c9\u6210\u5e74\u72ac\" \/><\/p>\n<p><b>\u017bywienie mieszane<\/b><br \/>\n\u0141\u0105czenie karmy mokrej z karm\u0105 such\u0105 niesie ze sob\u0105 korzy\u015bci p\u0142yn\u0105ce z pozytywnych w\u0142a\u015bciwo\u015bci obu form po\u017cywienia. Karma mokra jest dla kot\u00f3w wyj\u0105tkowo smaczna, dostarcza wa\u017cne sk\u0142adniki od\u017cywcze, a dzi\u0119ki wysokiej wilgotno\u015bci ma prozdrowotny wp\u0142yw na nerki i drogi moczowe. Jedna saszetka zawieraj\u0105ca 100 g karmy mokrej pokrywa a\u017c po\u0142ow\u0119 dziennego zapotrzebowania zwierz\u0119cia na p\u0142yny! Karma sucha odpowiada naturalnym zachowaniom kot\u00f3w, polegaj\u0105cym na przyjmowaniu bez przerwy ma\u0142ych porcji po\u017cywienia przez ca\u0142y dzie\u0144. Opr\u00f3cz piel\u0119gnacji z\u0119b\u00f3w i dzi\u0105se\u0142 kolejn\u0105 zalet\u0105 karmy suchej jest wysokie st\u0119\u017cenie sk\u0142adnik\u00f3w od\u017cywczych, np. bia\u0142ka lub b\u0142onnika pokarmowego. Liczne badania potwierdzaj\u0105, \u017ce \u0142\u0105czenie pokarm\u00f3w w mokrej i suchej postaci jest zgodne z naturalnymi zachowaniami \u017cywieniowymi kot\u00f3w, wykazuj\u0105c jednocze\u015bnie w\u0142a\u015bciwo\u015bci prozdrowotne!<\/p>\n<p><img decoding=\"async\" class=\"aligncenter\" src=\"https:\/\/media.mediazs.com\/bilder\/3\/FBN_Bengal_dry_zooplus_module_6_3.png\" alt=\"Royal Canin Breed Bengal Adult\" \/><\/p>\n<p>&nbsp;<\/p>\n<h2>WARTO\u015aCI OD\u017bYWCZE<\/h2>\n<div style=\"padding-left: 40px;\" data-testid=\"product-nutrition-content\" aria-expanded=\"true\"><strong>SK\u0141AD<\/strong><\/div>\n<div data-testid=\"product-nutrition-content\" aria-expanded=\"true\"><\/div>\n<div class=\"sc-cwHptR iRzDne\" style=\"padding-left: 40px;\" data-testid=\"product-nutrition-content\" aria-expanded=\"true\">Suszone bia\u0142ka drobiowe, gluten pszenny*, pszenica, t\u0142uszcze zwierz\u0119ce, gluten kukurydziany, kukurydza, hydrolizowane bia\u0142ka zwierz\u0119ce, ry\u017c, w\u0142\u00f3kno ro\u015blinne, pulpa z cykorii, minera\u0142y, olej sojowy, olej z ryb, produkty dro\u017cd\u017cy, fruktooligosacharydy, olej z og\u00f3recznika, m\u0105czka z aksamitki. *L.I.P.: bia\u0142ko wyselekcjonowane ze wzgl\u0119du na bardzo wysok\u0105 strawno\u015b\u0107.<\/div>\n<div data-testid=\"product-nutrition-content\" aria-expanded=\"true\"><\/div>\n<div data-testid=\"product-nutrition-content\" aria-expanded=\"true\"><\/div>\n<div style=\"padding-left: 40px;\" data-testid=\"product-nutrition-content\" aria-expanded=\"true\"><strong>DODATKI<\/strong><\/div>\n<div data-testid=\"product-nutrition-content\" aria-expanded=\"true\">\n<div class=\"sc-dhKdcB kJNutb\"><\/div>\n<div class=\"sc-cwHptR iRzDne\" style=\"padding-left: 40px;\" data-testid=\"product-nutrition-content\" aria-expanded=\"true\">DODATKI (na 1 kg karmy): Dodatki dietetyczne: Witamina A: 32400 UI, Witamina D3: 864 UI, \u017belazo (3b103): 34 mg, Jod (3b201, 3b202): 3,4 mg, Mied\u017a (3b405, 3b406): 10 mg, Mangan (3b502, 3b504): 44 mg, Cynk (3b603, 3b605, 3b606): 130 mg, Selen (3b801, 3b811, 3b812): 0,07 mg &#8211; Dodatki technologiczne: Klinoptylolit pochodzenia osadowego: 10 g &#8211; Przeciwutleniacze.<\/div>\n<\/div>\n<div data-testid=\"product-nutrition-content\" aria-expanded=\"true\"><\/div>\n<div data-testid=\"product-nutrition-content\" aria-expanded=\"true\"><\/div>\n<div style=\"padding-left: 40px;\" data-testid=\"product-nutrition-content\" aria-expanded=\"true\"><strong>SK\u0141ADNIKI ANALITYCZNE<\/strong><\/div>\n<div data-testid=\"product-nutrition-content\" aria-expanded=\"true\">\n<div class=\"sc-dhKdcB kJNutb\"><\/div>\n<div class=\"sc-cwHptR iRzDne\" style=\"padding-left: 40px;\" data-testid=\"product-nutrition-content\" aria-expanded=\"true\">Bia\u0142ko surowe: 40,0% &#8211; W\u0142\u00f3kno surowe: 3,7% &#8211; Oleje i t\u0142uszcze surowe: 18,0% &#8211; Popi\u00f3\u0142 surowy: 7,6% &#8211; Kwasy t\u0142uszczowe omega-6: 4,4% &#8211; Kwasy t\u0142uszczowe omega-3: 0,9%.<\/div>\n<div data-testid=\"product-nutrition-content\" aria-expanded=\"true\">\n<p style=\"padding-left: 40px;\"><strong>SPOS\u00d3B U\u017bYCIA:<\/strong><\/p>\n<p style=\"padding-left: 40px;\">patrz tabela. Najlepiej wykorzysta\u0107 przed: patrz data wa\u017cno\u015bci. Data wa\u017cno\u015bci, numer partii i numer rejestracyjny zak\u0142adu znajduj\u0105 si\u0119 na opakowaniu. Przechowywa\u0107 w suchym i ch\u0142odnym miejscu.<\/p>\n<table style=\"height: 253px;\" width=\"1139\">\n<thead>\n<tr>\n<td>\n<p style=\"text-align: center;\"><strong>Masa cia\u0142a kota<\/strong><\/p>\n<\/td>\n<td style=\"text-align: center;\"><strong>Niska aktywno\u015b\u0107<\/strong><\/td>\n<td style=\"text-align: center;\"><strong>Wysoka aktywno\u015b\u0107<\/strong><\/td>\n<\/tr>\n<\/thead>\n<tbody>\n<tr>\n<td>\n<p style=\"text-align: center;\">3-4 kg<\/p>\n<\/td>\n<td>\n<p style=\"text-align: center;\">31-41 g (1 saszetka +12-20 g)<\/p>\n<\/td>\n<td>\n<p style=\"text-align: center;\">42-51 g (1 saszetka +21-30 g)<\/p>\n<\/td>\n<\/tr>\n<tr>\n<td>\n<p style=\"text-align: center;\">5-6 kg<\/p>\n<\/td>\n<td>\n<p style=\"text-align: center;\">48-55 g (1 saszetka + 27-34 g)<\/p>\n<\/td>\n<td>\n<p style=\"text-align: center;\">60-69 g (1 saszetka + 39-48 g)<\/p>\n<\/td>\n<\/tr>\n<tr>\n<td style=\"text-align: center;\">7-8 kg<\/td>\n<td style=\"text-align: center;\">61-67 g (1 saszetka + 40-46 g)<\/td>\n<td>\n<p style=\"text-align: center;\">77-84 g (1 saszetka + 55-63 g)<\/p>\n<\/td>\n<\/tr>\n<\/tbody>\n<\/table>\n<\/div>\n<\/div>\n<p>&nbsp;<\/p>","protected":false},"excerpt":{"rendered":"<p>Rozwi\u0105zanie \u017cywieniowe opracowane specjalnie dla doros\u0142ych kot\u00f3w rasy bengalskiej<\/p>\n<p>Marka: Royal Canin<\/p>\n<p>Faza \u017cycia:: Doros\u0142y<\/p>","protected":false},"featured_media":6155,"comment_status":"open","ping_status":"closed","template":"","meta":{"om_disable_all_campaigns":false,"inline_featured_image":false},"product_brand":[],"product_cat":[42,92,90],"product_tag":[],"class_list":{"0":"post-6147","1":"product","2":"type-product","3":"status-publish","4":"has-post-thumbnail","6":"product_cat-cat-food","7":"product_cat-koty-rasowe","8":"product_cat-royal-canin","10":"first","11":"outofstock","12":"taxable","13":"shipping-taxable","14":"purchasable","15":"product-type-variable","16":"has-default-attributes"},"_links":{"self":[{"href":"https:\/\/www.lanrel.pl\/pl\/wp-json\/wp\/v2\/product\/6147","targetHints":{"allow":["GET"]}}],"collection":[{"href":"https:\/\/www.lanrel.pl\/pl\/wp-json\/wp\/v2\/product"}],"about":[{"href":"https:\/\/www.lanrel.pl\/pl\/wp-json\/wp\/v2\/types\/product"}],"replies":[{"embeddable":true,"href":"https:\/\/www.lanrel.pl\/pl\/wp-json\/wp\/v2\/comments?post=6147"}],"wp:featuredmedia":[{"embeddable":true,"href":"https:\/\/www.lanrel.pl\/pl\/wp-json\/wp\/v2\/media\/6155"}],"wp:attachment":[{"href":"https:\/\/www.lanrel.pl\/pl\/wp-json\/wp\/v2\/media?parent=6147"}],"wp:term":[{"taxonomy":"product_brand","embeddable":true,"href":"https:\/\/www.lanrel.pl\/pl\/wp-json\/wp\/v2\/product_brand?post=6147"},{"taxonomy":"product_cat","embeddable":true,"href":"https:\/\/www.lanrel.pl\/pl\/wp-json\/wp\/v2\/product_cat?post=6147"},{"taxonomy":"product_tag","embeddable":true,"href":"https:\/\/www.lanrel.pl\/pl\/wp-json\/wp\/v2\/product_tag?post=6147"}],"curies":[{"name":"wp","href":"https:\/\/api.w.org\/{rel}","templated":true}]}}