{"id":6130,"date":"2025-02-05T16:37:29","date_gmt":"2025-02-05T15:37:29","guid":{"rendered":"https:\/\/lanrel.eu\/?post_type=product&#038;p=6130"},"modified":"2025-04-27T04:48:08","modified_gmt":"2025-04-27T02:48:08","slug":"royal-canin-maine-coon-kitten-karma-sucha-dla-kociat","status":"publish","type":"product","link":"https:\/\/www.lanrel.pl\/pl\/produkt\/royal-canin-maine-coon-kitten-karma-sucha-dla-kociat\/","title":{"rendered":"ROYAL CANIN Maine Coon Kitten karma sucha dla koci\u0105t"},"content":{"rendered":"<h2 id=\"description-header\" class=\"z-h2 Tabs_tabHeader__ZXkWL Tabs_selectedTabHeader__Kykx0\" data-zta=\"description\" data-index=\"0\">Opis produktu<\/h2>\n<p>ROYAL CANIN\u00ae Maine Coon Kitten to karma opracowana specjalnie dla koci\u0105t rasy maine coon \u2013 do 15 miesi\u0105ca \u017cycia. Odpowiednio dostosowana dieta dba o prawid\u0142owy rozw\u00f3j koci\u0119cia przez ca\u0142y okres wzrostu.<\/p>\n<p>&nbsp;<\/p>\n<p><img decoding=\"async\" class=\"aligncenter\" src=\"https:\/\/media.mediazs.com\/bilder\/1\/400\/RCFBNKittenMaineCoonCV2cat_002_POLANDPOLISH_1.jpg\" \/><\/p>\n<p>Okres wzrostu koci\u0105t rasy maine coon jest wyd\u0142u\u017cony, aby prawid\u0142owo rozwin\u0105\u0107 szkielet tego masywnego kota. Karma ROYAL CANIN\u00ae Maine Coon Kitten charakteryzuje si\u0119 dostosowanym poziomem energii i bia\u0142ka oraz r\u00f3wnowag\u0105 witamin (w tym witaminy D) i soli mineralnych, co sprzyja prawid\u0142owemu rozwojowi ko\u015b\u0107ca i struktur stawowych.<\/p>\n<p>Uk\u0142ad pokarmowy koci\u0119cia ca\u0142y czas si\u0119 rozwija. Dla prawid\u0142owego przebiegu trawienia wa\u017cne s\u0105 bia\u0142ka wysokiej jako\u015bci. Karma ROYAL CANIN\u00ae Maine Coon Kitten zawiera wysokostrawne bia\u0142ka L.I.P. oraz prebiotyki sprzyjaj\u0105ce r\u00f3wnowadze flory bakteryjnej jelit.<\/p>\n<p>Uk\u0142ad immunologiczny rozwija si\u0119 przez ca\u0142y okres wzrostu. Opatentowany kompleks wsp\u00f3\u0142dzia\u0142aj\u0105cych przeciwutleniaczy (takich jak witamina E) sprzyja rozwojowi naturalnych mechanizm\u00f3w obronnych organizmu koci\u0119cia.<\/p>\n<p>&nbsp;<\/p>\n<p><img decoding=\"async\" class=\"aligncenter\" src=\"https:\/\/media.mediazs.com\/bilder\/1\/400\/RCFBNKittenMaineCoonCV3_018_POLANDPOLISH_1.jpg\" \/><\/p>\n<p>Unikalny kszta\u0142t i rozmiar krokieta, dostosowany do wielko\u015bci szcz\u0119k, zach\u0119ca do rozgryzania karmy oraz sprzyja higienie jamy ustnej.<\/p>\n<p>Unikalny kszta\u0142t i rozmiar krokieta \u201cMalachite 9\u201d, zosta\u0142y dostosowane do budowy koci\u0105t rasy maine coon, by u\u0142atwi\u0107 im chwytanie i rozgryzanie karmy.<\/p>\n<p>&nbsp;<\/p>\n<p style=\"padding-left: 40px;\"><strong>Zalety:<\/strong><\/p>\n<p style=\"padding-left: 40px;\"><strong>Prawid\u0142owy rozw\u00f3j\uff1a<\/strong><\/p>\n<p style=\"padding-left: 40px;\">Optymalna zawarto\u015b\u0107 wapnia, fosforu i witaminy D oraz dodatek glukozaminy i chondroityny zapewniaj\u0105 optymalny przebieg rozwoju szkieletu oraz ochron\u0119 struktur stawowych.<\/p>\n<p style=\"padding-left: 40px;\"><strong>Ochrona przewodu pokarmowego\uff1a<\/strong><\/p>\n<p style=\"padding-left: 40px;\">Zapewnienie optymalnego trawienia, dzi\u0119ki zawarto\u015bci wysokostrawnego bia\u0142ka (L.I.P.*) oraz sprzyjanie r\u00f3wnowadze flory bakteryjnej jelit dzieki obecno\u015bci prebiotyk\u00f3w.<\/p>\n<p style=\"padding-left: 40px;\"><strong>Wzmocnienie naturalnej odporno\u015bci\uff1a<\/strong><\/p>\n<div class=\"sc-fqkvVR grmmWd\" data-qa=\"product-benefits-item\">\n<div class=\"sc-dcJsrY dwHOrx\">\n<p class=\"sc-gsFSXq eusNcO\" style=\"padding-left: 40px;\" data-qa=\"product-benefits-item-text\">Sprzyjanie rozwojowi naturalnych mechanizm\u00f3w obronnych organizmu koci\u0119cia poprzez kompleks opatentowanych wsp\u00f3\u0142dzia\u0142aj\u0105cych przeciwutleniaczy (wit. E, C, luteina, tauryna).<\/p>\n<\/div>\n<\/div>\n<p style=\"padding-left: 40px;\"><strong>Najwy\u017csza strawno\u015b\u0107\uff1a<\/strong><\/p>\n<p style=\"padding-left: 40px;\">Bia\u0142ko L.I.P. wyselekcjonowane ze wzgl\u0119du na bardzo wysok\u0105 przyswajalno\u015b\u0107, powy\u017cej 90%.<\/p>\n<p style=\"padding-left: 40px;\"><strong>Specjalnie opracowany krokiet<\/strong><\/p>\n<p style=\"padding-left: 40px;\">Unikalny kszta\u0142t i rozmiar krokieta \u201cMalachite 9\u201d, zosta\u0142y dostosowane do budowy koci\u0105t rasy maine coon, by u\u0142atwi\u0107 im chwytanie i rozgryzanie karmy.<\/p>\n<p>&nbsp;<\/p>\n<h2>WARTO\u015aCI OD\u017bYWCZE<\/h2>\n<p style=\"padding-left: 40px;\"><strong>SK\u0141AD: <\/strong><\/p>\n<p style=\"padding-left: 40px;\">suszone bia\u0142ka drobiowe, t\u0142uszcze zwierz\u0119ce, ry\u017c, gluten pszenny*, m\u0105ka pszenna, kukurydza, hydrolizowane bia\u0142ka zwierz\u0119ce, w\u0142\u00f3kno ro\u015blinne, wys\u0142odki buraczane, produkty dro\u017cd\u017cy, olej z ryb, minera\u0142y, olej sojowy, fruktooligosacharydy, \u0142uski i nasiona psyllium, dro\u017cd\u017ce (\u017ar\u00f3d\u0142o mannooligosacharyd\u00f3w i beta-glukan\u00f3w), olej z og\u00f3recznika, m\u0105czka z aksamitki, glukozamina uzyskana z fermentacji, hydrolizowana chrz\u0105stka (\u017ar\u00f3d\u0142o chondroityny) *L.I.P.: bia\u0142ko wyselekcjonowane ze wzgl\u0119du na bardzo wysok\u0105 strawno\u015b\u0107.<\/p>\n<p style=\"padding-left: 40px;\"><strong>DODATKI (na 1 kg karmy): <\/strong><\/p>\n<p style=\"padding-left: 40px;\">Dodatki dietetyczne: Witamina A: 33500 UI, Witamina D3: 900 UI, Witamina E: 670 mg, \u017belazo (3b103): 31 mg, Jod (3b201, 3b202): 3,1 mg, Mied\u017a (3b405, 3b406): 10 mg, Mangan (3b502, 3b504): 41 mg, Cynk (3b603, 3b605, 3b606): 118 mg, Selen (3b801, 3b811, 3b812): 0,06 mg &#8211; Dodatki technologiczne: Klinoptylolit pochodzenia osadowego: 10 g &#8211; Przeciwutleniacze.<\/p>\n<p style=\"padding-left: 40px;\"><strong>SK\u0141ADNIKI ANALITYCZNE: <\/strong><\/p>\n<p style=\"padding-left: 40px;\">Bia\u0142ko surowe: 36,0% &#8211; W\u0142\u00f3kno surowe: 2,9% &#8211; Oleje i t\u0142uszcze surowe: 23,0% &#8211; Popi\u00f3\u0142 surowy: 8,4% &#8211; Wap\u0144: 1,3% &#8211; Fosfor: 1,1%.<\/p>\n<p style=\"padding-left: 40px;\"><strong>SPOS\u00d3B U\u017bYCIA:<\/strong><\/p>\n<p style=\"padding-left: 40px;\">patrz tabela. Najlepiej wykorzysta\u0107 przed: patrz data wa\u017cno\u015bci. Data wa\u017cno\u015bci, numer partii i numer rejestracyjny zak\u0142adu znajduj\u0105 si\u0119 na opakowaniu. Przechowywa\u0107 w suchym i ch\u0142odnym miejscu.<\/p>\n<table>\n<thead>\n<tr>\n<td><strong>Wiek koci\u0105t<\/strong><\/td>\n<td><strong>3-&gt;4 miesi\u0105c<\/strong><\/td>\n<td><strong>5-&gt;7 miesi\u0105c<\/strong><\/td>\n<td><strong>8-&gt;11 miesi\u0105c<\/strong><\/td>\n<td><strong>12-&gt;15 miesi\u0105c<\/strong><\/td>\n<\/tr>\n<\/thead>\n<tbody>\n<tr>\n<td>Waga kota<\/td>\n<td>1.5-3.6 kg<\/td>\n<td>2.6-4.8 kg<\/td>\n<td>3.4-6.3 kg<\/td>\n<td>4.2-7.6 kg<\/td>\n<\/tr>\n<tr>\n<td>Suchej karmy<\/td>\n<td>69-100 g<\/td>\n<td>77-109 g<\/td>\n<td>77-93 g<\/td>\n<td>64-80 g<\/td>\n<\/tr>\n<tr>\n<td>\u017bywienie mieszane (Karma mokra + sucha)<\/td>\n<td>1\/2 puszka Mother &amp; Babycat + 45-76 g<\/td>\n<td>1 saszetka Kitten + 56-87 g<\/td>\n<td>1 saszetka Kitten + 56-72 g<\/td>\n<td>1 saszetka Kitten + 43-59 g<\/td>\n<\/tr>\n<\/tbody>\n<\/table>","protected":false},"excerpt":{"rendered":"<p>Do 15 miesi\u0105ca, rasy maine coon, pe\u0142nowarto\u015bciowa karma dla koci\u0105t rasy Maine Coon oraz kotek w okresie ci\u0105\u017cy i laktacji.<\/p>\n<p>Marka: Royal Canin<\/p>\n<p>Przedzia\u0142 wiekowy:koci\u0105t<\/p>","protected":false},"featured_media":6139,"comment_status":"open","ping_status":"closed","template":"","meta":{"om_disable_all_campaigns":false,"inline_featured_image":false},"product_brand":[],"product_cat":[91,90],"product_tag":[],"class_list":{"0":"post-6130","1":"product","2":"type-product","3":"status-publish","4":"has-post-thumbnail","6":"product_cat-kocieta","7":"product_cat-royal-canin","9":"first","10":"outofstock","11":"taxable","12":"shipping-taxable","13":"product-type-variable","14":"has-default-attributes"},"_links":{"self":[{"href":"https:\/\/www.lanrel.pl\/pl\/wp-json\/wp\/v2\/product\/6130","targetHints":{"allow":["GET"]}}],"collection":[{"href":"https:\/\/www.lanrel.pl\/pl\/wp-json\/wp\/v2\/product"}],"about":[{"href":"https:\/\/www.lanrel.pl\/pl\/wp-json\/wp\/v2\/types\/product"}],"replies":[{"embeddable":true,"href":"https:\/\/www.lanrel.pl\/pl\/wp-json\/wp\/v2\/comments?post=6130"}],"wp:featuredmedia":[{"embeddable":true,"href":"https:\/\/www.lanrel.pl\/pl\/wp-json\/wp\/v2\/media\/6139"}],"wp:attachment":[{"href":"https:\/\/www.lanrel.pl\/pl\/wp-json\/wp\/v2\/media?parent=6130"}],"wp:term":[{"taxonomy":"product_brand","embeddable":true,"href":"https:\/\/www.lanrel.pl\/pl\/wp-json\/wp\/v2\/product_brand?post=6130"},{"taxonomy":"product_cat","embeddable":true,"href":"https:\/\/www.lanrel.pl\/pl\/wp-json\/wp\/v2\/product_cat?post=6130"},{"taxonomy":"product_tag","embeddable":true,"href":"https:\/\/www.lanrel.pl\/pl\/wp-json\/wp\/v2\/product_tag?post=6130"}],"curies":[{"name":"wp","href":"https:\/\/api.w.org\/{rel}","templated":true}]}}