{"id":6117,"date":"2025-02-03T17:27:20","date_gmt":"2025-02-03T16:27:20","guid":{"rendered":"https:\/\/lanrel.eu\/?post_type=product&#038;p=6117"},"modified":"2025-06-04T12:28:45","modified_gmt":"2025-06-04T10:28:45","slug":"royal-canin-maine-coon-adult-karma-sucha-dla-kotow-doroslych-rasy-maine-coon","status":"publish","type":"product","link":"https:\/\/www.lanrel.pl\/pl\/produkt\/royal-canin-maine-coon-adult-karma-sucha-dla-kotow-doroslych-rasy-maine-coon\/","title":{"rendered":"ROYAL CANIN Maine Coon Adult  karma sucha dla kot\u00f3w doros\u0142ych rasy maine coon"},"content":{"rendered":"<h2 id=\"description-header\" class=\"z-h2 Tabs_tabHeader__ZXkWL Tabs_selectedTabHeader__Kykx0\" data-zta=\"description\" data-index=\"0\"><\/h2>\n<p>&nbsp;<\/p>\n<p><img decoding=\"async\" src=\"https:\/\/zooart.com.pl\/data\/include\/cms\/rc_2022\/FBN_Maine_Coon_Adult_Dry-01.png\" \/><\/p>\n<p><img decoding=\"async\" src=\"https:\/\/zooart.com.pl\/data\/include\/cms\/rc_2022\/FBN_Maine_Coon_Adult_Dry-02.png\" \/>Je\u015bli jeste\u015b opiekunem kota rasy maine coon, wiesz \u017ce to najwi\u0119kszy z kot\u00f3w domowych na \u015bwiecie, maj\u0105cy przy tym niezwykle \u0142agodny charakter. Mocny ko\u015bciec i muskularne cia\u0142o powoduj\u0105, \u017ce koty tej rasy s\u0105 trzy razy ci\u0119\u017csze od przeci\u0119tnego kota.<\/p>\n<p>ROYAL CANIN\u00ae Maine Coon Adult to karma opracowana specjalnie dla kot\u00f3w doros\u0142ych- powy\u017cej 15 miesi\u0105ca \u017cycia, rasy maine coon. Mo\u017cesz by\u0107 pewny, \u017ce dostarczanie Twojemu kotu wszystkich niezb\u0119dnych sk\u0142adnik\u00f3w pokarmowych jest dla nas tak samo wa\u017cne, jak dla Ciebie.<\/p>\n<p><img decoding=\"async\" src=\"https:\/\/zooart.com.pl\/data\/include\/cms\/rc_2022\/FBN_Maine_Coon_Adult_Dry-03.png\" \/><\/p>\n<p><img decoding=\"async\" src=\"https:\/\/zooart.com.pl\/data\/include\/cms\/rc_2022\/FBN_Maine_Coon_Adult_Dry-04.png\" \/>Karma ROYAL CANIN\u00ae Maine Coon Adult wzbogacona jest w tauryn\u0119 oraz kwasy t\u0142uszczowe EPA i DHA (kwasy t\u0142uszczowe omega 3), dzi\u0119ki czemu sprzyja prawid\u0142owej pracy serca.<br \/>\nKwasy t\u0142uszczowe EPA i DHA wp\u0142ywaj\u0105 korzystnie tak\u017ce na ko\u015bci i stawy. W zwi\u0105zku z budow\u0105 cia\u0142a, wa\u017cna jest ochrona struktur stawowych.<br \/>\nSpecyficzne aminokwasy, witaminy oraz kwasy t\u0142uszczowe omega 3 i omega 6 sprzyjaj\u0105 zdrowej sk\u00f3rze i pi\u0119knej sier\u015bci. Koty rasy maine coon maj\u0105 g\u0119st\u0105, p\u00f3\u0142d\u0142ug\u0105 sier\u015b\u0107 z podszerstkiem. Opr\u00f3cz dostarczenia odpowiednich sk\u0142adnik\u00f3w pokarmowych, sier\u015b\u0107 tych kot\u00f3w wymaga regularnej piel\u0119gnacji.<\/p>\n<p><img decoding=\"async\" src=\"https:\/\/zooart.com.pl\/data\/include\/cms\/rc_2022\/FBN_Maine_Coon_Adult_Dry-05.png\" \/><\/p>\n<p><strong>Zalety:<\/strong><\/p>\n<p style=\"padding-left: 40px;\"><strong>Zdrowe ko\u015bci i stawy\uff1a<\/strong><\/p>\n<p style=\"padding-left: 40px;\">Masywna i zwarta sylwetka u kot\u00f3w rasy maine coon mo\u017ce powodowa\u0107 silne obci\u0105\u017cenie staw\u00f3w. Ochron\u0119 ko\u015bci i staw\u00f3w zapewnia wysoka zawarto\u015b\u0107 kwas\u00f3w t\u0142uszczowych EPA i DHA.<\/p>\n<p style=\"padding-left: 40px;\"><strong>Ochrona serca\uff1a<\/strong><\/p>\n<p style=\"padding-left: 40px;\">Receptura wzbogacona w sk\u0142adniki od\u017cywcze, takie jak tauryna oraz kwasy t\u0142uszczowe EPA i DHA, kt\u00f3re wspomagaj\u0105 prawid\u0142ow\u0105 prac\u0119 mi\u0119\u015bnia sercowego.<\/p>\n<p style=\"padding-left: 40px;\"><strong>Zdrowa sk\u00f3ra i sier\u015b\u0107\uff1a<\/strong><\/p>\n<p style=\"padding-left: 40px;\">Koty rasy maine coon maj\u0105 p\u00f3\u0142d\u0142ug\u0105, g\u0119st\u0105 sier\u015b\u0107 i cienki, delikatny podszerstek. Receptura zawieraj\u0105ca kombinacj\u0119 specjalnie dobranych sk\u0142adnik\u00f3w od\u017cywczych, takich jak aminokwasy, witaminy oraz kwasy t\u0142uszczowe Omega 3 i Omega 6, kt\u00f3re pomagaj\u0105 zapewni\u0107 zdrow\u0105 sk\u00f3r\u0119 i sier\u015b\u0107.<\/p>\n<p style=\"padding-left: 40px;\"><strong>Zdrowie uk\u0142adu moczowego\uff1a<\/strong><\/p>\n<p style=\"padding-left: 40px;\">Receptura wspomagaj\u0105ca prawid\u0142owe funkcjonowanie uk\u0142adu moczowego u doros\u0142ych kot\u00f3w, dzi\u0119ki odpowiedniej koncentracji soli mineralnych.<\/p>\n<p style=\"padding-left: 40px;\"><strong>Specjalnie opracowany krokiet\uff1a<\/strong><\/p>\n<p style=\"padding-left: 40px;\">Specjalnie opracowany krokiet o kwadratowym kszta\u0142cie jest dostosowany do du\u017cych szcz\u0119k kot\u00f3w rasy maine coon. Jego unikalny kszta\u0142t zach\u0119ca do \u017cucia, wspomagaj\u0105c higien\u0119 jamy ustnej.<\/p>\n<p>&nbsp;<\/p>\n<p><img decoding=\"async\" src=\"https:\/\/zooart.com.pl\/data\/include\/cms\/rc_2022\/FBN_Maine_Coon_Adult_Dry-06.png\" \/>Koty rasy maine coon charakteryzuj\u0105 si\u0119 du\u017c\u0105 szcz\u0119k\u0105, co wp\u0142ywa na spos\u00f3b pobierania i rozgryzania pokarmu. Unikalny kszta\u0142t krokieta, dostosowany do wielko\u015bci szcz\u0119k kota, zach\u0119ca do d\u0142u\u017cszego rozgryzania karmy, co sprzyja higienie jamy ustnej.<\/p>\n<p>&nbsp;<\/p>\n<p><img decoding=\"async\" src=\"https:\/\/zooart.com.pl\/data\/include\/cms\/rc_2022\/FBN_Maine_Coon_Adult_Dry-07.png\" \/><\/p>\n<p>Maj\u0105c na uwadze preferencje \u017cywieniowe kot\u00f3w, karma ROYAL CANIN\u00ae Maine Coon Adult jest dost\u0119pna tak\u017ce w formie kawa\u0142k\u00f3w w smakowitym sosie. W przypadku \u017cywienia karm\u0105 mokr\u0105 i such\u0105 nale\u017cy zapozna\u0107 si\u0119 z tabel\u0105 dawkowania, aby dobra\u0107 odpowiedni\u0105 porcj\u0119 poszczeg\u00f3lnych karm.<\/p>\n<p><img decoding=\"async\" src=\"https:\/\/zooart.com.pl\/data\/include\/cms\/rc_2022\/FBN_Maine_Coon_Adult_Dry-08.png\" \/><\/p>\n<h2>WARTO\u015aCI OD\u017bYWCZE<\/h2>\n<p style=\"padding-left: 40px;\"><strong>SK\u0141AD: <\/strong><\/p>\n<p style=\"padding-left: 40px;\">suszone bia\u0142ka drobiowe, ry\u017c, kukurydza, t\u0142uszcze zwierz\u0119ce, gluten kukurydziany, gluten pszenny*, w\u0142\u00f3kno ro\u015blinne, hydrolizowane bia\u0142ka zwierz\u0119ce, wys\u0142odki buraczane, minera\u0142y, olej sojowy, olej z ryb, produkty dro\u017cd\u017cy, fruktooligosacharydy, \u0142uski i nasiona psyllium, dro\u017cd\u017ce (\u017ar\u00f3d\u0142o mannooligosacharyd\u00f3w), olej z og\u00f3recznika, glukozamina uzyskana z fermentacji, m\u0105czka z aksamitki, hydrolizowana chrz\u0105stka (\u017ar\u00f3d\u0142o chondroityny). *L.I.P.: bia\u0142ko wyselekcjonowane ze wzgl\u0119du na bardzo wysok\u0105 strawno\u015b\u0107.<\/p>\n<p style=\"padding-left: 40px;\"><strong>DODATKI (na 1 kg karmy): <\/strong><\/p>\n<p style=\"padding-left: 40px;\">Witamina A: 30680 UI, Witamina D3: 820 UI, Tauryna: 3 g, \u017belazo (3b103): 37 mg, Jod (3b201, 3b202): 3,7 mg, Mied\u017a (3b405, 3b406): 11 mg, Mangan (3b502, 3b504): 48 mg, Cynk (3b603, 3b605, 3b606): 140 mg, Selen (3b801, 3b811, 3b812): 0,08 mg &#8211; Dodatki technologiczne: Klinoptylolit pochodzenia osadowego: 10 g &#8211; Przeciwutleniacze.<\/p>\n<p style=\"padding-left: 40px;\"><strong>SK\u0141ADNIKI ANALITYCZNE: <\/strong><\/p>\n<p style=\"padding-left: 40px;\">Bia\u0142ko surowe: 31,0% &#8211; W\u0142\u00f3kno surowe: 4,9% &#8211; Oleje i t\u0142uszcze surowe: 20,0% &#8211; Popi\u00f3\u0142 surowy: 7,5% &#8211; Kwasy t\u0142uszczowe omega-6: 4,9% &#8211; Kwasy t\u0142uszczowe omega-3: 0,9% &#8211; EPA\/DHA: 0,4%.<\/p>\n<p style=\"padding-left: 40px;\"><strong>SPOS\u00d3B U\u017bYCIA:<\/strong><\/p>\n<p style=\"padding-left: 40px;\">patrz tabela. Najlepiej wykorzysta\u0107 przed: patrz data wa\u017cno\u015bci. Data wa\u017cno\u015bci, numer partii i numer rejestracyjny zak\u0142adu znajduj\u0105 si\u0119 na opakowaniu. Przechowywa\u0107 w suchym i ch\u0142odnym miejscu.<\/p>\n<table border=\"\" width=\"80%\">\n<colgroup>\n<col width=\"25%\" \/>\n<col width=\"25%\" \/>\n<col width=\"25%\" \/>\n<col width=\"25%\" \/><\/colgroup>\n<tbody>\n<tr>\n<td style=\"text-align: center;\" align=\"center\"><small><b>Waga kota<\/b><\/small><\/td>\n<td style=\"text-align: center;\" align=\"center\"><small><b>Niedowaga<\/b><\/small><\/td>\n<td style=\"text-align: center;\" align=\"center\"><small><b>Prawid\u0142owa waga<\/b><\/small><\/td>\n<td style=\"text-align: center;\" align=\"center\"><small><b>Nadwaga<\/b><\/small><\/td>\n<\/tr>\n<tr>\n<td align=\"center\"><small>3 kg<\/small><\/td>\n<td align=\"center\"><small>50<\/small><\/td>\n<td align=\"center\"><small>\u2014<\/small><\/td>\n<td align=\"center\"><small>&#8211;<\/small><\/td>\n<\/tr>\n<tr>\n<td style=\"text-align: center;\" align=\"center\"><small>4 kg<\/small><\/td>\n<td align=\"center\"><small>70<\/small><\/td>\n<td align=\"center\"><small>55<\/small><\/td>\n<td align=\"center\"><small>45<\/small><\/td>\n<\/tr>\n<tr>\n<td align=\"center\"><small>5 kg<\/small><\/td>\n<td align=\"center\"><small>85<\/small><\/td>\n<td align=\"center\"><small>65<\/small><\/td>\n<td align=\"center\"><small>55<\/small><\/td>\n<\/tr>\n<tr>\n<td align=\"center\"><small>6 kg<\/small><\/td>\n<td align=\"center\"><small>105<\/small><\/td>\n<td align=\"center\"><small>80<\/small><\/td>\n<td align=\"center\"><small>65<\/small><\/td>\n<\/tr>\n<tr>\n<td align=\"center\"><small>7 kg<\/small><\/td>\n<td align=\"center\"><small>120<\/small><\/td>\n<td align=\"center\"><small>95<\/small><\/td>\n<td align=\"center\"><small>75<\/small><\/td>\n<\/tr>\n<tr>\n<td align=\"center\"><small>8 kg<\/small><\/td>\n<td align=\"center\"><small>&#8211;<\/small><\/td>\n<td align=\"center\"><small>110<\/small><\/td>\n<td align=\"center\"><small>90<\/small><\/td>\n<\/tr>\n<tr>\n<td align=\"center\"><small>9 kg<\/small><\/td>\n<td align=\"center\"><small>&#8211;<\/small><\/td>\n<td align=\"center\"><small>120<\/small><\/td>\n<td align=\"center\"><small>100<\/small><\/td>\n<\/tr>\n<tr>\n<td align=\"center\"><small>10 kg<\/small><\/td>\n<td align=\"center\"><small>&#8211;<\/small><\/td>\n<td align=\"center\"><small>135<\/small><\/td>\n<td style=\"text-align: center;\" align=\"center\"><small>110<\/small><\/td>\n<\/tr>\n<\/tbody>\n<\/table>","protected":false},"excerpt":{"rendered":"<p>Karma dla doros\u0142ych kot\u00f3w rasy maine coon, powy\u017cej 15 miesi\u0105ca \u017cycia.<\/p>\n<p>Marka: Royal Canin<\/p>\n<p>Faza \u017cycia: Doros\u0142y<\/p>","protected":false},"featured_media":6125,"comment_status":"open","ping_status":"closed","template":"","meta":{"om_disable_all_campaigns":false,"inline_featured_image":false},"product_brand":[],"product_cat":[92,90],"product_tag":[],"class_list":{"0":"post-6117","1":"product","2":"type-product","3":"status-publish","4":"has-post-thumbnail","6":"product_cat-koty-rasowe","7":"product_cat-royal-canin","9":"first","10":"outofstock","11":"taxable","12":"shipping-taxable","13":"purchasable","14":"product-type-variable","15":"has-default-attributes"},"_links":{"self":[{"href":"https:\/\/www.lanrel.pl\/pl\/wp-json\/wp\/v2\/product\/6117","targetHints":{"allow":["GET"]}}],"collection":[{"href":"https:\/\/www.lanrel.pl\/pl\/wp-json\/wp\/v2\/product"}],"about":[{"href":"https:\/\/www.lanrel.pl\/pl\/wp-json\/wp\/v2\/types\/product"}],"replies":[{"embeddable":true,"href":"https:\/\/www.lanrel.pl\/pl\/wp-json\/wp\/v2\/comments?post=6117"}],"wp:featuredmedia":[{"embeddable":true,"href":"https:\/\/www.lanrel.pl\/pl\/wp-json\/wp\/v2\/media\/6125"}],"wp:attachment":[{"href":"https:\/\/www.lanrel.pl\/pl\/wp-json\/wp\/v2\/media?parent=6117"}],"wp:term":[{"taxonomy":"product_brand","embeddable":true,"href":"https:\/\/www.lanrel.pl\/pl\/wp-json\/wp\/v2\/product_brand?post=6117"},{"taxonomy":"product_cat","embeddable":true,"href":"https:\/\/www.lanrel.pl\/pl\/wp-json\/wp\/v2\/product_cat?post=6117"},{"taxonomy":"product_tag","embeddable":true,"href":"https:\/\/www.lanrel.pl\/pl\/wp-json\/wp\/v2\/product_tag?post=6117"}],"curies":[{"name":"wp","href":"https:\/\/api.w.org\/{rel}","templated":true}]}}