{"id":6101,"date":"2025-02-03T15:58:30","date_gmt":"2025-02-03T14:58:30","guid":{"rendered":"https:\/\/lanrel.eu\/?post_type=product&#038;p=6101"},"modified":"2025-02-24T09:55:31","modified_gmt":"2025-02-24T08:55:31","slug":"royal-canin-british-shorthair-kitten-karma-sucha-dla-kociat","status":"publish","type":"product","link":"https:\/\/www.lanrel.pl\/pl\/produkt\/royal-canin-british-shorthair-kitten-karma-sucha-dla-kociat\/","title":{"rendered":"ROYAL CANIN British Shorthair Kitten karma sucha dla koci\u0105t"},"content":{"rendered":"<h2 id=\"description-header\" class=\"z-h2 Tabs_tabHeader__ZXkWL Tabs_selectedTabHeader__Kykx0\" data-zta=\"description\" data-index=\"0\">Opis produktu<\/h2>\n<p>Okres wzrostu to czas pe\u0142en wyzwa\u0144, odkrywania nowych rzeczy i miejsc. Aby rozwin\u0105\u0107 muskulatur\u0119 charakterystyczn\u0105 dla rasy, koci\u0119 potrzebuje odpowiednich sk\u0142adnik\u00f3w pokarmowych.<\/p>\n<p>ROYAL CANIN\u00ae British Shorthair Kitten to karma opracowana specjalnie dla koci\u0105t rasy brytyjski kr\u00f3tkow\u0142osy, zapewniaj\u0105ca odpowiedni i harmonijny rozw\u00f3j<\/p>\n<p>koci\u0119cia.<img decoding=\"async\" class=\"aligncenter\" src=\"https:\/\/media.mediazs.com\/bilder\/1\/400\/RCFBNKittenBritishShorthairCV2cat_001_POLANDPOLISH_1.jpg\" \/>Koty brytyjskie kr\u00f3tkow\u0142ose maj\u0105 naturaln\u0105 tendencj\u0119 do nadwagi, dlatego odpowiednia dieta oraz przestrzeganie zalecanego dawkowania karmy s\u0105 g\u0142\u00f3wnym czynnikami wp\u0142ywaj\u0105cymi na prawid\u0142owy rozw\u00f3j koci\u0119cia. Karma ROYAL CANIN\u00ae British Shorthair Kitten charakteryzuje si\u0119 dostosowanym poziomem bia\u0142ka oraz r\u00f3wnowag\u0105 soli mineralnych i witamin, co sprzyja prawid\u0142owemu rozwojowi szkieletu i masy mi\u0119\u015bniowej.<\/p>\n<p>Uk\u0142ad immunologiczny koci\u0119cia nie jest w pe\u0142ni rozwini\u0119ty, dlatego wymaga wsparcia w postaci odpowiednich sk\u0142adnik\u00f3w pokarmowych. Opatentowany kompleks wsp\u00f3\u0142dzia\u0142aj\u0105cych przeciwutleniaczy, zawieraj\u0105cy witamin\u0119 E, sprzyja rozwojowi naturalnych mechanizm\u00f3w obronnych.<\/p>\n<p>Uk\u0142ad pokarmowy koci\u0119cia rozwija si\u0119 do 12 miesi\u0105ca \u017cycia. Dla zdrowia przewodu pokarmowego wa\u017cne s\u0105 bia\u0142ka wysokiej jako\u015bci, dlatego karma zawiera bia\u0142ka L.I.P., wyselekcjonowane ze wzgl\u0119du na bardzo wysok\u0105 strawno\u015b\u0107. Zawiera tak\u017ce prebiotyki sprzyjaj\u0105ce r\u00f3wnowadze flory bakteryjnej jelit.<\/p>\n<p><strong>Zalety:<\/strong><\/p>\n<p style=\"padding-left: 40px;\"><strong>Rozw\u00f3j szkieletu i masy mi\u0119\u015bniowej:<\/strong><\/p>\n<p style=\"padding-left: 40px;\">Zapewnienie prawid\u0142owego rozwoju szkieletu i masy mi\u0119\u015bniowej, dzi\u0119ki odpowiedniej zawarto\u015bci najwy\u017cszej jako\u015bci bia\u0142ka, L-karnityny oraz r\u00f3wnowadze sk\u0142adnik\u00f3w mineralnych i witamin.<\/p>\n<div class=\"sc-fqkvVR grmmWd\" data-qa=\"product-benefits-item\">\n<p style=\"padding-left: 40px;\"><strong>Ochrona przewodu pokarmowego: <\/strong><\/p>\n<p style=\"padding-left: 40px;\">Zapewnienie optymalnego trawienia, dzi\u0119ki zawarto\u015bci wysoko strawnego bia\u0142ka (L.I.P*) oraz sprzyjanie r\u00f3wnowadze flory bakteryjnej jelit poprzez obecno\u015b\u0107 prebiotyk\u00f3w.<\/p>\n<p style=\"padding-left: 40px;\"><strong>Wzmocnienie naturalnej odporno\u015bci:<\/strong><\/p>\n<\/div>\n<p style=\"padding-left: 40px;\">Sprzyjanie rozwojowi naturalnych mechanizm\u00f3w obronnych organizmu koci\u0119cia poprzez kompleks opatentowanych wsp\u00f3\u0142dzia\u0142aj\u0105cych przeciwutleniaczy (wit.E, C, luteina, tauryna).<\/p>\n<p>&nbsp;<\/p>\n<p><img decoding=\"async\" class=\"aligncenter\" src=\"https:\/\/media.mediazs.com\/bilder\/1\/400\/RCFBNKittenBritishShorthairCV3_017_POLANDPOLISH_1.jpg\" \/><\/p>\n<p><strong>Specjalnie opracowany krokiet: <\/strong><\/p>\n<p>Unikalny kszta\u0142t i rozmiar krokieta \u201cMoonstone 7\u201d, dostosowany specjalnie do wielko\u015bci szcz\u0119k koci\u0105t rasy brytyjski kr\u00f3tkow\u0142osy w celu u\u0142atwienia chwytania i rozgryzania karmy.Misj\u0105<\/p>\n<p>ROYAL CANIN\u00ae jest zapewnianie rozwi\u0105za\u0144 \u017cywieniowych dostosowanych do potrzeb zwierz\u0105t. Wszystkie nasze produkty przechodz\u0105 liczne kontrole jako\u015bci, aby sprosta\u0107 najwy\u017cszym standardom marki i dostarczy\u0107 kotu pokarm dostosowany do jego potrzeb \u017cywieniowych. ROYAL CANIN\u00ae British Shorthair Kitten jest karm\u0105 pe\u0142noporcjow\u0105.<\/p>\n<p>&nbsp;<\/p>\n<h2>WARTO\u015aCI OD\u017bYWCZE<\/h2>\n<p style=\"padding-left: 40px;\"><strong>SK\u0141AD: <\/strong><\/p>\n<p style=\"padding-left: 40px;\">suszone bia\u0142ka drobiowe, ry\u017c, gluten pszenny*, t\u0142uszcze zwierz\u0119ce, kukurydza, hydrolizowane bia\u0142ka zwierz\u0119ce, gluten kukurydziany, m\u0105ka pszenna, wys\u0142odki buraczane, w\u0142\u00f3kno ro\u015blinne, olej z ryb, minera\u0142y, olej sojowy, produkty dro\u017cd\u017cy, \u0142uski i nasiona psyllium (0,5%), fruktooligosacharydy, dro\u017cd\u017ce (\u017ar\u00f3d\u0142o mannooligosacharyd\u00f3w i beta-glukan\u00f3w), olej z og\u00f3recznika, m\u0105czka z aksamitki, glukozamina uzyskana z fermentacji, hydrolizowana chrz\u0105stka (\u017ar\u00f3d\u0142o chondroityny). *L.I.P.: bia\u0142ko wyselekcjonowane ze wzgl\u0119du na bardzo wysok\u0105 strawno\u015b\u0107.<\/p>\n<p style=\"padding-left: 40px;\"><strong>DODATKI (na 1 kg karmy): <\/strong><\/p>\n<p style=\"padding-left: 40px;\">Dodatki dietetyczne: Witamina A: 33500 UI, Witamina D3: 900 UI, Witamina E: 670 mg, \u017belazo (3b103): 32 mg, Jod (3b201, 3b202): 3,2 mg, Mied\u017a (3b405, 3b406): 10 mg, Mangan (3b502, 3b504): 42 mg, Cynk (3b603, 3b605, 3b606): 131 mg, Selen (3b801, 3b811, 3b812): 0,05 mg &#8211; Dodatki technologiczne: Klinoptylolit pochodzenia osadowego: 10 g &#8211;<\/p>\n<p style=\"padding-left: 40px;\"><strong>SK\u0141ADNIKI ANALITYCZNE: <\/strong><\/p>\n<p style=\"padding-left: 40px;\">Bia\u0142ko surowe: 38,0% &#8211; W\u0142\u00f3kno surowe: 2,2% &#8211; Oleje i t\u0142uszcze surowe: 20,0% &#8211; Popi\u00f3\u0142 surowy: 8,0% &#8211; L-karnityna: 50 mg\/kg.<\/p>\n<p style=\"padding-left: 40px;\"><strong>SPOS\u00d3B U\u017bYCIA:<\/strong><\/p>\n<p style=\"padding-left: 40px;\">Patrz tabela. Najlepiej wykorzysta\u0107 przed: patrz data wa\u017cno\u015bci. Data wa\u017cno\u015bci, numer partii i numer rejestracyjny zak\u0142adu znajduj\u0105 si\u0119 na opakowaniu. Przechowywa\u0107 w suchym i ch\u0142odnym miejscu.<\/p>","protected":false},"excerpt":{"rendered":"<p>Do 12 mies\u0105ca,rasy brytyjski kr\u00f3tkow\u0142osy.Zapewnienie prawid\u0142owego rozwoju szkieletu i masy mi\u0119\u015bniowej oraz ochrona struktur stawowych.<\/p>\n<p>Marka: Royal Canin<\/p>\n<p>Przedzia\u0142 wiekowy:koci\u0105t<\/p>","protected":false},"featured_media":6109,"comment_status":"open","ping_status":"closed","template":"","meta":{"om_disable_all_campaigns":false,"inline_featured_image":false},"product_brand":[],"product_cat":[91,90],"product_tag":[],"class_list":{"0":"post-6101","1":"product","2":"type-product","3":"status-publish","4":"has-post-thumbnail","6":"product_cat-kocieta","7":"product_cat-royal-canin","9":"first","10":"outofstock","11":"taxable","12":"shipping-taxable","13":"purchasable","14":"product-type-variable","15":"has-default-attributes"},"_links":{"self":[{"href":"https:\/\/www.lanrel.pl\/pl\/wp-json\/wp\/v2\/product\/6101","targetHints":{"allow":["GET"]}}],"collection":[{"href":"https:\/\/www.lanrel.pl\/pl\/wp-json\/wp\/v2\/product"}],"about":[{"href":"https:\/\/www.lanrel.pl\/pl\/wp-json\/wp\/v2\/types\/product"}],"replies":[{"embeddable":true,"href":"https:\/\/www.lanrel.pl\/pl\/wp-json\/wp\/v2\/comments?post=6101"}],"wp:featuredmedia":[{"embeddable":true,"href":"https:\/\/www.lanrel.pl\/pl\/wp-json\/wp\/v2\/media\/6109"}],"wp:attachment":[{"href":"https:\/\/www.lanrel.pl\/pl\/wp-json\/wp\/v2\/media?parent=6101"}],"wp:term":[{"taxonomy":"product_brand","embeddable":true,"href":"https:\/\/www.lanrel.pl\/pl\/wp-json\/wp\/v2\/product_brand?post=6101"},{"taxonomy":"product_cat","embeddable":true,"href":"https:\/\/www.lanrel.pl\/pl\/wp-json\/wp\/v2\/product_cat?post=6101"},{"taxonomy":"product_tag","embeddable":true,"href":"https:\/\/www.lanrel.pl\/pl\/wp-json\/wp\/v2\/product_tag?post=6101"}],"curies":[{"name":"wp","href":"https:\/\/api.w.org\/{rel}","templated":true}]}}