{"id":6097,"date":"2025-01-30T23:12:41","date_gmt":"2025-01-30T22:12:41","guid":{"rendered":"https:\/\/lanrel.eu\/?post_type=product&#038;p=6097"},"modified":"2025-10-19T20:31:47","modified_gmt":"2025-10-19T18:31:47","slug":"royal-canin-british-shorthair-karma-sucha-dla-kotow","status":"publish","type":"product","link":"https:\/\/www.lanrel.pl\/pl\/produkt\/royal-canin-british-shorthair-karma-sucha-dla-kotow\/","title":{"rendered":"ROYAL CANIN British Shorthair  karma sucha dla kot\u00f3w"},"content":{"rendered":"<h1><\/h1>\n<p>&nbsp;<\/p>\n<h1><img decoding=\"async\" class=\"aligncenter\" src=\"https:\/\/zooart.com.pl\/data\/include\/cms\/Zdjicia-royal\/British-shorthair\/British-Shorthair-DRY-1.png\" \/><\/h1>\n<p><img decoding=\"async\" class=\"aligncenter\" src=\"https:\/\/media.mediazs.com\/bilder\/3\/FBN_BritishShorthair_dry_zooplus_module_1_3.png\" alt=\"\u7687\u5bb6\u72ac\u79cd\u82f1\u56fd\u77ed\u6bdb\u732b\u6210\u5e74\u72ac\" \/><\/p>\n<p>Kot brytyjski kr\u00f3tkow\u0142osy \u2013 kot domowy inny ni\u017c wszystkie. Ten pot\u0119\u017cny \u0142owca o szlachetnych rysach urzeka spokojnym usposobieniem i nieko\u0144cz\u0105cymi si\u0119 pok\u0142adami cierpliwo\u015bci. Opr\u00f3cz kr\u0119pej budowy cia\u0142a jego znakiem rozpoznawczym jest g\u0119sta sier\u015b\u0107 i muskularna postura.<img decoding=\"async\" class=\"aligncenter\" src=\"https:\/\/zooart.com.pl\/data\/include\/cms\/Zdjicia-royal\/British-shorthair\/British-Shorthair-DRY-4.png\" \/>Royal Canin British Shorthair Adult to karma sucha dopasowana specjalnie do potrzeb przedstawicieli tej rasy. Dzi\u0119ki optymalnie zbilansowanej zawarto\u015bci bia\u0142ka i wysokiej zawarto\u015bci L-karnityny karma wspomaga <strong>idealne umi\u0119\u015bnienie\u00a0<\/strong>Twojego kota brytyjskiego kr\u00f3tkow\u0142osego. Jednocze\u015bnie wa\u017cne sk\u0142adniki, takie jak\u00a0<strong>glukozamina i chondroityna<\/strong>, przyczyniaj\u0105 si\u0119 do zachowania przez zwierz\u0119 zdrowych i silnych ko\u015bci i staw\u00f3w \u2013 stosownie do masywnej budowy cia\u0142a.<\/p>\n<p>Kot brytyjski kr\u00f3tkow\u0142osy wykazuje tendencje do zachorowania na dziedzicznie uwarunkowan\u0105 chorob\u0119 serca \u2013 kardiomiopati\u0119 przerostow\u0105, dlatego karma Royal Canin British Shorthair Adult dostarcza Twojemu kotu zbilansowan\u0105 ilo\u015b\u0107 tauryny, przeciwutleniaczy i wa\u017cnych kwas\u00f3w t\u0142uszczowych omega-3. Dzi\u0119ki temu karma wspiera\u00a0<strong>zdrowe funkcjonowanie silnego serca<\/strong>.<img decoding=\"async\" src=\"https:\/\/zooart.com.pl\/data\/include\/cms\/Zdjicia-royal\/British-shorthair\/British-Shorthair-DRY-5.png\" \/><\/p>\n<p><img decoding=\"async\" src=\"https:\/\/zooart.com.pl\/data\/include\/cms\/Zdjicia-royal\/British-shorthair\/British-Shorthair-DRY-6.png\" \/><\/p>\n<p><b>Optymalny kszta\u0142t krokiet\u00f3w<\/b><br \/>\nKrokiety w kszta\u0142cie \u0142uku zosta\u0142y opracowane wy\u0142\u0105cznie z my\u015bl\u0105 o szcz\u0119kach kot\u00f3w brytyjskich kr\u00f3tkow\u0142osych, u\u0142atwiaj\u0105 pobieranie pokarmu i pozytywnie oddzia\u0142uj\u0105 na higien\u0119 uz\u0119bienia i pyska.<\/p>\n<p><img decoding=\"async\" class=\"aligncenter\" src=\"https:\/\/zooart.com.pl\/data\/include\/cms\/Zdjicia-royal\/British-shorthair\/British-Shorthair-DRY-7.png\" \/><\/p>\n<p><img decoding=\"async\" src=\"https:\/\/zooart.com.pl\/data\/include\/cms\/Zdjicia-royal\/British-shorthair\/British-Shorthair-DRY-8.png\" \/><\/p>\n<h2>WARTO\u015aCI OD\u017bYWCZE<\/h2>\n<div data-testid=\"product-nutrition-content\" aria-expanded=\"true\"><strong>SK\u0141AD<\/strong><\/div>\n<div data-testid=\"product-nutrition-content\" aria-expanded=\"true\"><\/div>\n<div class=\"sc-cwHptR iRzDne\" data-testid=\"product-nutrition-content\" aria-expanded=\"true\">suszone bia\u0142ka drobiowe, ry\u017c, gluten pszenny*, t\u0142uszcze zwierz\u0119ce, kukurydza, hydrolizowane bia\u0142ka zwierz\u0119ce, gluten kukurydziany, w\u0142\u00f3kno ro\u015blinne, pulpa z cykorii, minera\u0142y, olej sojowy, olej z ryb, produkty dro\u017cd\u017cy, fruktooligosacharydy, dro\u017cd\u017ce (\u017ar\u00f3d\u0142o mannooligosacharyd\u00f3w), olej z og\u00f3recznika, glukozamina uzyskana z fermentacji, m\u0105czka z aksamitki, hydrolizowana chrz\u0105stka (\u017ar\u00f3d\u0142o chondroityny). *L.I.P.: bia\u0142ko wyselekcjonowane ze wzgl\u0119du na bardzo wysok\u0105 strawno\u015b\u0107.<\/div>\n<div data-testid=\"product-nutrition-content\" aria-expanded=\"true\"><\/div>\n<div data-testid=\"product-nutrition-content\" aria-expanded=\"true\"><\/div>\n<div data-testid=\"product-nutrition-content\" aria-expanded=\"true\"><strong>DODATKI<\/strong><\/div>\n<div data-testid=\"product-nutrition-content\" aria-expanded=\"true\">\n<div class=\"sc-dhKdcB kJNutb\"><\/div>\n<div class=\"sc-cwHptR iRzDne\" data-testid=\"product-nutrition-content\" aria-expanded=\"true\">DODATKI (na 1 kg karmy): Dodatki dietetyczne: Witamina A: 30900 UI, Witamina D3: 825 UI, Tauryna: 3 g, \u017belazo (3b103): 39 mg, Jod (3b201, 3b202): 3,9 mg, Mied\u017a (3b405, 3b406): 12 mg, Mangan (3b502, 3b504): 51 mg, Cynk (3b603, 3b605, 3b606): 136 mg, Selen (3b801, 3b811, 3b812): 0,08 mg &#8211; Dodatki technologiczne: Klinoptylolit pochodzenia osadowego: 10 g &#8211; Przeciwutleniacze.<\/div>\n<\/div>\n<div data-testid=\"product-nutrition-content\" aria-expanded=\"true\"><\/div>\n<div data-testid=\"product-nutrition-content\" aria-expanded=\"true\"><\/div>\n<div data-testid=\"product-nutrition-content\" aria-expanded=\"true\"><strong>SK\u0141ADNIKI ANALITYCZNE<\/strong><\/div>\n<div data-testid=\"product-nutrition-content\" aria-expanded=\"true\">\n<div class=\"sc-dhKdcB kJNutb\"><\/div>\n<div class=\"sc-cwHptR iRzDne\" data-testid=\"product-nutrition-content\" aria-expanded=\"true\">SK\u0141ADNIKI ANALITYCZNE: Bia\u0142ko surowe: 34,0% &#8211; W\u0142\u00f3kno surowe: 5,4% &#8211; Oleje i t\u0142uszcze surowe: 19,0% &#8211; Popi\u00f3\u0142 surowy: 7,1% &#8211; Kwasy t\u0142uszczowe omega-3: 0,9% &#8211; EPA\/DHA: 0,4% &#8211; L-karnityna: 200 mg\/kg.<\/div>\n<div data-testid=\"product-nutrition-content\" aria-expanded=\"true\"><\/div>\n<\/div>\n<div data-testid=\"product-nutrition-content\" aria-expanded=\"true\"><\/div>\n<div data-testid=\"product-nutrition-content\" aria-expanded=\"true\"><strong>DAWKOWANIE<\/strong><\/div>\n<div data-testid=\"product-nutrition-content\" aria-expanded=\"true\">\n<table border=\"\" width=\"80%\">\n<colgroup>\n<col width=\"25%\" \/>\n<col width=\"25%\" \/>\n<col width=\"25%\" \/>\n<col width=\"25%\" \/><\/colgroup>\n<tbody>\n<tr>\n<td align=\"center\"><small><b>Masa cia\u0142a<\/b><\/small><\/td>\n<td align=\"center\"><b>Niska aktywno\u015b\u0107 Nadwaga<\/b><\/td>\n<td align=\"center\"><small><b>\u015arednia aktywno\u015b\u010d Prawid\u0142owa<\/b><\/small><\/td>\n<td align=\"center\"><small><b>Wysoka aktywno\u015b\u0107 Niedowaga<\/b><\/small><\/td>\n<\/tr>\n<tr>\n<td align=\"center\"><small>3 kg<\/small><\/td>\n<td align=\"center\"><small>&#8211;<\/small><\/td>\n<td align=\"center\"><small>42 g<\/small><\/td>\n<td align=\"center\"><small>51 g<\/small><\/td>\n<\/tr>\n<tr>\n<td align=\"center\"><small>4 kg<\/small><\/td>\n<td align=\"center\"><small>41 g<\/small><\/td>\n<td align=\"center\"><small>52 g<\/small><\/td>\n<td align=\"center\"><small>62 g<\/small><\/td>\n<\/tr>\n<tr>\n<td align=\"center\"><small>5 kg<\/small><\/td>\n<td align=\"center\"><small>49 g<\/small><\/td>\n<td align=\"center\"><small>61 g<\/small><\/td>\n<td align=\"center\"><small>73 g<\/small><\/td>\n<\/tr>\n<tr>\n<td align=\"center\"><small>6 kg<\/small><\/td>\n<td align=\"center\"><small>55 g<\/small><\/td>\n<td align=\"center\"><small>69 g<\/small><\/td>\n<td align=\"center\"><small>&#8211;<\/small><\/td>\n<\/tr>\n<tr>\n<td align=\"center\"><small>7 kg<\/small><\/td>\n<td align=\"center\"><small>62 g<\/small><\/td>\n<td align=\"center\"><small>77 g<\/small><\/td>\n<td align=\"center\"><small>&#8211;<\/small><\/td>\n<\/tr>\n<tr>\n<td align=\"center\"><small>8 kg<\/small><\/td>\n<td align=\"center\"><small>68 g<\/small><\/td>\n<td align=\"center\"><small>&#8211;<\/small><\/td>\n<td align=\"center\"><small>&#8211;<\/small><\/td>\n<\/tr>\n<\/tbody>\n<\/table>\n<\/div>","protected":false},"excerpt":{"rendered":"<p>Karma dla kot\u00f3w brytyjskich kr\u00f3tkow\u0142osych, ulepszona higiena z\u0119b\u00f3w, wspomaganie funkcji serca, ochrona staw\u00f3w.<\/p>\n<p>Marka: Royal Canin<\/p>\n<p>Przedzia\u0142 wiekowy: Doros\u0142y<\/p>\n<p>&nbsp;<\/p>","protected":false},"featured_media":6080,"comment_status":"open","ping_status":"closed","template":"","meta":{"om_disable_all_campaigns":false,"inline_featured_image":false},"product_brand":[],"product_cat":[92,90],"product_tag":[],"class_list":{"0":"post-6097","1":"product","2":"type-product","3":"status-publish","4":"has-post-thumbnail","6":"product_cat-koty-rasowe","7":"product_cat-royal-canin","9":"first","10":"outofstock","11":"taxable","12":"shipping-taxable","13":"product-type-variable"},"_links":{"self":[{"href":"https:\/\/www.lanrel.pl\/pl\/wp-json\/wp\/v2\/product\/6097","targetHints":{"allow":["GET"]}}],"collection":[{"href":"https:\/\/www.lanrel.pl\/pl\/wp-json\/wp\/v2\/product"}],"about":[{"href":"https:\/\/www.lanrel.pl\/pl\/wp-json\/wp\/v2\/types\/product"}],"replies":[{"embeddable":true,"href":"https:\/\/www.lanrel.pl\/pl\/wp-json\/wp\/v2\/comments?post=6097"}],"wp:featuredmedia":[{"embeddable":true,"href":"https:\/\/www.lanrel.pl\/pl\/wp-json\/wp\/v2\/media\/6080"}],"wp:attachment":[{"href":"https:\/\/www.lanrel.pl\/pl\/wp-json\/wp\/v2\/media?parent=6097"}],"wp:term":[{"taxonomy":"product_brand","embeddable":true,"href":"https:\/\/www.lanrel.pl\/pl\/wp-json\/wp\/v2\/product_brand?post=6097"},{"taxonomy":"product_cat","embeddable":true,"href":"https:\/\/www.lanrel.pl\/pl\/wp-json\/wp\/v2\/product_cat?post=6097"},{"taxonomy":"product_tag","embeddable":true,"href":"https:\/\/www.lanrel.pl\/pl\/wp-json\/wp\/v2\/product_tag?post=6097"}],"curies":[{"name":"wp","href":"https:\/\/api.w.org\/{rel}","templated":true}]}}