{"id":5426,"date":"2024-10-29T00:28:50","date_gmt":"2024-10-28T16:28:50","guid":{"rendered":"https:\/\/lanrel.eu\/?post_type=product&#038;p=5426"},"modified":"2025-10-13T21:07:39","modified_gmt":"2025-10-13T19:07:39","slug":"fukumaru-mieszany-zwirek-dla-kota-o-zapachu-gardenii-2-kg-4-4-bl","status":"publish","type":"product","link":"https:\/\/www.lanrel.pl\/pl\/produkt\/fukumaru-mieszany-zwirek-dla-kota-o-zapachu-gardenii-2-kg-4-4-bl\/","title":{"rendered":"FUKUMARU MIESZANY \u017bWIREK DLA KOTA  ( o zapachu gardenii) 2 kg \/ 4.4 BL"},"content":{"rendered":"<div class=\"page\" title=\"\u7b2c 8 \u9875\">\n<div class=\"layoutArea\">\n<div class=\"column\">\n<div class=\"page\" title=\"\u7b2c 6 \u9875\">\n<div class=\"layoutArea\">\n<div class=\"column\">\n<h1>G\u0142o\u0301wne cechy:<\/h1>\n<p>* Gardenia floral fragrance plus deodorizing factor for exicient deodorization 7 to 3 golden ratio, the deodorization rate is as high as about 95%.<\/p>\n<p>* naturalne ekstrakty zapachowe, delikatny i lekki zapach , specjalnie dostosowany do potrzeb zwierza\u0328t, bezpieczny, nie draz\u0307nia\u0328cy<\/p>\n<p>*szybko zbrylaja\u0328cy , poziom pylenia poniz\u0307ej 0,5%, prawie bezpy\u0142owy<\/p>\n<p>* b\u0142yskawicznie wch\u0142aniaja\u0328cy p\u0142yny, zmniejszaja\u0328cy przeciekanie i zapobiegaja\u0328cy przywieraniu bry\u0142ek do kuwety<\/p>\n<p>* Z\u0307wirek tofu moz\u0307e byc\u0301 utylizowany w toalecie oszcze\u0328dzaja\u0328c Two\u0301j czas (dla przypomnienia: nie zaleca sie\u0328 wyrzucania jednorazowo do toalety ilos\u0301ci wie\u0328kszej niz\u0307 200g)<\/p>\n<p>&nbsp;<\/p>\n<\/div>\n<\/div>\n<\/div>\n<h1>Opis produktu<\/h1>\n<\/div>\n<\/div>\n<\/div>\n<div class=\"page\" title=\"\u7b2c4\u9875\">\n<div class=\"layoutArea\">\n<div class=\"column\">\n<p><img fetchpriority=\"high\" decoding=\"async\" class=\"aligncenter wp-image-5430\" src=\"https:\/\/lanrel.eu\/wp-content\/uploads\/2024\/10\/\u6800\u5b50\u82b1\u732b\u7802\u8be6\u60c5\u82f1\u6587\u72481_01.jpg\" alt=\"\" width=\"1164\" height=\"2969\" srcset=\"https:\/\/www.lanrel.pl\/wp-content\/uploads\/2024\/10\/\u6800\u5b50\u82b1\u732b\u7802\u8be6\u60c5\u82f1\u6587\u72481_01.jpg 750w, https:\/\/www.lanrel.pl\/wp-content\/uploads\/2024\/10\/\u6800\u5b50\u82b1\u732b\u7802\u8be6\u60c5\u82f1\u6587\u72481_01-600x1530.jpg 600w, https:\/\/www.lanrel.pl\/wp-content\/uploads\/2024\/10\/\u6800\u5b50\u82b1\u732b\u7802\u8be6\u60c5\u82f1\u6587\u72481_01-118x300.jpg 118w, https:\/\/www.lanrel.pl\/wp-content\/uploads\/2024\/10\/\u6800\u5b50\u82b1\u732b\u7802\u8be6\u60c5\u82f1\u6587\u72481_01-401x1024.jpg 401w, https:\/\/www.lanrel.pl\/wp-content\/uploads\/2024\/10\/\u6800\u5b50\u82b1\u732b\u7802\u8be6\u60c5\u82f1\u6587\u72481_01-602x1536.jpg 602w, https:\/\/www.lanrel.pl\/wp-content\/uploads\/2024\/10\/\u6800\u5b50\u82b1\u732b\u7802\u8be6\u60c5\u82f1\u6587\u72481_01-5x12.jpg 5w\" sizes=\"(max-width: 1164px) 100vw, 1164px\" \/><\/p>\n<p><img decoding=\"async\" class=\"wp-image-5431 aligncenter\" src=\"https:\/\/lanrel.eu\/wp-content\/uploads\/2024\/10\/\u6800\u5b50\u82b1\u732b\u7802\u8be6\u60c5\u82f1\u6587\u72481_02.jpg\" alt=\"\" width=\"1194\" height=\"1783\" srcset=\"https:\/\/www.lanrel.pl\/wp-content\/uploads\/2024\/10\/\u6800\u5b50\u82b1\u732b\u7802\u8be6\u60c5\u82f1\u6587\u72481_02.jpg 750w, https:\/\/www.lanrel.pl\/wp-content\/uploads\/2024\/10\/\u6800\u5b50\u82b1\u732b\u7802\u8be6\u60c5\u82f1\u6587\u72481_02-600x896.jpg 600w, https:\/\/www.lanrel.pl\/wp-content\/uploads\/2024\/10\/\u6800\u5b50\u82b1\u732b\u7802\u8be6\u60c5\u82f1\u6587\u72481_02-201x300.jpg 201w, https:\/\/www.lanrel.pl\/wp-content\/uploads\/2024\/10\/\u6800\u5b50\u82b1\u732b\u7802\u8be6\u60c5\u82f1\u6587\u72481_02-686x1024.jpg 686w, https:\/\/www.lanrel.pl\/wp-content\/uploads\/2024\/10\/\u6800\u5b50\u82b1\u732b\u7802\u8be6\u60c5\u82f1\u6587\u72481_02-8x12.jpg 8w\" sizes=\"(max-width: 1194px) 100vw, 1194px\" \/><\/p>\n<\/div>\n<\/div>\n<\/div>\n<p><img decoding=\"async\" class=\"wp-image-5432 aligncenter\" src=\"https:\/\/lanrel.eu\/wp-content\/uploads\/2024\/10\/\u6800\u5b50\u82b1\u732b\u7802\u8be6\u60c5\u82f1\u6587\u72481_03.jpg\" alt=\"\" width=\"1160\" height=\"2733\" srcset=\"https:\/\/www.lanrel.pl\/wp-content\/uploads\/2024\/10\/\u6800\u5b50\u82b1\u732b\u7802\u8be6\u60c5\u82f1\u6587\u72481_03.jpg 750w, https:\/\/www.lanrel.pl\/wp-content\/uploads\/2024\/10\/\u6800\u5b50\u82b1\u732b\u7802\u8be6\u60c5\u82f1\u6587\u72481_03-600x1414.jpg 600w, https:\/\/www.lanrel.pl\/wp-content\/uploads\/2024\/10\/\u6800\u5b50\u82b1\u732b\u7802\u8be6\u60c5\u82f1\u6587\u72481_03-127x300.jpg 127w, https:\/\/www.lanrel.pl\/wp-content\/uploads\/2024\/10\/\u6800\u5b50\u82b1\u732b\u7802\u8be6\u60c5\u82f1\u6587\u72481_03-435x1024.jpg 435w, https:\/\/www.lanrel.pl\/wp-content\/uploads\/2024\/10\/\u6800\u5b50\u82b1\u732b\u7802\u8be6\u60c5\u82f1\u6587\u72481_03-652x1536.jpg 652w, https:\/\/www.lanrel.pl\/wp-content\/uploads\/2024\/10\/\u6800\u5b50\u82b1\u732b\u7802\u8be6\u60c5\u82f1\u6587\u72481_03-5x12.jpg 5w\" sizes=\"(max-width: 1160px) 100vw, 1160px\" \/><\/p>\n<p><img loading=\"lazy\" decoding=\"async\" class=\"wp-image-5433 aligncenter\" src=\"https:\/\/lanrel.eu\/wp-content\/uploads\/2024\/10\/\u6800\u5b50\u82b1\u732b\u7802\u8be6\u60c5\u82f1\u6587\u72481_04.jpg\" alt=\"\" width=\"1224\" height=\"1700\" srcset=\"https:\/\/www.lanrel.pl\/wp-content\/uploads\/2024\/10\/\u6800\u5b50\u82b1\u732b\u7802\u8be6\u60c5\u82f1\u6587\u72481_04.jpg 750w, https:\/\/www.lanrel.pl\/wp-content\/uploads\/2024\/10\/\u6800\u5b50\u82b1\u732b\u7802\u8be6\u60c5\u82f1\u6587\u72481_04-600x834.jpg 600w, https:\/\/www.lanrel.pl\/wp-content\/uploads\/2024\/10\/\u6800\u5b50\u82b1\u732b\u7802\u8be6\u60c5\u82f1\u6587\u72481_04-216x300.jpg 216w, https:\/\/www.lanrel.pl\/wp-content\/uploads\/2024\/10\/\u6800\u5b50\u82b1\u732b\u7802\u8be6\u60c5\u82f1\u6587\u72481_04-737x1024.jpg 737w, https:\/\/www.lanrel.pl\/wp-content\/uploads\/2024\/10\/\u6800\u5b50\u82b1\u732b\u7802\u8be6\u60c5\u82f1\u6587\u72481_04-9x12.jpg 9w\" sizes=\"(max-width: 1224px) 100vw, 1224px\" \/><\/p>\n<p><img loading=\"lazy\" decoding=\"async\" class=\"wp-image-5434 aligncenter\" src=\"https:\/\/lanrel.eu\/wp-content\/uploads\/2024\/10\/\u6800\u5b50\u82b1\u732b\u7802\u8be6\u60c5\u82f1\u6587\u72481_05.jpg\" alt=\"\" width=\"1173\" height=\"1657\" srcset=\"https:\/\/www.lanrel.pl\/wp-content\/uploads\/2024\/10\/\u6800\u5b50\u82b1\u732b\u7802\u8be6\u60c5\u82f1\u6587\u72481_05.jpg 750w, https:\/\/www.lanrel.pl\/wp-content\/uploads\/2024\/10\/\u6800\u5b50\u82b1\u732b\u7802\u8be6\u60c5\u82f1\u6587\u72481_05-600x848.jpg 600w, https:\/\/www.lanrel.pl\/wp-content\/uploads\/2024\/10\/\u6800\u5b50\u82b1\u732b\u7802\u8be6\u60c5\u82f1\u6587\u72481_05-212x300.jpg 212w, https:\/\/www.lanrel.pl\/wp-content\/uploads\/2024\/10\/\u6800\u5b50\u82b1\u732b\u7802\u8be6\u60c5\u82f1\u6587\u72481_05-725x1024.jpg 725w, https:\/\/www.lanrel.pl\/wp-content\/uploads\/2024\/10\/\u6800\u5b50\u82b1\u732b\u7802\u8be6\u60c5\u82f1\u6587\u72481_05-8x12.jpg 8w\" sizes=\"(max-width: 1173px) 100vw, 1173px\" \/><\/p>\n<p><img loading=\"lazy\" decoding=\"async\" class=\"wp-image-5435 aligncenter\" src=\"https:\/\/lanrel.eu\/wp-content\/uploads\/2024\/10\/\u6800\u5b50\u82b1\u732b\u7802\u8be6\u60c5\u82f1\u6587\u72482_01.jpg\" alt=\"\" width=\"1155\" height=\"2176\" srcset=\"https:\/\/www.lanrel.pl\/wp-content\/uploads\/2024\/10\/\u6800\u5b50\u82b1\u732b\u7802\u8be6\u60c5\u82f1\u6587\u72482_01.jpg 750w, https:\/\/www.lanrel.pl\/wp-content\/uploads\/2024\/10\/\u6800\u5b50\u82b1\u732b\u7802\u8be6\u60c5\u82f1\u6587\u72482_01-600x1130.jpg 600w, https:\/\/www.lanrel.pl\/wp-content\/uploads\/2024\/10\/\u6800\u5b50\u82b1\u732b\u7802\u8be6\u60c5\u82f1\u6587\u72482_01-159x300.jpg 159w, https:\/\/www.lanrel.pl\/wp-content\/uploads\/2024\/10\/\u6800\u5b50\u82b1\u732b\u7802\u8be6\u60c5\u82f1\u6587\u72482_01-544x1024.jpg 544w, https:\/\/www.lanrel.pl\/wp-content\/uploads\/2024\/10\/\u6800\u5b50\u82b1\u732b\u7802\u8be6\u60c5\u82f1\u6587\u72482_01-6x12.jpg 6w\" sizes=\"(max-width: 1155px) 100vw, 1155px\" \/><img loading=\"lazy\" decoding=\"async\" class=\"wp-image-5436 aligncenter\" src=\"https:\/\/lanrel.eu\/wp-content\/uploads\/2024\/10\/\u6800\u5b50\u82b1\u732b\u7802\u8be6\u60c5\u82f1\u6587\u72482_02.jpg\" alt=\"\" width=\"1172\" height=\"2204\" srcset=\"https:\/\/www.lanrel.pl\/wp-content\/uploads\/2024\/10\/\u6800\u5b50\u82b1\u732b\u7802\u8be6\u60c5\u82f1\u6587\u72482_02.jpg 750w, https:\/\/www.lanrel.pl\/wp-content\/uploads\/2024\/10\/\u6800\u5b50\u82b1\u732b\u7802\u8be6\u60c5\u82f1\u6587\u72482_02-600x1129.jpg 600w, https:\/\/www.lanrel.pl\/wp-content\/uploads\/2024\/10\/\u6800\u5b50\u82b1\u732b\u7802\u8be6\u60c5\u82f1\u6587\u72482_02-159x300.jpg 159w, https:\/\/www.lanrel.pl\/wp-content\/uploads\/2024\/10\/\u6800\u5b50\u82b1\u732b\u7802\u8be6\u60c5\u82f1\u6587\u72482_02-544x1024.jpg 544w, https:\/\/www.lanrel.pl\/wp-content\/uploads\/2024\/10\/\u6800\u5b50\u82b1\u732b\u7802\u8be6\u60c5\u82f1\u6587\u72482_02-6x12.jpg 6w\" sizes=\"(max-width: 1172px) 100vw, 1172px\" \/><img loading=\"lazy\" decoding=\"async\" class=\"wp-image-5437 aligncenter\" src=\"https:\/\/lanrel.eu\/wp-content\/uploads\/2024\/10\/\u6800\u5b50\u82b1\u732b\u7802\u8be6\u60c5\u82f1\u6587\u72482_03.jpg\" alt=\"\" width=\"1151\" height=\"1994\" srcset=\"https:\/\/www.lanrel.pl\/wp-content\/uploads\/2024\/10\/\u6800\u5b50\u82b1\u732b\u7802\u8be6\u60c5\u82f1\u6587\u72482_03.jpg 750w, https:\/\/www.lanrel.pl\/wp-content\/uploads\/2024\/10\/\u6800\u5b50\u82b1\u732b\u7802\u8be6\u60c5\u82f1\u6587\u72482_03-600x1039.jpg 600w, https:\/\/www.lanrel.pl\/wp-content\/uploads\/2024\/10\/\u6800\u5b50\u82b1\u732b\u7802\u8be6\u60c5\u82f1\u6587\u72482_03-173x300.jpg 173w, https:\/\/www.lanrel.pl\/wp-content\/uploads\/2024\/10\/\u6800\u5b50\u82b1\u732b\u7802\u8be6\u60c5\u82f1\u6587\u72482_03-591x1024.jpg 591w, https:\/\/www.lanrel.pl\/wp-content\/uploads\/2024\/10\/\u6800\u5b50\u82b1\u732b\u7802\u8be6\u60c5\u82f1\u6587\u72482_03-7x12.jpg 7w\" sizes=\"(max-width: 1151px) 100vw, 1151px\" \/><img loading=\"lazy\" decoding=\"async\" class=\"aligncenter wp-image-5439\" src=\"https:\/\/lanrel.eu\/wp-content\/uploads\/2024\/10\/\u6800\u5b50\u82b1\u732b\u7802\u8be6\u60c5\u82f1\u6587\u72482_05.jpg\" alt=\"\" width=\"1200\" height=\"2774\" srcset=\"https:\/\/www.lanrel.pl\/wp-content\/uploads\/2024\/10\/\u6800\u5b50\u82b1\u732b\u7802\u8be6\u60c5\u82f1\u6587\u72482_05.jpg 750w, https:\/\/www.lanrel.pl\/wp-content\/uploads\/2024\/10\/\u6800\u5b50\u82b1\u732b\u7802\u8be6\u60c5\u82f1\u6587\u72482_05-600x1387.jpg 600w, https:\/\/www.lanrel.pl\/wp-content\/uploads\/2024\/10\/\u6800\u5b50\u82b1\u732b\u7802\u8be6\u60c5\u82f1\u6587\u72482_05-130x300.jpg 130w, https:\/\/www.lanrel.pl\/wp-content\/uploads\/2024\/10\/\u6800\u5b50\u82b1\u732b\u7802\u8be6\u60c5\u82f1\u6587\u72482_05-443x1024.jpg 443w, https:\/\/www.lanrel.pl\/wp-content\/uploads\/2024\/10\/\u6800\u5b50\u82b1\u732b\u7802\u8be6\u60c5\u82f1\u6587\u72482_05-664x1536.jpg 664w, https:\/\/www.lanrel.pl\/wp-content\/uploads\/2024\/10\/\u6800\u5b50\u82b1\u732b\u7802\u8be6\u60c5\u82f1\u6587\u72482_05-5x12.jpg 5w\" sizes=\"(max-width: 1200px) 100vw, 1200px\" \/><\/p>","protected":false},"excerpt":{"rendered":"<p>Informacje o produkcie:<\/p>\n<p>Dla jakiego pupila: Kot<\/p>\n<p>Zapach: Gardenia<\/p>\n<p>Faza \u017cycia: Wszystkie etapy \u017cycia<\/p>\n<p>Kraj pochodzenia: Chiny<\/p>\n<p>Weight: 2.0 kg \/ 4.4 BL<\/p>\n<p>Zawarto\u015b\u0107: \u017cwirek tofu mieszany z bentonitem<\/p>\n<p>Sk\u0142adniki: \u0142uski sojowe, bentonit itp. 70% tofu i 30% bentonitu<\/p>\n<p>Okres przechowywania: 2 lata<\/p>","protected":false},"featured_media":5401,"comment_status":"open","ping_status":"closed","template":"","meta":{"om_disable_all_campaigns":false,"inline_featured_image":false},"product_brand":[],"product_cat":[37],"product_tag":[],"class_list":{"0":"post-5426","1":"product","2":"type-product","3":"status-publish","4":"has-post-thumbnail","6":"product_cat-fukumaru","8":"first","9":"outofstock","10":"sale","11":"taxable","12":"shipping-taxable","13":"product-type-variable","14":"has-default-attributes"},"_links":{"self":[{"href":"https:\/\/www.lanrel.pl\/pl\/wp-json\/wp\/v2\/product\/5426","targetHints":{"allow":["GET"]}}],"collection":[{"href":"https:\/\/www.lanrel.pl\/pl\/wp-json\/wp\/v2\/product"}],"about":[{"href":"https:\/\/www.lanrel.pl\/pl\/wp-json\/wp\/v2\/types\/product"}],"replies":[{"embeddable":true,"href":"https:\/\/www.lanrel.pl\/pl\/wp-json\/wp\/v2\/comments?post=5426"}],"wp:featuredmedia":[{"embeddable":true,"href":"https:\/\/www.lanrel.pl\/pl\/wp-json\/wp\/v2\/media\/5401"}],"wp:attachment":[{"href":"https:\/\/www.lanrel.pl\/pl\/wp-json\/wp\/v2\/media?parent=5426"}],"wp:term":[{"taxonomy":"product_brand","embeddable":true,"href":"https:\/\/www.lanrel.pl\/pl\/wp-json\/wp\/v2\/product_brand?post=5426"},{"taxonomy":"product_cat","embeddable":true,"href":"https:\/\/www.lanrel.pl\/pl\/wp-json\/wp\/v2\/product_cat?post=5426"},{"taxonomy":"product_tag","embeddable":true,"href":"https:\/\/www.lanrel.pl\/pl\/wp-json\/wp\/v2\/product_tag?post=5426"}],"curies":[{"name":"wp","href":"https:\/\/api.w.org\/{rel}","templated":true}]}}