{"id":5374,"date":"2024-10-23T04:41:37","date_gmt":"2024-10-22T20:41:37","guid":{"rendered":"http:\/\/124.220.101.44:1075\/?post_type=product&#038;p=5374"},"modified":"2026-03-02T13:57:29","modified_gmt":"2026-03-02T12:57:29","slug":"fukumaru-tofu-cat-litter%ef%bc%88sap-2-7-kgsuper-ultra-absorbent-dust-free-cat-litter-flushable-lightweight-quick-clumping-low-tracking-odor-control-white-tea-light-aroma-mixed-cat-litter","status":"publish","type":"product","link":"https:\/\/www.lanrel.pl\/pl\/produkt\/fukumaru-tofu-cat-litter%ef%bc%88sap-2-7-kgsuper-ultra-absorbent-dust-free-cat-litter-flushable-lightweight-quick-clumping-low-tracking-odor-control-white-tea-light-aroma-mixed-cat-litter\/","title":{"rendered":"FUKUMARU MIESZANY \u017bWIREK DLA KOTA (POLIMER SAP) 2.7 kg\/6 LB"},"content":{"rendered":"<div id=\"featurebullets_feature_div\" class=\"celwidget\" data-feature-name=\"featurebullets\" data-csa-c-type=\"widget\" data-csa-c-content-id=\"featurebullets\" data-csa-c-slot-id=\"featurebullets_feature_div\" data-csa-c-asin=\"B0C1Z7WFR1\" data-csa-c-is-in-initial-active-row=\"false\" data-csa-c-id=\"ghve1v-1ex480-hvhlob-um9ynd\" data-cel-widget=\"featurebullets_feature_div\">\n<div id=\"feature-bullets\" class=\"a-section a-spacing-medium a-spacing-top-small\">\n<div class=\"page\" title=\"\u7b2c 13 \u9875\">\n<div class=\"layoutArea\">\n<div class=\"column\">\n<h1>G\u0142o\u0301wne cechy:<\/h1>\n<p>* 170 razy bardziej ch\u0142onna formu\u0142a SAP u\u0142atwiaj\u0105ca wybieranie grudek z kuwety<\/p>\n<p>* super absorpcyjne polimery szybko wch\u0142aniaj\u0105 i wi\u0105\u017c\u0105 p\u0142yny zabezpieczaj\u0105c przed przyleganiem bry\u0142ek do powierzchni kuwety<\/p>\n<p>* Ma\u0142e grudki i szybkie zlepianie, oszcz\u0119dno\u015b\u0107 u\u017cytkowania, oko\u0142o 10% w por\u00f3wnaniu do czystego \u017cwirku tofu dla kot\u00f3w. Idealny dla rodzin wielokotnych i du\u017cych kot\u00f3w, bardzo op\u0142acalny.<\/p>\n<p>* Nadaje si\u0119 dla koci\u0105t<\/p>\n<p>* Superabsorbuj\u0105cy materia\u0142 polimerowy zawiera w\u0119giel aktywny i proszek bambusowy, kt\u00f3ry mo\u017ce dezodoryzowa\u0107 znacznie wydajniej. Podczas gdy \u015bci\u00f3\u0142ka z tofu dodaje zapach bia\u0142ej herbaty, uwalnia \u015bwie\u017cy i elegancki lekki zapach w wodzie.<\/p>\n<p>*\u017bwirek FUKUMARU jest idealny zar\u00f3wno dla ludzi jak i dla kot\u00f3w cierpi\u0105cych na alergie z uwagi na prawie 99,9 procentow\u0105 bezpy\u0142owo\u015b\u0107 i hypoalergiczny sk\u0142ad<\/p>\n<p>* Polimer u\u017cywany w \u017cwirku jest podobny do polimer\u00f3w u\u017cywanych w pieluchach dla niemowl\u0105t - wysoko absorpcyjny, naturalny i bezpieczny<\/p>\n<p>* FUKUMARU z\u0307wirek tofu moz\u0307e byc\u0301 utylizowany w toalecie co oszcze\u0328dza Two\u0301j czas ( dla przypomnienia: nie zaleca sie\u0328 wyrzucania do toalety jednorazowej ilos\u0301ci z\u0307wirku wie\u0328kszej niz\u0307 200g)<\/p>\n<p>* Biodegradowaln\u0105 \u015bci\u00f3\u0142k\u0119 mo\u017cna ponownie wykorzysta\u0107 do nawo\u017cenia gleby, nie martwi\u0105c si\u0119 o zanieczyszczenie.<\/p>\n<p>&nbsp;<\/p>\n<h1>Opis produktu<\/h1>\n<div class=\"page\" title=\"\u7b2c 13 \u9875\">\n<div class=\"layoutArea\">\n<div class=\"column\">\n<div class=\"page\" title=\"\u7b2c 13 \u9875\">\n<div class=\"layoutArea\">\n<div class=\"column\">\n<div class=\"page\" title=\"\u7b2c 13 \u9875\">\n<div class=\"layoutArea\">\n<div class=\"column\">\n<div class=\"page\" title=\"\u7b2c 13 \u9875\">\n<div class=\"layoutArea\">\n<div class=\"column\">\n<div class=\"page\" title=\"\u7b2c 13 \u9875\">\n<div class=\"layoutArea\">\n<div class=\"column\">\n<div class=\"page\" title=\"\u7b2c 13 \u9875\">\n<div class=\"layoutArea\">\n<div class=\"column\">\n<div class=\"page\" title=\"\u7b2c 13 \u9875\">\n<div class=\"layoutArea\">\n<div class=\"column\">\n<div class=\"page\" title=\"\u7b2c 13 \u9875\">\n<div class=\"layoutArea\">\n<div class=\"column\"><\/div>\n<\/div>\n<\/div>\n<\/div>\n<\/div>\n<\/div>\n<\/div>\n<\/div>\n<\/div>\n<\/div>\n<\/div>\n<\/div>\n<\/div>\n<\/div>\n<\/div>\n<\/div>\n<\/div>\n<\/div>\n<\/div>\n<\/div>\n<\/div>\n<\/div>\n<\/div>\n<\/div>\n<\/div>\n<\/div>\n<\/div>\n<ul class=\"a-unordered-list a-vertical a-spacing-mini\">\n<li class=\"a-spacing-mini\"><span class=\"a-list-item\"><span class=\"a-list-item\"><img decoding=\"async\" src=\"https:\/\/m.media-amazon.com\/images\/S\/aplus-media-library-service-media\/8285af82-56b6-41ff-a224-eeff263ceddf.__CR0,0,1464,600_PT0_SX1464_V1___.jpg\" alt=\"\u8c46\u8150\u732b\u7802\" \/><img decoding=\"async\" src=\"https:\/\/m.media-amazon.com\/images\/S\/aplus-media-library-service-media\/b4c42598-3875-4dcf-8a5d-a61d57d2ea4a.__CR0,0,1464,600_PT0_SX1464_V1___.jpg\" alt=\"\u732b\u7802\" \/><img decoding=\"async\" src=\"https:\/\/m.media-amazon.com\/images\/S\/aplus-media-library-service-media\/7fc7c20a-834a-4e65-9c85-0f7ce0a5ab52.__CR0,0,1464,600_PT0_SX1464_V1___.jpg\" alt=\"\u732b\u7802\" \/><img decoding=\"async\" src=\"https:\/\/m.media-amazon.com\/images\/S\/aplus-media-library-service-media\/5d004cfa-3cce-49f8-ba91-d83015f4aa5e.__CR0,0,1464,600_PT0_SX1464_V1___.jpg\" alt=\"\u732b\u7802\" \/><img decoding=\"async\" src=\"https:\/\/m.media-amazon.com\/images\/S\/aplus-media-library-service-media\/12c38e64-b542-44e3-855e-d4c8c9fed0de.__CR0,0,1464,600_PT0_SX1464_V1___.jpg\" alt=\"\u732b\u7802\" \/><img decoding=\"async\" src=\"https:\/\/m.media-amazon.com\/images\/S\/aplus-media-library-service-media\/61ae2326-c73a-4f27-a8d6-c6cc40c2598e.__CR0,0,1464,600_PT0_SX1464_V1___.jpg\" alt=\"\u732b\u7802\" \/><img decoding=\"async\" src=\"https:\/\/m.media-amazon.com\/images\/S\/aplus-media-library-service-media\/05d36384-0cf1-476e-8e56-8a06abc5950f.__CR0,0,1464,600_PT0_SX1464_V1___.jpg\" alt=\"\u732b\u7802\" \/><img decoding=\"async\" src=\"https:\/\/m.media-amazon.com\/images\/S\/aplus-media-library-service-media\/c113a68b-44fa-44f6-9e62-f29b0ac1b024.__CR0,0,1464,600_PT0_SX1464_V1___.jpg\" alt=\"\u732b\u7802\" \/><\/span><\/span><\/li>\n<\/ul>\n<p>&nbsp;<\/p>\n<\/div>\n<\/div>\n<div id=\"provenanceCertifications_feature_div\" class=\"celwidget\" data-feature-name=\"provenanceCertifications\" data-csa-c-type=\"widget\" data-csa-c-content-id=\"provenanceCertifications\" data-csa-c-slot-id=\"provenanceCertifications_feature_div\" data-csa-c-asin=\"B0C1Z7WFR1\" data-csa-c-is-in-initial-active-row=\"false\" data-csa-c-id=\"vi8b7j-4flq3s-2ngdcj-omablu\" data-cel-widget=\"provenanceCertifications_feature_div\"><\/div>\n<div id=\"handmadeArtisanCard_feature_div\" class=\"celwidget\" data-feature-name=\"handmadeArtisanCard\" data-csa-c-type=\"widget\" data-csa-c-content-id=\"handmadeArtisanCard\" data-csa-c-slot-id=\"handmadeArtisanCard_feature_div\" data-csa-c-asin=\"B0C1Z7WFR1\" data-csa-c-is-in-initial-active-row=\"false\" data-csa-c-id=\"wnx7li-y15580-sjymuj-u85gke\" data-cel-widget=\"handmadeArtisanCard_feature_div\"><\/div>\n<div id=\"billOfMaterial_feature_div\" class=\"celwidget\" data-feature-name=\"billOfMaterial\" data-csa-c-type=\"widget\" data-csa-c-content-id=\"billOfMaterial\" data-csa-c-slot-id=\"billOfMaterial_feature_div\" data-csa-c-asin=\"B0C1Z7WFR1\" data-csa-c-is-in-initial-active-row=\"false\" data-csa-c-id=\"s8wlwh-6wc6vw-cxpm56-ert9tm\" data-cel-widget=\"billOfMaterial_feature_div\"><\/div>\n<div id=\"customerReviewsAttribute_feature_div\" class=\"celwidget\" data-feature-name=\"customerReviewsAttribute\" data-csa-c-type=\"widget\" data-csa-c-content-id=\"customerReviewsAttribute\" data-csa-c-slot-id=\"customerReviewsAttribute_feature_div\" data-csa-c-asin=\"B0C1Z7WFR1\" data-csa-c-is-in-initial-active-row=\"false\" data-csa-c-id=\"feb0pn-n6belf-3ql7vy-z3vzr4\" data-cel-widget=\"customerReviewsAttribute_feature_div\">\n<div class=\"cra-desktop-width\">\n<div class=\"a-row a-spacing-base\"><\/div>\n<\/div>\n<\/div>","protected":false},"excerpt":{"rendered":"<p>Informacje o produkcie:<\/p>\n<p>Dla jakiego pupila: Kot<\/p>\n<p>Zapach: Bia\u0142ej Herbaty<\/p>\n<p>Faza \u017cycia: Wszystkie etapy \u017cycia<\/p>\n<p>Kraj pochodzenia: Chiny<\/p>\n<p>Waga: 2.7 kg \/ 6 LB<\/p>\n<p>Zawarto\u015b\u0107: \u017bwirek dla kota tofu zmieszany z polimerem SAP<\/p>\n<p>Sk\u0142ad: \u0142uski sojowe, polimer SAP itp. 20% polimer i 80%tofu<\/p>\n<p>Okres przechowywania: 2 lata<\/p>\n<p>&nbsp;<\/p>","protected":false},"featured_media":8581,"comment_status":"open","ping_status":"closed","template":"","meta":{"om_disable_all_campaigns":false,"inline_featured_image":false},"product_brand":[],"product_cat":[37],"product_tag":[],"class_list":{"0":"post-5374","1":"product","2":"type-product","3":"status-publish","4":"has-post-thumbnail","6":"product_cat-fukumaru","8":"first","9":"outofstock","10":"sale","11":"taxable","12":"shipping-taxable","13":"purchasable","14":"product-type-variable","15":"has-default-attributes"},"_links":{"self":[{"href":"https:\/\/www.lanrel.pl\/pl\/wp-json\/wp\/v2\/product\/5374","targetHints":{"allow":["GET"]}}],"collection":[{"href":"https:\/\/www.lanrel.pl\/pl\/wp-json\/wp\/v2\/product"}],"about":[{"href":"https:\/\/www.lanrel.pl\/pl\/wp-json\/wp\/v2\/types\/product"}],"replies":[{"embeddable":true,"href":"https:\/\/www.lanrel.pl\/pl\/wp-json\/wp\/v2\/comments?post=5374"}],"wp:featuredmedia":[{"embeddable":true,"href":"https:\/\/www.lanrel.pl\/pl\/wp-json\/wp\/v2\/media\/8581"}],"wp:attachment":[{"href":"https:\/\/www.lanrel.pl\/pl\/wp-json\/wp\/v2\/media?parent=5374"}],"wp:term":[{"taxonomy":"product_brand","embeddable":true,"href":"https:\/\/www.lanrel.pl\/pl\/wp-json\/wp\/v2\/product_brand?post=5374"},{"taxonomy":"product_cat","embeddable":true,"href":"https:\/\/www.lanrel.pl\/pl\/wp-json\/wp\/v2\/product_cat?post=5374"},{"taxonomy":"product_tag","embeddable":true,"href":"https:\/\/www.lanrel.pl\/pl\/wp-json\/wp\/v2\/product_tag?post=5374"}],"curies":[{"name":"wp","href":"https:\/\/api.w.org\/{rel}","templated":true}]}}