{"id":5364,"date":"2024-10-23T03:57:35","date_gmt":"2024-10-22T19:57:35","guid":{"rendered":"http:\/\/124.220.101.44:1075\/?post_type=product&#038;p=5364"},"modified":"2025-11-20T20:30:35","modified_gmt":"2025-11-20T19:30:35","slug":"fukumaru-tofu-cat-littercorn%ef%bc%8c2-7-kg%ef%bc%8c-natural-unscented-dust-free-cat-litter-flushable-cat-litter-quick-clumping-lightweight-low-tracking-cat-litter-pellets-effective-odor-contro","status":"publish","type":"product","link":"https:\/\/www.lanrel.pl\/pl\/produkt\/fukumaru-tofu-cat-littercorn%ef%bc%8c2-7-kg%ef%bc%8c-natural-unscented-dust-free-cat-litter-flushable-cat-litter-quick-clumping-lightweight-low-tracking-cat-litter-pellets-effective-odor-contro\/","title":{"rendered":"FUKUMARU Tofu \u017bwirek Dla Kota ( Zapach Kukurydzy) 2.7 kg\/6 LB"},"content":{"rendered":"<div class=\"page\" title=\"\u7b2c 4 \u9875\">\n<div class=\"layoutArea\">\n<div class=\"column\">\n<h1>G\u0142o\u0301wne cechy:<\/h1>\n<p>* Naturalny, antybakteryjny i bezpieczny. Delikatny i \u015bwie\u017cy zapach nie dra\u017cni\u0105cy wra\u017cliwego powonienia zwierz\u0105t<\/p>\n<p>* \u017bwirek o du\u017cej szybko\u015bci wch\u0142aniania -1,5 sekundy i du\u017cej szybko\u015bci zbrylania do 3 sekund. szybka wch\u0142anialno\u015b\u0107 osi\u0105gni\u0119ta dzi\u0119ki porowatym w\u0142\u00f3knom ro\u015blinnym<\/p>\n<p>* Nadaje si\u0119 dla koci\u0105t<\/p>\n<p>* \u017bwirek dla kot\u00f3w Tofu z kukurydzy , wytwarzany z surowc\u00f3w naturalnych w 100% pochodzenia ro\u015blinnego, bezpieczny nawet , gdy kot spo\u017cyje ma\u0142\u0105 jego ilo\u015b\u0107.<\/p>\n<p>* Dzi\u0119ki 5 etapowemu procesowi odsiewania py\u0142u i zwi\u0119kszonej ilo\u015bci ziaren sojowych gwarantujemy poziom pylenia \u017cwirku mniejszy ni\u017c 5%<\/p>\n<p>*\u017bwirek FUKUMARU mo\u017ce by\u0107 utylizowany w toalecie oszcz\u0119dzaj\u0105c Tw\u00f3j czas ( dla przypomnienia: nie zaleca si\u0119 utylizowania w toalecie jednorazowej ilo\u015bci \u017cwirku wi\u0119kszej ni\u017c 200g)<\/p>\n<p>* \u017bwirek tofu jest biodegradowalny i bezpieczny dla \u015brodowiska. Mo\u017cna go wyrzuca\u0107 na kompostownik -nie przyczynia si\u0119 do zanieczyszczenia \u015brodowiska.<\/p>\n<h1>Opis produktu<\/h1>\n<\/div>\n<\/div>\n<\/div>\n<p><span class=\"a-list-item\"><img decoding=\"async\" src=\"https:\/\/m.media-amazon.com\/images\/S\/aplus-media-library-service-media\/8a7bcc97-930c-4f80-bd55-306b2bcd09de.__CR0,0,1464,600_PT0_SX1464_V1___.jpg\" alt=\"\u8c46\u8150\u732b\u7802\u7389\u7c73\" \/><\/span><\/p>\n<p><img decoding=\"async\" src=\"https:\/\/m.media-amazon.com\/images\/S\/aplus-media-library-service-media\/cec7c252-c7da-41ca-8dbb-7772f50b3d81.__CR0,0,1464,600_PT0_SX1464_V1___.jpg\" alt=\"\u8c46\u8150\u732b\u7802\u7389\u7c73\" \/><\/p>\n<p><img decoding=\"async\" src=\"https:\/\/m.media-amazon.com\/images\/S\/aplus-media-library-service-media\/419da4f8-e924-467e-8af4-6150a7d82f15.__CR0,0,1464,600_PT0_SX1464_V1___.jpg\" alt=\"\u8c46\u8150\u732b\u7802\u7389\u7c73\" \/><\/p>\n<p><img decoding=\"async\" src=\"https:\/\/m.media-amazon.com\/images\/S\/aplus-media-library-service-media\/5c1384dc-617a-4d5c-99c8-4ea3ef193b77.__CR0,0,1464,600_PT0_SX1464_V1___.jpg\" alt=\"\u8c46\u8150\u732b\u7802\u7389\u7c73\" \/><\/p>\n<p><img decoding=\"async\" src=\"https:\/\/m.media-amazon.com\/images\/S\/aplus-media-library-service-media\/c5678f1f-0f07-425e-a241-e963e1d6dc26.__CR0,0,1464,600_PT0_SX1464_V1___.jpg\" alt=\"\u732b\u7802\" \/><\/p>\n<p><img decoding=\"async\" src=\"https:\/\/m.media-amazon.com\/images\/S\/aplus-media-library-service-media\/2515eb88-77eb-4076-9168-3f7b54fba94f.__CR0,0,1464,600_PT0_SX1464_V1___.jpg\" alt=\"\u732b\u7802\" \/><\/p>","protected":false},"excerpt":{"rendered":"<p>Informacje o produkcie:<\/p>\n<p>Dla jakiego pupila: Kot<\/p>\n<p>Zapach: Kukurydza<\/p>\n<p>Faza \u017cycia: Wszystkie etapy \u017cycia<\/p>\n<p>Kraj pochodzenia: Chiny<\/p>\n<p>Waga: 2.7 kg \/ 6 LB<\/p>\n<p>sk\u0142ad: \u017bwirek dla kota tofu<\/p>\n<p>Sk\u0142adniki: \u0142uski sojowe, skrobia itd.<\/p>\n<p>Okres przechowywania: 2 lata<\/p>\n<p>&nbsp;<\/p>","protected":false},"featured_media":8578,"comment_status":"open","ping_status":"closed","template":"","meta":{"om_disable_all_campaigns":false,"inline_featured_image":false},"product_brand":[],"product_cat":[37],"product_tag":[],"class_list":{"0":"post-5364","1":"product","2":"type-product","3":"status-publish","4":"has-post-thumbnail","6":"product_cat-fukumaru","8":"first","9":"instock","10":"sale","11":"taxable","12":"shipping-taxable","13":"purchasable","14":"product-type-variable","15":"has-default-attributes"},"_links":{"self":[{"href":"https:\/\/www.lanrel.pl\/pl\/wp-json\/wp\/v2\/product\/5364","targetHints":{"allow":["GET"]}}],"collection":[{"href":"https:\/\/www.lanrel.pl\/pl\/wp-json\/wp\/v2\/product"}],"about":[{"href":"https:\/\/www.lanrel.pl\/pl\/wp-json\/wp\/v2\/types\/product"}],"replies":[{"embeddable":true,"href":"https:\/\/www.lanrel.pl\/pl\/wp-json\/wp\/v2\/comments?post=5364"}],"wp:featuredmedia":[{"embeddable":true,"href":"https:\/\/www.lanrel.pl\/pl\/wp-json\/wp\/v2\/media\/8578"}],"wp:attachment":[{"href":"https:\/\/www.lanrel.pl\/pl\/wp-json\/wp\/v2\/media?parent=5364"}],"wp:term":[{"taxonomy":"product_brand","embeddable":true,"href":"https:\/\/www.lanrel.pl\/pl\/wp-json\/wp\/v2\/product_brand?post=5364"},{"taxonomy":"product_cat","embeddable":true,"href":"https:\/\/www.lanrel.pl\/pl\/wp-json\/wp\/v2\/product_cat?post=5364"},{"taxonomy":"product_tag","embeddable":true,"href":"https:\/\/www.lanrel.pl\/pl\/wp-json\/wp\/v2\/product_tag?post=5364"}],"curies":[{"name":"wp","href":"https:\/\/api.w.org\/{rel}","templated":true}]}}