{"id":5345,"date":"2024-10-22T16:12:23","date_gmt":"2024-10-22T08:12:23","guid":{"rendered":"http:\/\/124.220.101.44:1075\/?post_type=product&#038;p=5345"},"modified":"2025-11-22T18:12:11","modified_gmt":"2025-11-22T17:12:11","slug":"fukumaru-tofu-cat-litter-18-lbs-flushable-cat-litter-clumping-dust-free-cat-litter-tofu-natural-unscented-low-tracking-cat-litter-pellets-24-7-odor-control-mixed-apple-wood-pellet","status":"publish","type":"product","link":"https:\/\/www.lanrel.pl\/pl\/produkt\/fukumaru-tofu-cat-litter-18-lbs-flushable-cat-litter-clumping-dust-free-cat-litter-tofu-natural-unscented-low-tracking-cat-litter-pellets-24-7-odor-control-mixed-apple-wood-pellet\/","title":{"rendered":"FUKUMARU MIESZANY \u017bWIREK DLA KOTA  ( DREWNO JAB\u0141ONI))  2.7 kg\/6 LB"},"content":{"rendered":"<div class=\"page\" title=\"\u7b2c 11 \u9875\">\n<div class=\"layoutArea\">\n<div class=\"column\">\n<h1>G\u0142o\u0301wne cechy:<\/h1>\n<p>*10-letnie surowe drewno jab\u0142oni pochodz\u0105ce z okolic 37 stopnia szeroko\u015bci geograficznej. Sypkie i porowate, wysoko absorpcyjne i wi\u0105\u017c\u0105ce wilgo\u0107<\/p>\n<p>* W\u0142\u00f3kna drewniane i z ro\u015blin str\u0105czkowych zapewniaj\u0105 podw\u00f3jny efekt zapachowy , szybk\u0105 absorpcj\u0119 p\u0142yn\u00f3w i zbrylanie wraz z d\u0142ugotrwa\u0142\u0105 ochron\u0105 antybakteryjn\u0105<\/p>\n<p>Kontrola zapachu 24\/7 \u2013 dodajemy granulat z drewna jab\u0142kowego, kt\u00f3ry jest naturalnym dezodoryzatorem \u017cwirku dla kot\u00f3w, przyjazny dla \u015brodowiska dla kot\u00f3w i ludzi. Mieszane 80% \u017cwirku dla kot\u00f3w sojowych i cz\u0105steczek dezodorantu, dzi\u0119ki czemu \u017cwirek dla kota tofu szybko wch\u0142ania mocz i zmniejsza nieprzyjemny zapach. Utrzymuj \u015bwie\u017cy zapach w domu<\/p>\n<p><b>* <\/b>Bezpieczny dla koci\u0105t<\/p>\n<p>* \u017bwirek FUKUMARU jest idealny w uz\u0307ytkowaniu zaro\u0301wno dla ludzi jak i koto\u0301w cierpia\u0328cych na alergie z uwagi na prawie 91,5 procentowa\u0328 bezpy\u0142owos\u0301c\u0301 i hypoalergiczny sk\u0142ad. Skutecznie zabezpiecza koty przed problemami ze strony uk\u0142adu oddechowego<\/p>\n<p>* FUKUMARU z\u0307wirek tofu moz\u0307e byc\u0301 utylizowany w toalecie co oszcze\u0328dza Two\u0301j czas ( dla przypomnienia: nie zaleca sie\u0328 wyrzucania do toalety jednorazowej ilos\u0301ci z\u0307wirku wie\u0328kszej niz\u0307 200g)<\/p>\n<p>* Ekologiczny, wytwarzany z odpad\u00f3w drewnianych z sad\u00f3w jab\u0142oni<\/p>\n<p><b>Uwagi: <\/b><\/p>\n<p>* Drewniane cz\u0105ski mog\u0105 by\u0107 \u0142atwiej wynoszone na \u0142apach przez koty z kuwety<\/p>\n<p>&nbsp;<\/p>\n<h1>Opis produktu<\/h1>\n<\/div>\n<\/div>\n<\/div>\n<p><img decoding=\"async\" src=\"https:\/\/m.media-amazon.com\/images\/S\/aplus-media-library-service-media\/3702b28e-8daf-4ce3-8418-d38d9de3f60f.__CR0,0,1464,600_PT0_SX1464_V1___.jpg\" alt=\"\u8c46\u8150\u732b\u7802 CL01-1\" \/><\/p>\n<p><img decoding=\"async\" src=\"https:\/\/m.media-amazon.com\/images\/S\/aplus-media-library-service-media\/38ca7f08-9e44-4674-9aaf-4bdf3f7abba7.__CR0,0,1464,600_PT0_SX1464_V1___.jpg\" alt=\"\u8c46\u8150\u732b\u7802 CL01-1\" \/><\/p>\n<p><img decoding=\"async\" src=\"https:\/\/m.media-amazon.com\/images\/S\/aplus-media-library-service-media\/02756420-2bba-4db7-bd45-9b60ddf3ce10.__CR0,0,1464,600_PT0_SX1464_V1___.jpg\" alt=\"\u8c46\u8150\u732b\u7802 CL01-1\" \/><\/p>\n<p><img decoding=\"async\" src=\"https:\/\/m.media-amazon.com\/images\/S\/aplus-media-library-service-media\/d16ee009-0b81-472e-b0fa-732ff22ec209.__CR0,0,1464,600_PT0_SX1464_V1___.jpg\" alt=\"\u8c46\u8150\u732b\u7802 CL01-1\" \/><\/p>\n<p><img decoding=\"async\" src=\"https:\/\/m.media-amazon.com\/images\/S\/aplus-media-library-service-media\/2b03227c-b6a2-4c98-88b6-3812ae182b0b.__CR0,0,1464,600_PT0_SX1464_V1___.jpg\" alt=\"\u8c46\u8150\u732b\u7802 CL01-1\" \/><\/p>\n<p><img decoding=\"async\" src=\"https:\/\/m.media-amazon.com\/images\/S\/aplus-media-library-service-media\/073ed55e-29ae-402f-b723-fd627e946f4a.__CR0,0,1464,600_PT0_SX1464_V1___.jpg\" alt=\"\u8c46\u8150\u732b\u7802 CL01-1\" \/><\/p>\n<p><img decoding=\"async\" src=\"https:\/\/m.media-amazon.com\/images\/S\/aplus-media-library-service-media\/2515eb88-77eb-4076-9168-3f7b54fba94f.__CR0,0,1464,600_PT0_SX1464_V1___.jpg\" alt=\"\u732b\u7802\" \/><\/p>","protected":false},"excerpt":{"rendered":"<p>Informacje o produkcie:<\/p>\n<p>Dla jakiego pupila: Kot<\/p>\n<p>Zapach: Delikatny zapach jab\u0142kowy<\/p>\n<p>Faza \u017cycia: Wszystkie etapy \u017cycia<\/p>\n<p>Kraj pochodzenia: Chiny<\/p>\n<p>Waga: 2.7 kg \/ 6 LB<\/p>\n<p>Zawarto\u015b\u0107: Naturalny \u017cwirek tofu wymieszany z peletami z drewna jab\u0142oni<\/p>\n<p>Sk\u0142ad: \u0142uski sojowe, drewno jab\u0142oni itp. 20% drewna i 80% tofu( soja)<\/p>\n<p>Okres przechowywania: 2 lata<\/p>\n<p>&nbsp;<\/p>","protected":false},"featured_media":8580,"comment_status":"open","ping_status":"closed","template":"","meta":{"om_disable_all_campaigns":false,"inline_featured_image":false},"product_brand":[],"product_cat":[37],"product_tag":[],"class_list":{"0":"post-5345","1":"product","2":"type-product","3":"status-publish","4":"has-post-thumbnail","6":"product_cat-fukumaru","8":"first","9":"instock","10":"sale","11":"taxable","12":"shipping-taxable","13":"purchasable","14":"product-type-variable","15":"has-default-attributes"},"_links":{"self":[{"href":"https:\/\/www.lanrel.pl\/pl\/wp-json\/wp\/v2\/product\/5345","targetHints":{"allow":["GET"]}}],"collection":[{"href":"https:\/\/www.lanrel.pl\/pl\/wp-json\/wp\/v2\/product"}],"about":[{"href":"https:\/\/www.lanrel.pl\/pl\/wp-json\/wp\/v2\/types\/product"}],"replies":[{"embeddable":true,"href":"https:\/\/www.lanrel.pl\/pl\/wp-json\/wp\/v2\/comments?post=5345"}],"wp:featuredmedia":[{"embeddable":true,"href":"https:\/\/www.lanrel.pl\/pl\/wp-json\/wp\/v2\/media\/8580"}],"wp:attachment":[{"href":"https:\/\/www.lanrel.pl\/pl\/wp-json\/wp\/v2\/media?parent=5345"}],"wp:term":[{"taxonomy":"product_brand","embeddable":true,"href":"https:\/\/www.lanrel.pl\/pl\/wp-json\/wp\/v2\/product_brand?post=5345"},{"taxonomy":"product_cat","embeddable":true,"href":"https:\/\/www.lanrel.pl\/pl\/wp-json\/wp\/v2\/product_cat?post=5345"},{"taxonomy":"product_tag","embeddable":true,"href":"https:\/\/www.lanrel.pl\/pl\/wp-json\/wp\/v2\/product_tag?post=5345"}],"curies":[{"name":"wp","href":"https:\/\/api.w.org\/{rel}","templated":true}]}}